{"id":17195,"date":"2024-09-24T15:24:43","date_gmt":"2024-09-24T20:24:43","guid":{"rendered":"https:\/\/carmelites.net\/?page_id=17195"},"modified":"2024-09-24T15:28:35","modified_gmt":"2024-09-24T20:28:35","slug":"support-test-2","status":"publish","type":"page","link":"https:\/\/carmelites.net\/zh\/support-test-2\/","title":{"rendered":"\u652f\u6301\u6d4b\u8bd5 2"},"content":{"rendered":"<ul class=\"wp-block-latest-posts__list wp-block-latest-posts\"><li><a class=\"wp-block-latest-posts__post-title\" href=\"https:\/\/carmelites.net\/zh\/friars\/adelmann-o-carm-edward\/\">\u963f\u5fb7\u5c14\u66fc\uff0cO.Carm.\uff0c\u7231\u5fb7\u534e<\/a><\/li>\n<li><a class=\"wp-block-latest-posts__post-title\" href=\"https:\/\/carmelites.net\/zh\/friars\/aditya-o-carm-dionislus-indonesia\/\">ADITYA\uff0cO.Carm.\uff0cDionisius\uff08\u5370\u5ea6\u5c3c\u897f\u4e9a\uff09<\/a><\/li>\n<li><a class=\"wp-block-latest-posts__post-title\" href=\"https:\/\/carmelites.net\/zh\/friars\/aguilar-o-carm-benjamin\/\">\u963f\u5409\u62c9\u5c14\uff0cO.Carm.\uff0c\u672c\u54c8\u660e<\/a><\/li>\n<li><a class=\"wp-block-latest-posts__post-title\" href=\"https:\/\/carmelites.net\/zh\/friars\/aguilar-o-carm-victor-hugo-andrade\/\">\u5b89\u5fb7\u70c8-\u963f\u5409\u62c9\u5c14\uff0cO.Carm.\uff0c\u7ef4\u514b\u591a-\u96e8\u679c<\/a><\/li>\n<li><a class=\"wp-block-latest-posts__post-title\" href=\"https:\/\/carmelites.net\/zh\/friars\/andres-o-carm-timothy\/\">\u5b89\u5fb7\u70c8\u65af\uff0cO.Carm.\uff0c\u63d0\u6469\u592a<\/a><\/li>\n<li><a class=\"wp-block-latest-posts__post-title\" href=\"https:\/\/carmelites.net\/zh\/friars\/armstrong-o-carm-anthony\/\">\u5b89\u4e1c\u5c3c-\u963f\u59c6\u65af\u58ee\uff0cO.Carm.<\/a><\/li>\n<li><a class=\"wp-block-latest-posts__post-title\" href=\"https:\/\/carmelites.net\/zh\/friars\/arroyo-aguilar-rodrigo-alejandro\/\">ARROYO AGUILAR, O.Carm., Rodrigo Alejandro<\/a><\/li>\n<li><a class=\"wp-block-latest-posts__post-title\" href=\"https:\/\/carmelites.net\/zh\/friars\/atcher-o-carm-joseph\/\">\u7ea6\u745f\u592b-\u963f\u5f7b\uff0cO.Carm.<\/a><\/li>\n<li><a class=\"wp-block-latest-posts__post-title\" href=\"https:\/\/carmelites.net\/zh\/friars\/aznaran-o-carm-sarmiento-rodolfo\/\">AZNAR\u00c1N SARMIENTO, O.Carm., Rodolfo<\/a><\/li>\n<li><a class=\"wp-block-latest-posts__post-title\" href=\"https:\/\/carmelites.net\/zh\/friars\/bacigalupo-del-corral-o-carm-miguel\/\">BACIGALUPO DEL CORRAL, O.Carm., Miguel<\/a><\/li>\n<li><a class=\"wp-block-latest-posts__post-title\" href=\"https:\/\/carmelites.net\/zh\/friars\/batsis-o-carm-thomas\/\">\u6258\u9a6c\u65af-\u5df4\u7279\u897f\uff0cO.Carm.<\/a><\/li>\n<li><a class=\"wp-block-latest-posts__post-title\" href=\"https:\/\/carmelites.net\/zh\/friars\/bauerle-o-carm-bernhard\/\">\u5b9d\u52d2\uff0cO.Carm.\uff0c\u4f2f\u6069\u54c8\u5fb7<\/a><\/li>\n<li><a class=\"wp-block-latest-posts__post-title\" href=\"https:\/\/carmelites.net\/zh\/friars\/belizario-o-carm-nelson\/\">\u8d1d\u5c14\u5229\u8428\u91cc\u5965\uff0cO.Carm.\uff0c\u7eb3\u5c14\u900a<\/a><\/li>\n<li><a class=\"wp-block-latest-posts__post-title\" href=\"https:\/\/carmelites.net\/zh\/friars\/bell-o-carm-eric\/\">\u8d1d\u5c14\uff0cO.Carm.\uff0c\u57c3\u91cc\u514b<\/a><\/li>\n<li><a class=\"wp-block-latest-posts__post-title\" href=\"https:\/\/carmelites.net\/zh\/friars\/bell-o-carm-marc\/\">\u8d1d\u5c14\uff0cO.Carm.\uff0c\u9a6c\u514b<\/a><\/li>\n<li><a class=\"wp-block-latest-posts__post-title\" href=\"https:\/\/carmelites.net\/zh\/friars\/bettinger-o-carm-eugene\/\">\u8d1d\u5ef7\u683c\uff0cO.Carm.\uff0c\u5c24\u91d1<\/a><\/li>\n<li><a class=\"wp-block-latest-posts__post-title\" href=\"https:\/\/carmelites.net\/zh\/friars\/bui-o-carm-joseph-tuan-st-elias\/\">BUI, O.Carm., Joseph Tuan (St. Elias)<\/a><\/li>\n<li><a class=\"wp-block-latest-posts__post-title\" href=\"https:\/\/carmelites.net\/zh\/friars\/cadena-p-o-carm-mario\/\">CADENA P\u00c9REZ\uff0cO.Carm.\uff0c\u9a6c\u91cc\u5965<\/a><\/li>\n<li><a class=\"wp-block-latest-posts__post-title\" href=\"https:\/\/carmelites.net\/zh\/friars\/caggiano-o-carm-kyrin\/\">\u5361\u5409\u4e9a\u8bfa\uff0cO.Carm.\uff0c\u67ef\u6797<\/a><\/li>\n<li><a class=\"wp-block-latest-posts__post-title\" href=\"https:\/\/carmelites.net\/zh\/friars\/carroll-o-carm-robert\/\">\u5361\u6d1b\u5c14\uff0cO.Carm.\uff0c\u7f57\u4f2f\u7279<\/a><\/li>\n<li><a class=\"wp-block-latest-posts__post-title\" href=\"https:\/\/carmelites.net\/zh\/friars\/castaneda-christopher\/\">\u514b\u91cc\u65af\u6258\u5f17-\u5361\u65af\u5854\u5185\u8fbe<\/a><\/li>\n<li><a class=\"wp-block-latest-posts__post-title\" href=\"https:\/\/carmelites.net\/zh\/friars\/chafloque-orozco-o-carm-raul-sharley\/\">\u67e5\u592b\u6d1b\u514b\u00b7\u5965\u7f57\u5179\u79d1\uff0c\u52a0\u5c14\u9ed8\u7f57\u4f1a\u4fee\u58eb\uff0c\u52b3\u5c14\u00b7\u6c99\u5229<\/a><\/li>\n<li><a class=\"wp-block-latest-posts__post-title\" href=\"https:\/\/carmelites.net\/zh\/friars\/cienfuegos-o-o-carm-henrry-mauricio\/\">CIENFUEGOS OSTORGA, O.Carm., Henrry Mauricio<\/a><\/li>\n<li><a class=\"wp-block-latest-posts__post-title\" href=\"https:\/\/carmelites.net\/zh\/friars\/cilia-o-carm-jose\/\">\u897f\u5229\u4e9a\uff0cO.Carm.\uff0c\u4f55\u585e<\/a><\/li>\n<li><a class=\"wp-block-latest-posts__post-title\" href=\"https:\/\/carmelites.net\/zh\/friars\/samuel-citero-o-carm\/\">\u897f\u7279\u7f57\uff0cO.Carm.\uff0c\u585e\u7f2a\u5c14<\/a><\/li>\n<li><a class=\"wp-block-latest-posts__post-title\" href=\"https:\/\/carmelites.net\/zh\/friars\/clennon-o-carm-raymond\/\">\u514b\u4f26\u519c\uff0cO.Carm.\uff0c\u96f7\u8499\u5fb7<\/a><\/li>\n<li><a class=\"wp-block-latest-posts__post-title\" href=\"https:\/\/carmelites.net\/zh\/friars\/colaresi-o-carm-robert\/\">\u79d1\u62c9\u96f7\u897f\uff0cO.Carm.\uff0c\u7f57\u4f2f\u7279<\/a><\/li>\n<li><a class=\"wp-block-latest-posts__post-title\" href=\"https:\/\/carmelites.net\/zh\/friars\/conlisk-o-carm-neil\/\">\u5eb7\u5229\u65af\u514b\uff0cO.Carm.\uff0c\u5c3c\u5c14<\/a><\/li>\n<li><a class=\"wp-block-latest-posts__post-title\" href=\"https:\/\/carmelites.net\/zh\/friars\/conners-o-carm-quinn\/\">\u5eb7\u7eb3\u65af\uff0cO.Carm.\uff0c\u594e\u6069<\/a><\/li>\n<li><a class=\"wp-block-latest-posts__post-title\" href=\"https:\/\/carmelites.net\/zh\/friars\/constante-q-o-carm-jose-benjamin\/\">CONSTANTE QUEZADA.\uff0cO.Carm.\uff0cJos\u00e9 Benjam\u00edn<\/a><\/li>\n<li><a class=\"wp-block-latest-posts__post-title\" href=\"https:\/\/carmelites.net\/zh\/friars\/diaz-e-o-carm-eduardo-antonia\/\">D\u00cdAZ ESPINOZA, O.Carm., Eduardo Antonio<\/a><\/li>\n<li><a class=\"wp-block-latest-posts__post-title\" href=\"https:\/\/carmelites.net\/zh\/friars\/diaz-romero-walter-vladimir\/\">\u8fea\u4e9a\u65af-\u7f57\u6885\u7f57\uff0c\u6c83\u5c14\u7279-\u5f17\u62c9\u57fa\u7c73\u5c14<\/a><\/li>\n<li><a class=\"wp-block-latest-posts__post-title\" href=\"https:\/\/carmelites.net\/zh\/friars\/do-o-carm-joseph-trung-st-elias\/\">DO, O.Carm., Joseph Trung (St. Elias)<\/a><\/li>\n<li><a class=\"wp-block-latest-posts__post-title\" href=\"https:\/\/carmelites.net\/zh\/friars\/fidelus-o-carm-lawrence\/\">\u8d39\u5fb7\u9c81\u65af\uff0cO.Carm.\uff0c\u52b3\u4f26\u65af<\/a><\/li>\n<li><a class=\"wp-block-latest-posts__post-title\" href=\"https:\/\/carmelites.net\/zh\/friars\/flores-landaverde-o-carm-kevin-alexander\/\">\u5f17\u6d1b\u96f7\u65af-\u5170\u8fbe\u7ef4\u5fb7\uff0cO.C.\uff0c\u51ef\u6587-\u4e9a\u5386\u5c71\u5927<\/a><\/li>\n<li><a class=\"wp-block-latest-posts__post-title\" href=\"https:\/\/carmelites.net\/zh\/friars\/fontaine-o-carm-david\/\">\u65b9\u4e39\uff0cO.Carm.\uff0c\u5927\u536b<\/a><\/li>\n<li><a class=\"wp-block-latest-posts__post-title\" href=\"https:\/\/carmelites.net\/zh\/friars\/franco-g-o-carm-emanuel\/\">\u5f17\u5170\u79d1-\u6208\u9ea6\u65af\uff0cO.C.C.\uff0c\u4f0a\u66fc\u7ebd\u5c14-\"\u9a6c\u52aa\"<\/a><\/li>\n<li><a class=\"wp-block-latest-posts__post-title\" href=\"https:\/\/carmelites.net\/zh\/friars\/garcia-o-carm-rogelio\/\">\u52a0\u897f\u4e9a-\u963f\u68ee\u897f\u5965\uff0cO.C., \u7f57\u8d6b\u7565<\/a><\/li>\n<li><a class=\"wp-block-latest-posts__post-title\" href=\"https:\/\/carmelites.net\/zh\/friars\/garcia-h-o-carm-david-ulises\/\">\u52a0\u897f\u4e9a-\u57c3\u5c14\u5357\u5fb7\u65af\uff08GARC\u00cdA HERN\u00c1NDEZ.<\/a><\/li>\n<li><a class=\"wp-block-latest-posts__post-title\" href=\"https:\/\/carmelites.net\/zh\/friars\/gavin-o-carm-emmett\/\">\u52a0\u6587\uff0cO.Carm.\uff0c\u57c3\u7c73\u7279<\/a><\/li>\n<li><a class=\"wp-block-latest-posts__post-title\" href=\"https:\/\/carmelites.net\/zh\/friars\/gavin-o-carm-patrick\/\">\u52a0\u6587\uff0cO.Carm.\uff0c\u5e15\u7279\u91cc\u514b<\/a><\/li>\n<li><a class=\"wp-block-latest-posts__post-title\" href=\"https:\/\/carmelites.net\/zh\/friars\/geaney-o-carm-james\/\">\u5409\u5b89\u5c3c\uff0cO.Carm.\uff0c\u8a79\u59c6\u65af<\/a><\/li>\n<li><a class=\"wp-block-latest-posts__post-title\" href=\"https:\/\/carmelites.net\/zh\/friars\/genders-o-carm-david\/\">\u5927\u536b-\u6839\u5fb7\u65af\uff0cO.Carm.<\/a><\/li>\n<li><a class=\"wp-block-latest-posts__post-title\" href=\"https:\/\/carmelites.net\/zh\/friars\/giron-lopez-o-carm-noe-marcelo\/\">GIR\u00d3N LOPEZ, O.Carm., No\u00e9 Marcelo<\/a><\/li>\n<li><a class=\"wp-block-latest-posts__post-title\" href=\"https:\/\/carmelites.net\/zh\/friars\/glueckert-o-carm-leopold\/\">\u683c\u9c81\u514b\u7279\uff0cO.Carm.\uff0c\u5229\u5965\u6ce2\u5fb7<\/a><\/li>\n<li><a class=\"wp-block-latest-posts__post-title\" href=\"https:\/\/carmelites.net\/zh\/friars\/gonzalez-cabrera-o-carm-daniel-ulises\/\">\u5188\u8428\u96f7\u65af-\u5361\u5e03\u96f7\u62c9\uff0cO.C.\uff0c\u4e39\u5c3c\u5c14-\u4e4c\u5229\u585e\u65af<\/a><\/li>\n<li><a class=\"wp-block-latest-posts__post-title\" href=\"https:\/\/carmelites.net\/zh\/friars\/greenwell-o-carm-michael\/\">\u683c\u6797\u5a01\u5c14\uff0cO.Carm\uff0c\u8fc8\u514b\u5c14<\/a><\/li>\n<li><a class=\"wp-block-latest-posts__post-title\" href=\"https:\/\/carmelites.net\/zh\/friars\/guerrero-c-o-carm-floristan\/\">GUERRERO CRUZ\uff0cO.Carm.\uff0c\u82b1\u5320<\/a><\/li>\n<li><a class=\"wp-block-latest-posts__post-title\" href=\"https:\/\/carmelites.net\/zh\/friars\/guillen-sandoval-o-carm-alfredo\/\">\u6842\u4f26-\u6851\u591a\u74e6\uff0cO.C.\uff0c\u963f\u5c14\u5f17\u96f7\u591a<\/a><\/li>\n<li><a class=\"wp-block-latest-posts__post-title\" href=\"https:\/\/carmelites.net\/zh\/friars\/gummess-o-carm-matthew\/\">\u53e4\u59c6\u65af\uff0cO.Carm.\uff0c\u9a6c\u4fee<\/a><\/li>\n<li><a class=\"wp-block-latest-posts__post-title\" href=\"https:\/\/carmelites.net\/zh\/friars\/hakala-o-carm-thomas\/\">\u6258\u9a6c\u65af-\u54c8\u5361\u62c9\uff0cO.Carm.<\/a><\/li>\n<li><a class=\"wp-block-latest-posts__post-title\" href=\"https:\/\/carmelites.net\/zh\/friars\/harrington-o-carm-ashley\/\">\u54c8\u7075\u987f\uff0cO.Carm.\uff0c\u963f\u4ec0\u5229<\/a><\/li>\n<li><a class=\"wp-block-latest-posts__post-title\" href=\"https:\/\/carmelites.net\/zh\/friars\/harry-o-carm-william\/\">\u54c8\u91cc\uff0cO.Carm.\uff0c\u5a01\u5ec9-\"\u6bd4\u5c14\"<\/a><\/li>\n<li><a class=\"wp-block-latest-posts__post-title\" href=\"https:\/\/carmelites.net\/zh\/friars\/henden-o-carm-brian\/\">\u4ea8\u767b\uff0cO.Carm.\uff0c\u5e03\u83b1\u6069<\/a><\/li>\n<li><a class=\"wp-block-latest-posts__post-title\" href=\"https:\/\/carmelites.net\/zh\/friars\/hernandez-c-o-carm-santos-cecilio\/\">\u57c3\u5c14\u5357\u5fb7\u65af-\u5361\u5170\u8428\uff0cO.C.\uff0c\u6851\u6258\u65af-\u585e\u897f\u5229\u5965<\/a><\/li>\n<li><a class=\"wp-block-latest-posts__post-title\" href=\"https:\/\/carmelites.net\/zh\/friars\/hernandez-ramirez-o-carm-adrian\/\">HERN\u00c1NDEZ RAM\u00cdREZ, O.Carm., Adri\u00e1n<\/a><\/li>\n<li><a class=\"wp-block-latest-posts__post-title\" href=\"https:\/\/carmelites.net\/zh\/friars\/hibner-o-carm-cyprian\/\">\u5e0c\u4f2f\u7eb3\uff0cO.Carm.\uff0c\u585e\u6d66\u8def\u65af\u4eba<\/a><\/li>\n<li><a class=\"wp-block-latest-posts__post-title\" href=\"https:\/\/carmelites.net\/zh\/friars\/houck-o-carm-gregory\/\">HOUCK, O.Carm., Gregory<\/a><\/li>\n<li><a class=\"wp-block-latest-posts__post-title\" href=\"https:\/\/carmelites.net\/zh\/friars\/huard-o-carm-leo\/\">\u80e1\u5c14\u5fb7\uff0cO.Carm.\uff0c\u91cc\u5965<\/a><\/li>\n<li><a class=\"wp-block-latest-posts__post-title\" href=\"https:\/\/carmelites.net\/zh\/friars\/jeffery-nicholas-matthew\/\">\u6770\u5f17\u91cc\uff0c\u5c3c\u53e4\u62c9\u65af-\u9a6c\u4fee<\/a><\/li>\n<li><a class=\"wp-block-latest-posts__post-title\" href=\"https:\/\/carmelites.net\/zh\/friars\/jones-o-carm-herbert\/\">\u743c\u65af\uff0cO.Carm.\uff0c\u8d6b\u4f2f\u7279<\/a><\/li>\n<li><a class=\"wp-block-latest-posts__post-title\" href=\"https:\/\/carmelites.net\/zh\/friars\/jordan-o-carm-thomas\/\">\u4e54\u4e39\uff0cO.Carm.\uff0c\u6258\u9a6c\u65af<\/a><\/li>\n<li><a class=\"wp-block-latest-posts__post-title\" href=\"https:\/\/carmelites.net\/zh\/friars\/joya-o-carm-boris-italy\/\">JOYA ORDO\u00d1EZ, O.Carm., Boris Ferney (\u610f\u5927\u5229)<\/a><\/li>\n<li><a class=\"wp-block-latest-posts__post-title\" href=\"https:\/\/carmelites.net\/zh\/friars\/joyce-o-carm-michael\/\">\u4e54\u4f0a\u65af\uff0cO.Carm.\uff0c\u8fc8\u514b\u5c14<\/a><\/li>\n<li><a class=\"wp-block-latest-posts__post-title\" href=\"https:\/\/carmelites.net\/zh\/friars\/kinzler-o-carm-herman\/\">\u91d1\u5179\u52d2\uff0cO.Carm.\uff0c\u8d6b\u5c14\u66fc<\/a><\/li>\n<li><a class=\"wp-block-latest-posts__post-title\" href=\"https:\/\/carmelites.net\/zh\/friars\/klein-o-carm-gregory\/\">\u514b\u6797\uff0cO.Carm.\uff0c\u683c\u96f7\u6208\u91cc<\/a><\/li>\n<li><a class=\"wp-block-latest-posts__post-title\" href=\"https:\/\/carmelites.net\/zh\/friars\/kristiputro-o-carm-matheus-agung\/\">KRISTIPUTRO, O.Carm., Matheus Agung\uff08\u5370\u5ea6\u5c3c\u897f\u4e9a\uff09<\/a><\/li>\n<li><a class=\"wp-block-latest-posts__post-title\" href=\"https:\/\/carmelites.net\/zh\/friars\/krowa-o-carm-emanuel-ewaldus\/\">\u514b\u7f57\u74e6\uff0cO.Carm.\uff0c\u4f0a\u66fc\u7ebd\u5c14-\u57c3\u74e6\u5c14\u5fb7\u65af\uff08\u5370\u5ea6\u5c3c\u897f\u4e9a\uff09<\/a><\/li>\n<li><a class=\"wp-block-latest-posts__post-title\" href=\"https:\/\/carmelites.net\/zh\/friars\/kulig-o-carm-christopher\/\">\u5e93\u5229\u683c\uff0cO.Carm.\uff0c\u514b\u91cc\u65af\u6258\u5f17<\/a><\/li>\n<li><a class=\"wp-block-latest-posts__post-title\" href=\"https:\/\/carmelites.net\/zh\/friars\/kwiecien-o-carm-michael\/\">KWIECIEN, O.Carm., Michael<\/a><\/li>\n<li><a class=\"wp-block-latest-posts__post-title\" href=\"https:\/\/carmelites.net\/zh\/friars\/lafey-o-carm-kevin\/\">LAFEY, O.Carm., Kevin<\/a><\/li>\n<li><a class=\"wp-block-latest-posts__post-title\" href=\"https:\/\/carmelites.net\/zh\/friars\/laguna-v-o-carm-enrique\/\">\u62c9\u53e4\u7eb3-\u5df4\u5c14\u52a0\u65af\uff0cO.Carm.\uff0c\u6069\u91cc\u514b<\/a><\/li>\n<li><a class=\"wp-block-latest-posts__post-title\" href=\"https:\/\/carmelites.net\/zh\/friars\/lewis-o-carm-james\/\">\u5218\u6613\u65af\uff0cO.Carm.\uff0c\u8a79\u59c6\u65af<\/a><\/li>\n<li><a class=\"wp-block-latest-posts__post-title\" href=\"https:\/\/carmelites.net\/zh\/friars\/lezama-a-o-carm-edgar-lucio\/\">\u83b1\u8428\u9a6c-\u963f\u5e15\u91cc\u897f\u5965\uff0cO.C.\uff0c\u57c3\u5fb7\u52a0-\u5362\u897f\u5965-\"\u5362\u4e54\"<\/a><\/li>\n<li><a class=\"wp-block-latest-posts__post-title\" href=\"https:\/\/carmelites.net\/zh\/friars\/lineros-villarreal-ricardo-alejandro\/\">LINEROS VILLARREAL, O.Carm., Ricardo Alejandro<\/a><\/li>\n<li><a class=\"wp-block-latest-posts__post-title\" href=\"https:\/\/carmelites.net\/zh\/friars\/liuzzi-o-carm-peter\/\">\u5218\u9f50\uff0cO.Carm.\uff0c\u5f7c\u5f97<\/a><\/li>\n<li><a class=\"wp-block-latest-posts__post-title\" href=\"https:\/\/carmelites.net\/zh\/friars\/lopez-o-carm-mario\/\">\u9a6c\u91cc\u5965-\u6d1b\u4f69\u65af\uff0cO.Carm.<\/a><\/li>\n<li><a class=\"wp-block-latest-posts__post-title\" href=\"https:\/\/carmelites.net\/zh\/friars\/loya-c-o-carm-mario\/\">LOYA CABADILLA, O.Carm., Mario<\/a><\/li>\n<li><a class=\"wp-block-latest-posts__post-title\" href=\"https:\/\/carmelites.net\/zh\/friars\/makacinas-o-carm-stanley\/\">\u9a6c\u5361\u5947\u7eb3\u65af\uff0cO.Carm.\uff0c\u65af\u5766\u5229<\/a><\/li>\n<li><a class=\"wp-block-latest-posts__post-title\" href=\"https:\/\/carmelites.net\/zh\/friars\/maravi-c-o-carm-raul\/\">\u9a6c\u62c9\u7ef4-\u5361\u5e03\u96f7\u62c9\uff0cO.C.\uff0c\u52b3\u5c14<\/a><\/li>\n<li><a class=\"wp-block-latest-posts__post-title\" href=\"https:\/\/carmelites.net\/zh\/friars\/carl-j-markelz-o-carm\/\">\u5361\u5c14-\u9a6c\u51ef\u5c14\u5179\uff0cO.Carm.<\/a><\/li>\n<li><a class=\"wp-block-latest-posts__post-title\" href=\"https:\/\/carmelites.net\/zh\/friars\/martinez-herrera-juan-jose\/\">\u9a6c\u4e01\u5185\u65af-\u57c3\u5c14\u5357\u5fb7\u65af\uff0cO.C.\uff0c\u80e1\u5b89-\u4f55\u585e<\/a><\/li>\n<li><a class=\"wp-block-latest-posts__post-title\" href=\"https:\/\/carmelites.net\/zh\/friars\/mccarthy-o-carm-joseph\/\">\u9ea6\u5361\u9521\uff0cO.Carm.\uff0c\u7ea6\u745f\u592b<\/a><\/li>\n<li><a class=\"wp-block-latest-posts__post-title\" href=\"https:\/\/carmelites.net\/zh\/friars\/david-mcevoy-o-carm\/\">\u9ea6\u514b\u6c83\u4f0a\uff0cO.Carm.\uff0c\u5927\u536b<\/a><\/li>\n<li><a class=\"wp-block-latest-posts__post-title\" href=\"https:\/\/carmelites.net\/zh\/friars\/mcgarry-o-carm-peter\/\">\u9ea6\u514b\u52a0\u91cc\uff0cO.Carm.\uff0c\u5f7c\u5f97<\/a><\/li>\n<li><a class=\"wp-block-latest-posts__post-title\" href=\"https:\/\/carmelites.net\/zh\/friars\/mcginnis-o-carm-david\/\">\u9ea6\u91d1\u5c3c\u65af\uff0cO.Carm.\uff0c\u5927\u536b<\/a><\/li>\n<li><a class=\"wp-block-latest-posts__post-title\" href=\"https:\/\/carmelites.net\/zh\/friars\/melara-m-o-carm-roger\/\">MELARA MONDRAG\u00d3N, O.Carm., Roger Stanley<\/a><\/li>\n<li><a class=\"wp-block-latest-posts__post-title\" href=\"https:\/\/carmelites.net\/zh\/friars\/melendez-l-o-carm-juan-carlos\/\">MEL\u00c9NDEZ LANDAVERDE, O.Carm., Juan Carlos<\/a><\/li>\n<li><a class=\"wp-block-latest-posts__post-title\" href=\"https:\/\/carmelites.net\/zh\/friars\/mendez-lopez-oscar-alejandro\/\">M\u00c9NDEZ L\u00d3PEZ, Oscar Alejandro<\/a><\/li>\n<li><a class=\"wp-block-latest-posts__post-title\" href=\"https:\/\/carmelites.net\/zh\/friars\/mendez-r-o-carm-santos-antolino\/\">\u95e8\u5fb7\u65af-\u62c9\u7c73\u96f7\u65af\uff0cO.C.\uff0c\u6851\u6258\u65af-\u5b89\u6258\u5229\u8bfa<\/a><\/li>\n<li><a class=\"wp-block-latest-posts__post-title\" href=\"https:\/\/carmelites.net\/zh\/friars\/menjivar-l-o-carm-jose-aristides\/\">MENJIVAR LARIOS, O.Carm., Jos\u00e9 Ar\u00edstides<\/a><\/li>\n<li><a class=\"wp-block-latest-posts__post-title\" href=\"https:\/\/carmelites.net\/zh\/friars\/mira-padilla-o-carm-pedro-antonio\/\">\u7c73\u62c9-\u5e15\u8fea\u62c9\uff0cO.Carm.\uff0c\u4f69\u5fb7\u7f57-\u5b89\u4e1c\u5c3c\u5965<\/a><\/li>\n<li><a class=\"wp-block-latest-posts__post-title\" href=\"https:\/\/carmelites.net\/zh\/friars\/jorge-monterroso-merida-o-carm\/\">MONTERROSO M\u00c9RIDA, O.Carm., Jorge<\/a><\/li>\n<li><a class=\"wp-block-latest-posts__post-title\" href=\"https:\/\/carmelites.net\/zh\/friars\/montes-r-o-carm-bertoliny-alexander\/\">\u8499\u7279\u65af-\u62c9\u83ab\u65af\uff0cO.C.\uff0c\u8d1d\u5c14\u6258\u5229\u5c3c-\u4e9a\u5386\u5c71\u5927<\/a><\/li>\n<li><a class=\"wp-block-latest-posts__post-title\" href=\"https:\/\/carmelites.net\/zh\/friars\/morrison-o-carm-craig\/\">\u83ab\u91cc\u68ee\uff0cO.Carm.\uff0c\u514b\u96f7\u683c<\/a><\/li>\n<li><a class=\"wp-block-latest-posts__post-title\" href=\"https:\/\/carmelites.net\/zh\/friars\/mulhall-o-carm-michael\/\">\u8fc8\u514b\u5c14-\u7a46\u5c14\u54c8\u5c14\uff0cO.Carm.<\/a><\/li>\n<li><a class=\"wp-block-latest-posts__post-title\" href=\"https:\/\/carmelites.net\/zh\/friars\/munoz-oliden-juan-diego\/\">\u7a46\u5c3c\u5965\u65af-\u5965\u5229\u767b\uff0cO.C.\uff0c\u80e1\u5b89-\u8fed\u6208-\"\u80e1\u5b89-\u8fea\"<\/a><\/li>\n<li><a class=\"wp-block-latest-posts__post-title\" href=\"https:\/\/carmelites.net\/zh\/friars\/murphy-o-carm-thomas\/\">\u9ed8\u83f2\uff0cO.Carm.\uff0c\u6258\u9a6c\u65af<\/a><\/li>\n<li><a class=\"wp-block-latest-posts__post-title\" href=\"https:\/\/carmelites.net\/zh\/friars\/nguyen-o-carm-john-truc-st-elias\/\">\u5434\u6069\uff0cO.C.\uff0c\u7ea6\u7ff0-\u695a\u514b\uff08\u5723\u4f0a\u83b1\u4e9a\u65af\uff09<\/a><\/li>\n<li><a class=\"wp-block-latest-posts__post-title\" href=\"https:\/\/carmelites.net\/zh\/friars\/nguyen-o-carm-joseph-tung-st-elias\/\">\u7fc1\u6e90\uff0cO.Carm.\uff0c\u8463\u7ea6\u745f\uff08\u5723\u4f0a\u5229\u4e9a\u65af\uff09<\/a><\/li>\n<\/ul>\n\n\n<p><\/p>","protected":false},"excerpt":{"rendered":"","protected":false},"author":10,"featured_media":0,"parent":0,"menu_order":0,"comment_status":"closed","ping_status":"closed","template":"","meta":{"rs_blank_template":"","rs_page_bg_color":"","slide_template_v7":"","_analytify_skip_tracking":false,"footnotes":""},"class_list":["post-17195","page","type-page","status-publish","hentry"],"aioseo_notices":[],"_links":{"self":[{"href":"https:\/\/carmelites.net\/zh\/wp-json\/wp\/v2\/pages\/17195","targetHints":{"allow":["GET"]}}],"collection":[{"href":"https:\/\/carmelites.net\/zh\/wp-json\/wp\/v2\/pages"}],"about":[{"href":"https:\/\/carmelites.net\/zh\/wp-json\/wp\/v2\/types\/page"}],"author":[{"embeddable":true,"href":"https:\/\/carmelites.net\/zh\/wp-json\/wp\/v2\/users\/10"}],"replies":[{"embeddable":true,"href":"https:\/\/carmelites.net\/zh\/wp-json\/wp\/v2\/comments?post=17195"}],"version-history":[{"count":3,"href":"https:\/\/carmelites.net\/zh\/wp-json\/wp\/v2\/pages\/17195\/revisions"}],"predecessor-version":[{"id":17202,"href":"https:\/\/carmelites.net\/zh\/wp-json\/wp\/v2\/pages\/17195\/revisions\/17202"}],"wp:attachment":[{"href":"https:\/\/carmelites.net\/zh\/wp-json\/wp\/v2\/media?parent=17195"}],"curies":[{"name":"wp","href":"https:\/\/api.w.org\/{rel}","templated":true}]}}