{"id":324,"date":"2021-08-06T00:26:55","date_gmt":"2021-08-06T00:26:55","guid":{"rendered":"https:\/\/carmelites.net\/?page_id=324"},"modified":"2021-08-06T00:33:46","modified_gmt":"2021-08-06T00:33:46","slug":"provincial-council-goals","status":"publish","type":"page","link":"https:\/\/carmelites.net\/it\/provincial-council-goals\/","title":{"rendered":"Obiettivi del Consiglio Provinciale \u00a0"},"content":{"rendered":"<p><strong><img loading=\"lazy\" decoding=\"async\" class=\"wp-image-326 size-fusion-400 alignright\" src=\"http:\/\/carmelites.net\/wp-content\/uploads\/2021\/08\/vocations-400x267.jpg\" alt=\"\" width=\"400\" height=\"267\" srcset=\"https:\/\/carmelites.net\/wp-content\/uploads\/2021\/08\/vocations-400x267.jpg 400w, https:\/\/carmelites.net\/wp-content\/uploads\/2021\/08\/vocations-300x200.jpg 300w, https:\/\/carmelites.net\/wp-content\/uploads\/2021\/08\/vocations-768x512.jpg 768w, https:\/\/carmelites.net\/wp-content\/uploads\/2021\/08\/vocations-200x133.jpg 200w, https:\/\/carmelites.net\/wp-content\/uploads\/2021\/08\/vocations-600x400.jpg 600w, https:\/\/carmelites.net\/wp-content\/uploads\/2021\/08\/vocations-800x533.jpg 800w, https:\/\/carmelites.net\/wp-content\/uploads\/2021\/08\/vocations.jpg 900w\" sizes=\"auto, (max-width: 400px) 100vw, 400px\" \/>Concentrarsi sulle vocazioni<\/strong> | <em>Le nuove vocazioni al Carmelo sono il fondamento del nostro futuro provinciale; perci\u00f2 ci impegniamo a: <\/em><\/p>\n<ul>\n<li>Continuare gli sforzi vocazionali proattivi in Per\u00f9, Messico e El Salvador, mentre si stabiliscono nuovi ministeri in queste aree.<\/li>\n<li>Energizzare una campagna vocazionale negli Stati Uniti e in Canada con una squadra vocazionale allargata. Inizieremo uno studio completo della nostra attuale vocazione e degli sforzi di formazione per capire meglio e rispondere pi\u00f9 efficacemente alla nostra realt\u00e0 attuale.<\/li>\n<li>Organizzare una nuova campagna mediatica per massimizzare il potenziale dei media digitali e sociali. Tutti i nostri sforzi di comunicazione provinciale terranno presente la priorit\u00e0 di raggiungere le vocazioni potenziali.<\/li>\n<li>Stabilire una nuova campagna di preghiera per le vocazioni provinciali che coinvolga gli uomini della Provincia, le suore e le monache carmelitane, i carmelitani laici, i membri della Societ\u00e0 del Piccolo Fiore e coloro che prestano servizio nelle nostre parrocchie, nelle scuole superiori, nei centri di ritiro e nei vari ministeri della Provincia.<\/li>\n<li>Avviare un programma estivo per i giovani delle scuole superiori dei nostri vari ministeri per promuovere il carisma carmelitano e le potenziali vocazioni future.<\/li>\n<\/ul>\n<p><strong><img loading=\"lazy\" decoding=\"async\" class=\"size-fusion-400 wp-image-328 alignright\" src=\"http:\/\/carmelites.net\/wp-content\/uploads\/2021\/08\/fraternal-1-400x267.jpg\" alt=\"\" width=\"400\" height=\"267\" srcset=\"https:\/\/carmelites.net\/wp-content\/uploads\/2021\/08\/fraternal-1-400x267.jpg 400w, https:\/\/carmelites.net\/wp-content\/uploads\/2021\/08\/fraternal-1-300x200.jpg 300w, https:\/\/carmelites.net\/wp-content\/uploads\/2021\/08\/fraternal-1-768x512.jpg 768w, https:\/\/carmelites.net\/wp-content\/uploads\/2021\/08\/fraternal-1-200x133.jpg 200w, https:\/\/carmelites.net\/wp-content\/uploads\/2021\/08\/fraternal-1-600x400.jpg 600w, https:\/\/carmelites.net\/wp-content\/uploads\/2021\/08\/fraternal-1-800x533.jpg 800w, https:\/\/carmelites.net\/wp-content\/uploads\/2021\/08\/fraternal-1.jpg 900w\" sizes=\"auto, (max-width: 400px) 100vw, 400px\" \/>Migliorare l'integrazione fraterna<\/strong> di tutti i carmelitani della nostra provincia | <em>Poich\u00e9 gli uomini della Provincia PCM svolgono il loro ministero negli Stati Uniti, in Canada, in Per\u00f9, in Messico e nel Salvador, lavoreremo per l'integrazione di tutti i gruppi nazionali che formano la nostra identit\u00e0 provinciale.  Pertanto, ci impegniamo a<\/em><\/p>\n<ul>\n<li>Espandere la comunicazione bilingue in inglese e spagnolo nella nostra provincia.<\/li>\n<li>Continuare gli studi linguistici e le esperienze internazionali all'interno della nostra Provincia per tutti i nostri uomini, in particolare quelli in formazione iniziale, per promuovere una maggiore comprensione culturale e linguistica.<\/li>\n<li>Incoraggiare la partecipazione dei carmelitani di ogni parte della nostra Provincia ai capitoli provinciali, alle commissioni, al Consiglio Provinciale, ecc.<\/li>\n<li>Fornire esperienze di tirocinio pastorale negli Stati Uniti e in Canada per i nostri uomini latinoamericani in formazione, e in Per\u00f9, Messico e El Salvador per i nostri fratelli statunitensi e canadesi.<\/li>\n<li>Fornire futuri incarichi ministeriali negli Stati Uniti e in Canada per i nostri uomini latinoamericani e in Per\u00f9, Messico e El Salvador per i nostri fratelli statunitensi e canadesi.<\/li>\n<\/ul>\n<p><strong><img loading=\"lazy\" decoding=\"async\" class=\"size-fusion-400 wp-image-330 alignright\" src=\"http:\/\/carmelites.net\/wp-content\/uploads\/2021\/08\/revitalize-1-400x267.jpg\" alt=\"\" width=\"400\" height=\"267\" srcset=\"https:\/\/carmelites.net\/wp-content\/uploads\/2021\/08\/revitalize-1-400x267.jpg 400w, https:\/\/carmelites.net\/wp-content\/uploads\/2021\/08\/revitalize-1-300x200.jpg 300w, https:\/\/carmelites.net\/wp-content\/uploads\/2021\/08\/revitalize-1-768x512.jpg 768w, https:\/\/carmelites.net\/wp-content\/uploads\/2021\/08\/revitalize-1-200x133.jpg 200w, https:\/\/carmelites.net\/wp-content\/uploads\/2021\/08\/revitalize-1-600x400.jpg 600w, https:\/\/carmelites.net\/wp-content\/uploads\/2021\/08\/revitalize-1-800x533.jpg 800w, https:\/\/carmelites.net\/wp-content\/uploads\/2021\/08\/revitalize-1.jpg 900w\" sizes=\"auto, (max-width: 400px) 100vw, 400px\" \/>Rivitalizzare la nostra vita comunitaria<\/strong> | <em>Riconosciamo che l'invecchiamento della Provincia, il basso numero di vocazioni statunitensi e canadesi, il ritiro provinciale da molti dei nostri ministeri, l'impatto della crisi degli abusi sessuali e la diversit\u00e0 di et\u00e0 e di background culturali degli uomini della Provincia hanno tutti un impatto sulla nostra realt\u00e0 comunitaria.  Pertanto, ci impegniamo a <\/em><\/p>\n<ul>\n<li>Coltivare i principi fondamentali della nostra fratellanza carmelitana - una vita di preghiera personale e comunitaria, la fedelt\u00e0 ai voti di povert\u00e0, castit\u00e0 e obbedienza, e un impegno nella vita comunitaria.<\/li>\n<li>Sostenere il ruolo del Priore nel promuovere i pasti comunitari, gli incontri comunitari, le giornate di riflessione, la creazione annuale di un piano di vita comunitario e le questioni di fine vita.<\/li>\n<li>Utilizzando i nostri mezzi di comunicazione per promuovere l'informazione di base e la comprensione pi\u00f9 profonda tra i fratelli in modo che possiamo conoscerci meglio e rimanere collegati.<\/li>\n<li>Abbracciare un modello di leadership servile con un vero spirito di collaborazione e comunicazione aperta con gli uomini della Provincia, promuovendo al contempo il perdono cristiano, la riconciliazione e la gentilezza di base gli uni verso gli altri.<\/li>\n<li>Accompagnare i membri malati, anziani e morenti della nostra Provincia, e tutti coloro che si trovano in momenti di crisi personale, in modo che nessun fratello cammini da solo.<\/li>\n<li>Aprire le nostre comunit\u00e0 per condividere la nostra chiamata al Carmelo con potenziali aspiranti alla vocazione.<\/li>\n<li>Animare incontri comunitari dei nostri uomini a livello locale, regionale e provinciale.<\/li>\n<\/ul>\n<p><strong><img loading=\"lazy\" decoding=\"async\" class=\"size-fusion-400 wp-image-333 alignright\" src=\"http:\/\/carmelites.net\/wp-content\/uploads\/2021\/08\/NGO-400x225.jpg\" alt=\"\" width=\"400\" height=\"225\" srcset=\"https:\/\/carmelites.net\/wp-content\/uploads\/2021\/08\/NGO-400x225.jpg 400w, https:\/\/carmelites.net\/wp-content\/uploads\/2021\/08\/NGO-300x169.jpg 300w, https:\/\/carmelites.net\/wp-content\/uploads\/2021\/08\/NGO-768x432.jpg 768w, https:\/\/carmelites.net\/wp-content\/uploads\/2021\/08\/NGO-200x112.jpg 200w, https:\/\/carmelites.net\/wp-content\/uploads\/2021\/08\/NGO-600x337.jpg 600w, https:\/\/carmelites.net\/wp-content\/uploads\/2021\/08\/NGO-800x450.jpg 800w, https:\/\/carmelites.net\/wp-content\/uploads\/2021\/08\/NGO.jpg 900w\" sizes=\"auto, (max-width: 400px) 100vw, 400px\" \/>Promuovere la gestione ecologica<\/strong> | <em>Siamo molto consapevoli di una serie di questioni ambientali critiche a livello globale, soprattutto l'impatto immediato del cambiamento climatico e la disparit\u00e0 del consumo di risorse tra la famiglia delle nazioni.  Pertanto, ci impegniamo a: <\/em><\/p>\n<ul>\n<li>Educare gli uomini della nostra Provincia su questioni relative al cambiamento climatico e alle sue cause.<\/li>\n<li>Avviare una discussione comunitaria su queste pressanti questioni ambientali in ciascuna delle nostre comunit\u00e0 locali, sfidando prima i nostri uomini a leggere e discutere la lettera pastorale di Papa Francesco, <em>Laudato Si<\/em>.<\/li>\n<li>Determinare l'impronta di carbonio delle istituzioni e delle propriet\u00e0 possedute o amministrate dalla Provincia, con l'obiettivo di ridurre l'impronta di carbonio provinciale verso emissioni nette-zero, riducendo cos\u00ec il consumo di energia basata sui combustibili fossili e passando all'energia sostenibile.<\/li>\n<li>Collaborare con Catholic Energies, con le ONG carmelitane e con altri enti carmelitani per raggiungere questi obiettivi.<\/li>\n<li>Incoraggiare i nostri soci a compiere piccoli ma concreti passi individuali verso la tutela dell'ambiente.<\/li>\n<\/ul>\n<p><strong><img loading=\"lazy\" decoding=\"async\" class=\"size-fusion-400 wp-image-335 alignright\" src=\"http:\/\/carmelites.net\/wp-content\/uploads\/2021\/08\/carmelite-studies-400x267.jpg\" alt=\"\" width=\"400\" height=\"267\" srcset=\"https:\/\/carmelites.net\/wp-content\/uploads\/2021\/08\/carmelite-studies-400x267.jpg 400w, https:\/\/carmelites.net\/wp-content\/uploads\/2021\/08\/carmelite-studies-300x200.jpg 300w, https:\/\/carmelites.net\/wp-content\/uploads\/2021\/08\/carmelite-studies-768x512.jpg 768w, https:\/\/carmelites.net\/wp-content\/uploads\/2021\/08\/carmelite-studies-200x133.jpg 200w, https:\/\/carmelites.net\/wp-content\/uploads\/2021\/08\/carmelite-studies-600x400.jpg 600w, https:\/\/carmelites.net\/wp-content\/uploads\/2021\/08\/carmelite-studies-800x533.jpg 800w, https:\/\/carmelites.net\/wp-content\/uploads\/2021\/08\/carmelite-studies.jpg 900w\" sizes=\"auto, (max-width: 400px) 100vw, 400px\" \/>Promuovere la spiritualit\u00e0 carmelitana<\/strong> | <em>La vita di ogni carmelitano \u00e8 al servizio del nostro carisma carmelitano.  Questo carisma, incarnato per la prima volta nella Regola di Sant'Alberto, vecchia di 800 anni, \u00e8 stato sviluppato e perfezionato nel corso dei secoli.  La nostra spiritualit\u00e0 carmelitana, espressa attraverso gli scritti di vari santi carmelitani e dottori della Chiesa, \u00e8 un grande dono alla Chiesa universale.  Pertanto, ci impegniamo a:\u00a0 <\/em><\/p>\n<ul>\n<li>Sviluppare la Cattedra di dotazione della Provincia Carmelitana del Cuore Purissimo di Maria e i Centri di Studi Carmelitani presso la Catholic University of America.<\/li>\n<li>Partecipare al Comitato Consultivo del Centro di Studi Carmelitani per assicurare la direzione appropriata del Centro per il quale \u00e8 stato istituito.<\/li>\n<li>Invitare i carmelitani di tutto il mondo a venire al Center for Carmelite Studies della Catholic University of America.<\/li>\n<li>Incoraggiare gli uomini della Provincia a partecipare ai programmi offerti dalle varie entit\u00e0 carmelitane.<\/li>\n<li>Sviluppare l'Instituto de las Americas.<\/li>\n<li>Lancio di un nuovo sito web per la Collezione Carmelitana a Whitefriars Hall.<\/li>\n<\/ul>\n<p>&nbsp;<\/p>\n<p>&nbsp;<\/p>","protected":false},"excerpt":{"rendered":"<p>To Focus on Vocations | New vocations to Carmel are the foundation of our Provincial future; therefore, we commit ourselves to: Continuing pro-active vocation efforts in Peru, Mexico and El Salvador, while establishing new ministries in these areas. Energizing a vocation campaign in the United States and Canada with an expanded vocation team. We will [&hellip;]<\/p>\n","protected":false},"author":1,"featured_media":0,"parent":0,"menu_order":0,"comment_status":"closed","ping_status":"closed","template":"","meta":{"rs_blank_template":"","rs_page_bg_color":"","slide_template_v7":"","_analytify_skip_tracking":false,"footnotes":""},"class_list":["post-324","page","type-page","status-publish","hentry"],"aioseo_notices":[],"_links":{"self":[{"href":"https:\/\/carmelites.net\/it\/wp-json\/wp\/v2\/pages\/324","targetHints":{"allow":["GET"]}}],"collection":[{"href":"https:\/\/carmelites.net\/it\/wp-json\/wp\/v2\/pages"}],"about":[{"href":"https:\/\/carmelites.net\/it\/wp-json\/wp\/v2\/types\/page"}],"author":[{"embeddable":true,"href":"https:\/\/carmelites.net\/it\/wp-json\/wp\/v2\/users\/1"}],"replies":[{"embeddable":true,"href":"https:\/\/carmelites.net\/it\/wp-json\/wp\/v2\/comments?post=324"}],"version-history":[{"count":7,"href":"https:\/\/carmelites.net\/it\/wp-json\/wp\/v2\/pages\/324\/revisions"}],"predecessor-version":[{"id":336,"href":"https:\/\/carmelites.net\/it\/wp-json\/wp\/v2\/pages\/324\/revisions\/336"}],"wp:attachment":[{"href":"https:\/\/carmelites.net\/it\/wp-json\/wp\/v2\/media?parent=324"}],"curies":[{"name":"wp","href":"https:\/\/api.w.org\/{rel}","templated":true}]}}