{"id":17195,"date":"2024-09-24T15:24:43","date_gmt":"2024-09-24T20:24:43","guid":{"rendered":"https:\/\/carmelites.net\/?page_id=17195"},"modified":"2024-09-24T15:28:35","modified_gmt":"2024-09-24T20:28:35","slug":"support-test-2","status":"publish","type":"page","link":"https:\/\/carmelites.net\/it\/support-test-2\/","title":{"rendered":"Test di supporto 2"},"content":{"rendered":"<ul class=\"wp-block-latest-posts__list wp-block-latest-posts\"><li><a class=\"wp-block-latest-posts__post-title\" href=\"https:\/\/carmelites.net\/it\/friars\/adelmann-o-carm-edward\/\">ADELMANN, O.Carm., Edward<\/a><\/li>\n<li><a class=\"wp-block-latest-posts__post-title\" href=\"https:\/\/carmelites.net\/it\/friars\/aditya-o-carm-dionislus-indonesia\/\">ADITYA, O.Carm., Dionisius (Indonesia)<\/a><\/li>\n<li><a class=\"wp-block-latest-posts__post-title\" href=\"https:\/\/carmelites.net\/it\/friars\/aguilar-o-carm-benjamin\/\">AGUILAR, O.Carm., Benjam\u00edn<\/a><\/li>\n<li><a class=\"wp-block-latest-posts__post-title\" href=\"https:\/\/carmelites.net\/it\/friars\/aguilar-o-carm-victor-hugo-andrade\/\">ANDRADE AGUILAR, O.Carm., Victor Hugo<\/a><\/li>\n<li><a class=\"wp-block-latest-posts__post-title\" href=\"https:\/\/carmelites.net\/it\/friars\/andres-o-carm-timothy\/\">ANDRES, O.Carm., Timothy<\/a><\/li>\n<li><a class=\"wp-block-latest-posts__post-title\" href=\"https:\/\/carmelites.net\/it\/friars\/armstrong-o-carm-anthony\/\">ARMSTRONG, O.Carm., Antonio<\/a><\/li>\n<li><a class=\"wp-block-latest-posts__post-title\" href=\"https:\/\/carmelites.net\/it\/friars\/arroyo-aguilar-rodrigo-alejandro\/\">ARROYO AGUILAR, O.Carm., Rodrigo Alejandro<\/a><\/li>\n<li><a class=\"wp-block-latest-posts__post-title\" href=\"https:\/\/carmelites.net\/it\/friars\/atcher-o-carm-joseph\/\">ATCHER, O.Carm., Giuseppe<\/a><\/li>\n<li><a class=\"wp-block-latest-posts__post-title\" href=\"https:\/\/carmelites.net\/it\/friars\/aznaran-o-carm-sarmiento-rodolfo\/\">AZNAR\u00c1N SARMIENTO, O.Carm., Rodolfo<\/a><\/li>\n<li><a class=\"wp-block-latest-posts__post-title\" href=\"https:\/\/carmelites.net\/it\/friars\/bacigalupo-del-corral-o-carm-miguel\/\">BACIGALUPO DEL CORRAL, O.Carm., Miguel<\/a><\/li>\n<li><a class=\"wp-block-latest-posts__post-title\" href=\"https:\/\/carmelites.net\/it\/friars\/batsis-o-carm-thomas\/\">BATSIS, O.Carm., Tommaso<\/a><\/li>\n<li><a class=\"wp-block-latest-posts__post-title\" href=\"https:\/\/carmelites.net\/it\/friars\/bauerle-o-carm-bernhard\/\">BAUERLE, O.Carm., Bernhard<\/a><\/li>\n<li><a class=\"wp-block-latest-posts__post-title\" href=\"https:\/\/carmelites.net\/it\/friars\/belizario-o-carm-nelson\/\">BELIZARIO, O.Carm., Nelson<\/a><\/li>\n<li><a class=\"wp-block-latest-posts__post-title\" href=\"https:\/\/carmelites.net\/it\/friars\/bell-o-carm-eric\/\">BELL, O.Carm., Eric<\/a><\/li>\n<li><a class=\"wp-block-latest-posts__post-title\" href=\"https:\/\/carmelites.net\/it\/friars\/bell-o-carm-marc\/\">BELL, O.Carm., Marc<\/a><\/li>\n<li><a class=\"wp-block-latest-posts__post-title\" href=\"https:\/\/carmelites.net\/it\/friars\/bettinger-o-carm-eugene\/\">BETTINGER, O.Carm., Eugene<\/a><\/li>\n<li><a class=\"wp-block-latest-posts__post-title\" href=\"https:\/\/carmelites.net\/it\/friars\/bui-o-carm-joseph-tuan-st-elias\/\">BUI, O.Carm., Giuseppe Tuan (Sant'Elia)<\/a><\/li>\n<li><a class=\"wp-block-latest-posts__post-title\" href=\"https:\/\/carmelites.net\/it\/friars\/cadena-p-o-carm-mario\/\">CADENA P\u00c9REZ, O.Carm., Mario<\/a><\/li>\n<li><a class=\"wp-block-latest-posts__post-title\" href=\"https:\/\/carmelites.net\/it\/friars\/caggiano-o-carm-kyrin\/\">CAGGIANO, O.Carm., Kyrin<\/a><\/li>\n<li><a class=\"wp-block-latest-posts__post-title\" href=\"https:\/\/carmelites.net\/it\/friars\/carroll-o-carm-robert\/\">CARROLL, O.Carm., Robert<\/a><\/li>\n<li><a class=\"wp-block-latest-posts__post-title\" href=\"https:\/\/carmelites.net\/it\/friars\/castaneda-christopher\/\">CASTANEDA, Christopher<\/a><\/li>\n<li><a class=\"wp-block-latest-posts__post-title\" href=\"https:\/\/carmelites.net\/it\/friars\/chafloque-orozco-o-carm-raul-sharley\/\">CHAFLOQUE OROZCO, O.Carm., Ra\u00fal Sharley<\/a><\/li>\n<li><a class=\"wp-block-latest-posts__post-title\" href=\"https:\/\/carmelites.net\/it\/friars\/cienfuegos-o-o-carm-henrry-mauricio\/\">CIENFUEGOS OSTORGA, O.Carm., Henrry Mauricio<\/a><\/li>\n<li><a class=\"wp-block-latest-posts__post-title\" href=\"https:\/\/carmelites.net\/it\/friars\/cilia-o-carm-jose\/\">CILIA, O.Carm., Jos\u00e9<\/a><\/li>\n<li><a class=\"wp-block-latest-posts__post-title\" href=\"https:\/\/carmelites.net\/it\/friars\/samuel-citero-o-carm\/\">CITERO, O.Carm., Samuel<\/a><\/li>\n<li><a class=\"wp-block-latest-posts__post-title\" href=\"https:\/\/carmelites.net\/it\/friars\/clennon-o-carm-raymond\/\">CLENNON, O.Carm., Raymond<\/a><\/li>\n<li><a class=\"wp-block-latest-posts__post-title\" href=\"https:\/\/carmelites.net\/it\/friars\/colaresi-o-carm-robert\/\">COLARESI, O.Carm., Robert<\/a><\/li>\n<li><a class=\"wp-block-latest-posts__post-title\" href=\"https:\/\/carmelites.net\/it\/friars\/conlisk-o-carm-neil\/\">CONLISK, O.Carm., Neil<\/a><\/li>\n<li><a class=\"wp-block-latest-posts__post-title\" href=\"https:\/\/carmelites.net\/it\/friars\/conners-o-carm-quinn\/\">CONNERS, O.Carm., Quinn<\/a><\/li>\n<li><a class=\"wp-block-latest-posts__post-title\" href=\"https:\/\/carmelites.net\/it\/friars\/constante-q-o-carm-jose-benjamin\/\">CONSTANTE QUEZADA., O.Carm., Jos\u00e9 Benjam\u00edn<\/a><\/li>\n<li><a class=\"wp-block-latest-posts__post-title\" href=\"https:\/\/carmelites.net\/it\/friars\/diaz-e-o-carm-eduardo-antonia\/\">D\u00cdAZ ESPINOZA, O.Carm., Eduardo Antonio<\/a><\/li>\n<li><a class=\"wp-block-latest-posts__post-title\" href=\"https:\/\/carmelites.net\/it\/friars\/diaz-romero-walter-vladimir\/\">D\u00cdAZ ROMERO, Walter Vladimir<\/a><\/li>\n<li><a class=\"wp-block-latest-posts__post-title\" href=\"https:\/\/carmelites.net\/it\/friars\/do-o-carm-joseph-trung-st-elias\/\">DO, O.Carm., Joseph Trung (Sant'Elia)<\/a><\/li>\n<li><a class=\"wp-block-latest-posts__post-title\" href=\"https:\/\/carmelites.net\/it\/friars\/fidelus-o-carm-lawrence\/\">FIDELUS, O.Carm., Lawrence<\/a><\/li>\n<li><a class=\"wp-block-latest-posts__post-title\" href=\"https:\/\/carmelites.net\/it\/friars\/flores-landaverde-o-carm-kevin-alexander\/\">FLORES LANDAVERDE, O.Carm., Kevin Alexander<\/a><\/li>\n<li><a class=\"wp-block-latest-posts__post-title\" href=\"https:\/\/carmelites.net\/it\/friars\/fontaine-o-carm-david\/\">FONTAINE, O.Carm., David<\/a><\/li>\n<li><a class=\"wp-block-latest-posts__post-title\" href=\"https:\/\/carmelites.net\/it\/friars\/franco-g-o-carm-emanuel\/\">FRANCO G\u00d3MEZ., O.Carm., Emanuel \"Manu\".<\/a><\/li>\n<li><a class=\"wp-block-latest-posts__post-title\" href=\"https:\/\/carmelites.net\/it\/friars\/garcia-o-carm-rogelio\/\">GARC\u00cdA ASCENCIO, O.Carm., Rogelio<\/a><\/li>\n<li><a class=\"wp-block-latest-posts__post-title\" href=\"https:\/\/carmelites.net\/it\/friars\/garcia-h-o-carm-david-ulises\/\">GARC\u00cdA HERN\u00c1NDEZ., O.Carm., David Ulises \"Uli\".<\/a><\/li>\n<li><a class=\"wp-block-latest-posts__post-title\" href=\"https:\/\/carmelites.net\/it\/friars\/gavin-o-carm-emmett\/\">GAVIN, O.Carm., Emmett<\/a><\/li>\n<li><a class=\"wp-block-latest-posts__post-title\" href=\"https:\/\/carmelites.net\/it\/friars\/gavin-o-carm-patrick\/\">GAVIN, O.Carm., Patrick<\/a><\/li>\n<li><a class=\"wp-block-latest-posts__post-title\" href=\"https:\/\/carmelites.net\/it\/friars\/geaney-o-carm-james\/\">GEANEY, O.Carm., James<\/a><\/li>\n<li><a class=\"wp-block-latest-posts__post-title\" href=\"https:\/\/carmelites.net\/it\/friars\/genders-o-carm-david\/\">GENDER, O.Carm., David<\/a><\/li>\n<li><a class=\"wp-block-latest-posts__post-title\" href=\"https:\/\/carmelites.net\/it\/friars\/giron-lopez-o-carm-noe-marcelo\/\">GIR\u00d3N LOPEZ, O.Carm., No\u00e9 Marcelo<\/a><\/li>\n<li><a class=\"wp-block-latest-posts__post-title\" href=\"https:\/\/carmelites.net\/it\/friars\/glueckert-o-carm-leopold\/\">GLUECKERT, O.Carm., Leopoldo<\/a><\/li>\n<li><a class=\"wp-block-latest-posts__post-title\" href=\"https:\/\/carmelites.net\/it\/friars\/gonzalez-cabrera-o-carm-daniel-ulises\/\">GONZALEZ CABRERA, O.Carm., Daniel Ulises<\/a><\/li>\n<li><a class=\"wp-block-latest-posts__post-title\" href=\"https:\/\/carmelites.net\/it\/friars\/greenwell-o-carm-michael\/\">GREENWELL, O.Carm., Michael<\/a><\/li>\n<li><a class=\"wp-block-latest-posts__post-title\" href=\"https:\/\/carmelites.net\/it\/friars\/guerrero-c-o-carm-floristan\/\">GUERRERO CRUZ, O.Carm., Fiorista<\/a><\/li>\n<li><a class=\"wp-block-latest-posts__post-title\" href=\"https:\/\/carmelites.net\/it\/friars\/guillen-sandoval-o-carm-alfredo\/\">GUILL\u00c9N SANDOVAL, O.Carm., Alfredo<\/a><\/li>\n<li><a class=\"wp-block-latest-posts__post-title\" href=\"https:\/\/carmelites.net\/it\/friars\/gummess-o-carm-matthew\/\">GUMMESS, O.Carm., Matteo<\/a><\/li>\n<li><a class=\"wp-block-latest-posts__post-title\" href=\"https:\/\/carmelites.net\/it\/friars\/hakala-o-carm-thomas\/\">HAKALA, O.Carm., Thomas<\/a><\/li>\n<li><a class=\"wp-block-latest-posts__post-title\" href=\"https:\/\/carmelites.net\/it\/friars\/harrington-o-carm-ashley\/\">HARRINGTON, O.Carm., Ashley<\/a><\/li>\n<li><a class=\"wp-block-latest-posts__post-title\" href=\"https:\/\/carmelites.net\/it\/friars\/harry-o-carm-william\/\">HARRY, O.Carm., William \"Bill\"<\/a><\/li>\n<li><a class=\"wp-block-latest-posts__post-title\" href=\"https:\/\/carmelites.net\/it\/friars\/henden-o-carm-brian\/\">HENDEN, O.Carm., Brian<\/a><\/li>\n<li><a class=\"wp-block-latest-posts__post-title\" href=\"https:\/\/carmelites.net\/it\/friars\/hernandez-c-o-carm-santos-cecilio\/\">HERN\u00c1NDEZ CARRANZA, O.Carm., Santos Cecilio<\/a><\/li>\n<li><a class=\"wp-block-latest-posts__post-title\" href=\"https:\/\/carmelites.net\/it\/friars\/hernandez-ramirez-o-carm-adrian\/\">HERN\u00c1NDEZ RAM\u00cdREZ, O.Carm., Adri\u00e1n<\/a><\/li>\n<li><a class=\"wp-block-latest-posts__post-title\" href=\"https:\/\/carmelites.net\/it\/friars\/hibner-o-carm-cyprian\/\">HIBNER, O.Carm., Cipriano<\/a><\/li>\n<li><a class=\"wp-block-latest-posts__post-title\" href=\"https:\/\/carmelites.net\/it\/friars\/houck-o-carm-gregory\/\">HOUCK, O.Carm., Gregorio<\/a><\/li>\n<li><a class=\"wp-block-latest-posts__post-title\" href=\"https:\/\/carmelites.net\/it\/friars\/huard-o-carm-leo\/\">HUARD, O.Carm., Leo<\/a><\/li>\n<li><a class=\"wp-block-latest-posts__post-title\" href=\"https:\/\/carmelites.net\/it\/friars\/jeffery-nicholas-matthew\/\">JEFFERY, Nicholas Matthew<\/a><\/li>\n<li><a class=\"wp-block-latest-posts__post-title\" href=\"https:\/\/carmelites.net\/it\/friars\/jones-o-carm-herbert\/\">JONES, O.Carm., Herbert<\/a><\/li>\n<li><a class=\"wp-block-latest-posts__post-title\" href=\"https:\/\/carmelites.net\/it\/friars\/jordan-o-carm-thomas\/\">JORDAN, O.Carm., Thomas<\/a><\/li>\n<li><a class=\"wp-block-latest-posts__post-title\" href=\"https:\/\/carmelites.net\/it\/friars\/joya-o-carm-boris-italy\/\">JOYA ORDO\u00d1EZ, O.Carm., Boris Ferney (Italia)<\/a><\/li>\n<li><a class=\"wp-block-latest-posts__post-title\" href=\"https:\/\/carmelites.net\/it\/friars\/joyce-o-carm-michael\/\">JOYCE, O.Carm., Michael<\/a><\/li>\n<li><a class=\"wp-block-latest-posts__post-title\" href=\"https:\/\/carmelites.net\/it\/friars\/kinzler-o-carm-herman\/\">KINZLER, O.Carm., Herman<\/a><\/li>\n<li><a class=\"wp-block-latest-posts__post-title\" href=\"https:\/\/carmelites.net\/it\/friars\/klein-o-carm-gregory\/\">KLEIN, O.Carm., Gregorio<\/a><\/li>\n<li><a class=\"wp-block-latest-posts__post-title\" href=\"https:\/\/carmelites.net\/it\/friars\/kristiputro-o-carm-matheus-agung\/\">KRISTIPUTRO, O.Carm., Matheus Agung (Indonesia)<\/a><\/li>\n<li><a class=\"wp-block-latest-posts__post-title\" href=\"https:\/\/carmelites.net\/it\/friars\/krowa-o-carm-emanuel-ewaldus\/\">KROWA, O.Carm., Emanuel Ewaldus (Indonesia)<\/a><\/li>\n<li><a class=\"wp-block-latest-posts__post-title\" href=\"https:\/\/carmelites.net\/it\/friars\/kulig-o-carm-christopher\/\">KULIG, O.Carm., Christopher<\/a><\/li>\n<li><a class=\"wp-block-latest-posts__post-title\" href=\"https:\/\/carmelites.net\/it\/friars\/kwiecien-o-carm-michael\/\">KWIECIEN, O.Carm., Michael<\/a><\/li>\n<li><a class=\"wp-block-latest-posts__post-title\" href=\"https:\/\/carmelites.net\/it\/friars\/lafey-o-carm-kevin\/\">LAFEY, O.Carm., Kevin<\/a><\/li>\n<li><a class=\"wp-block-latest-posts__post-title\" href=\"https:\/\/carmelites.net\/it\/friars\/laguna-v-o-carm-enrique\/\">LAGUNA VARGAS, O.Carm., Enrique<\/a><\/li>\n<li><a class=\"wp-block-latest-posts__post-title\" href=\"https:\/\/carmelites.net\/it\/friars\/lewis-o-carm-james\/\">LEWIS, O.Carm., James<\/a><\/li>\n<li><a class=\"wp-block-latest-posts__post-title\" href=\"https:\/\/carmelites.net\/it\/friars\/lezama-a-o-carm-edgar-lucio\/\">LEZAMA APARICIO, O.Carm., Edgar Lucio \"Lucho\"<\/a><\/li>\n<li><a class=\"wp-block-latest-posts__post-title\" href=\"https:\/\/carmelites.net\/it\/friars\/lineros-villarreal-ricardo-alejandro\/\">LINEROS VILLARREAL, O.Carm., Ricardo Alejandro<\/a><\/li>\n<li><a class=\"wp-block-latest-posts__post-title\" href=\"https:\/\/carmelites.net\/it\/friars\/liuzzi-o-carm-peter\/\">LIUZZI, O.Carm., Pietro<\/a><\/li>\n<li><a class=\"wp-block-latest-posts__post-title\" href=\"https:\/\/carmelites.net\/it\/friars\/lopez-o-carm-mario\/\">LOPEZ, O.Carm., Mario<\/a><\/li>\n<li><a class=\"wp-block-latest-posts__post-title\" href=\"https:\/\/carmelites.net\/it\/friars\/loya-c-o-carm-mario\/\">LOYA CABADILLA, O.Carm., Mario<\/a><\/li>\n<li><a class=\"wp-block-latest-posts__post-title\" href=\"https:\/\/carmelites.net\/it\/friars\/makacinas-o-carm-stanley\/\">MAKACINAS, O.Carm., Stanley<\/a><\/li>\n<li><a class=\"wp-block-latest-posts__post-title\" href=\"https:\/\/carmelites.net\/it\/friars\/maravi-c-o-carm-raul\/\">MARAV\u00cd CABRERA, O.Carm., Ra\u00fal<\/a><\/li>\n<li><a class=\"wp-block-latest-posts__post-title\" href=\"https:\/\/carmelites.net\/it\/friars\/carl-j-markelz-o-carm\/\">MARKELZ, O.Carm., Carl<\/a><\/li>\n<li><a class=\"wp-block-latest-posts__post-title\" href=\"https:\/\/carmelites.net\/it\/friars\/martinez-herrera-juan-jose\/\">MART\u00cdNEZ HERN\u00c1NDEZ, O.Carm., Juan Jos\u00e9<\/a><\/li>\n<li><a class=\"wp-block-latest-posts__post-title\" href=\"https:\/\/carmelites.net\/it\/friars\/mccarthy-o-carm-joseph\/\">McCARTHY, O.Carm., Giuseppe<\/a><\/li>\n<li><a class=\"wp-block-latest-posts__post-title\" href=\"https:\/\/carmelites.net\/it\/friars\/david-mcevoy-o-carm\/\">McEVOY, O.Carm., David<\/a><\/li>\n<li><a class=\"wp-block-latest-posts__post-title\" href=\"https:\/\/carmelites.net\/it\/friars\/mcgarry-o-carm-peter\/\">McGARRY, O.Carm., Pietro<\/a><\/li>\n<li><a class=\"wp-block-latest-posts__post-title\" href=\"https:\/\/carmelites.net\/it\/friars\/mcginnis-o-carm-david\/\">McGINNIS, O.Carm., David<\/a><\/li>\n<li><a class=\"wp-block-latest-posts__post-title\" href=\"https:\/\/carmelites.net\/it\/friars\/melara-m-o-carm-roger\/\">MELARA MONDRAG\u00d3N, O.Carm., Roger Stanley<\/a><\/li>\n<li><a class=\"wp-block-latest-posts__post-title\" href=\"https:\/\/carmelites.net\/it\/friars\/melendez-l-o-carm-juan-carlos\/\">MEL\u00c9NDEZ LANDAVERDE, O.Carm., Juan Carlos<\/a><\/li>\n<li><a class=\"wp-block-latest-posts__post-title\" href=\"https:\/\/carmelites.net\/it\/friars\/mendez-lopez-oscar-alejandro\/\">M\u00c9NDEZ L\u00d3PEZ, Oscar Alejandro<\/a><\/li>\n<li><a class=\"wp-block-latest-posts__post-title\" href=\"https:\/\/carmelites.net\/it\/friars\/mendez-r-o-carm-santos-antolino\/\">MENDEZ RAM\u00cdREZ, O.Carm., Santos Antolino<\/a><\/li>\n<li><a class=\"wp-block-latest-posts__post-title\" href=\"https:\/\/carmelites.net\/it\/friars\/menjivar-l-o-carm-jose-aristides\/\">MENJIVAR LARIOS, O.Carm., Jos\u00e9 Ar\u00edstides<\/a><\/li>\n<li><a class=\"wp-block-latest-posts__post-title\" href=\"https:\/\/carmelites.net\/it\/friars\/mira-padilla-o-carm-pedro-antonio\/\">MIRA PADILLA, O.Carm., Pedro Antonio<\/a><\/li>\n<li><a class=\"wp-block-latest-posts__post-title\" href=\"https:\/\/carmelites.net\/it\/friars\/jorge-monterroso-merida-o-carm\/\">MONTERROSO M\u00c9RIDA, O.Carm., Jorge<\/a><\/li>\n<li><a class=\"wp-block-latest-posts__post-title\" href=\"https:\/\/carmelites.net\/it\/friars\/montes-r-o-carm-bertoliny-alexander\/\">MONTES RAMOS, O.Carm., Bertoliny Alexander<\/a><\/li>\n<li><a class=\"wp-block-latest-posts__post-title\" href=\"https:\/\/carmelites.net\/it\/friars\/morrison-o-carm-craig\/\">MORRISON, O.Carm., Craig<\/a><\/li>\n<li><a class=\"wp-block-latest-posts__post-title\" href=\"https:\/\/carmelites.net\/it\/friars\/mulhall-o-carm-michael\/\">MULHALL, O.Carm., Michael<\/a><\/li>\n<li><a class=\"wp-block-latest-posts__post-title\" href=\"https:\/\/carmelites.net\/it\/friars\/munoz-oliden-juan-diego\/\">MU\u00d1OZ OLIDEN, O.Carm., Juan Diego \"JuanDi\"<\/a><\/li>\n<li><a class=\"wp-block-latest-posts__post-title\" href=\"https:\/\/carmelites.net\/it\/friars\/murphy-o-carm-thomas\/\">MURPHY, O.Carm., Thomas<\/a><\/li>\n<li><a class=\"wp-block-latest-posts__post-title\" href=\"https:\/\/carmelites.net\/it\/friars\/nguyen-o-carm-john-truc-st-elias\/\">NGUYEN, O.Carm., Giovanni Truc (Sant'Elia)<\/a><\/li>\n<li><a class=\"wp-block-latest-posts__post-title\" href=\"https:\/\/carmelites.net\/it\/friars\/nguyen-o-carm-joseph-tung-st-elias\/\">NGUYEN, O.Carm., Giuseppe Tung (Sant'Elia)<\/a><\/li>\n<\/ul>\n\n\n<p><\/p>","protected":false},"excerpt":{"rendered":"","protected":false},"author":10,"featured_media":0,"parent":0,"menu_order":0,"comment_status":"closed","ping_status":"closed","template":"","meta":{"rs_blank_template":"","rs_page_bg_color":"","slide_template_v7":"","_analytify_skip_tracking":false,"footnotes":""},"class_list":["post-17195","page","type-page","status-publish","hentry"],"aioseo_notices":[],"_links":{"self":[{"href":"https:\/\/carmelites.net\/it\/wp-json\/wp\/v2\/pages\/17195","targetHints":{"allow":["GET"]}}],"collection":[{"href":"https:\/\/carmelites.net\/it\/wp-json\/wp\/v2\/pages"}],"about":[{"href":"https:\/\/carmelites.net\/it\/wp-json\/wp\/v2\/types\/page"}],"author":[{"embeddable":true,"href":"https:\/\/carmelites.net\/it\/wp-json\/wp\/v2\/users\/10"}],"replies":[{"embeddable":true,"href":"https:\/\/carmelites.net\/it\/wp-json\/wp\/v2\/comments?post=17195"}],"version-history":[{"count":3,"href":"https:\/\/carmelites.net\/it\/wp-json\/wp\/v2\/pages\/17195\/revisions"}],"predecessor-version":[{"id":17202,"href":"https:\/\/carmelites.net\/it\/wp-json\/wp\/v2\/pages\/17195\/revisions\/17202"}],"wp:attachment":[{"href":"https:\/\/carmelites.net\/it\/wp-json\/wp\/v2\/media?parent=17195"}],"curies":[{"name":"wp","href":"https:\/\/api.w.org\/{rel}","templated":true}]}}