{"id":1373,"date":"2022-08-08T19:48:19","date_gmt":"2022-08-09T00:48:19","guid":{"rendered":"https:\/\/carmelites.net\/?page_id=1373"},"modified":"2022-08-16T10:43:46","modified_gmt":"2022-08-16T15:43:46","slug":"st-edith-stein","status":"publish","type":"page","link":"https:\/\/carmelites.net\/it\/st-edith-stein\/","title":{"rendered":"Santa Edith Stein"},"content":{"rendered":"<p><strong><a href=\"https:\/\/www.ocarm.org\/en\/item\/212-st-teresa-benedicta-of-the-cross-ocd-virgin-and-martyr-m-feast-in-europe\" target=\"_blank\" rel=\"noopener\"><img loading=\"lazy\" decoding=\"async\" class=\"wp-image-853 size-full alignleft\" src=\"http:\/\/carmelites.net\/wp-content\/uploads\/2021\/12\/aug09.jpg\" alt=\"\" width=\"288\" height=\"432\" srcset=\"https:\/\/carmelites.net\/wp-content\/uploads\/2021\/12\/aug09.jpg 288w, https:\/\/carmelites.net\/wp-content\/uploads\/2021\/12\/aug09-200x300.jpg 200w, https:\/\/carmelites.net\/wp-content\/uploads\/2021\/12\/aug09-8x12.jpg 8w\" sizes=\"auto, (max-width: 288px) 100vw, 288px\" \/><\/a><\/strong><\/p>\n<p><strong>Agosto 09<\/strong>\u00a0 <strong>Santa Edith Stein <\/strong>(Teresa Benedetta) (nata nel 1891) \u00e8 stata una filosofa, autrice, che si \u00e8 convertita al cattolicesimo e si \u00e8 fatta suora al Carmelo di Colonia.  Insieme alla sorella fu arrestata al Carmelo di Echt e martirizzata ad Auschwitz nel 1942.<\/p>\n<p style=\"font-weight: 400;\">Edith Stein nasce a Breslau il 12 ottobre 1891 da genitori ebrei tedeschi e, dopo gli studi secondari, si iscrive al dipartimento di filosofia dell'universit\u00e0 cittadina. Nel 1913 si trasferisce all'Universit\u00e0 di Gotingen per studiare con Edmund Husserl. Fino all'et\u00e0 di tredici anni \u00e8 stata di fatto atea. Il suo primo incontro serio con il cristianesimo avviene ascoltando Max Scheler. Nel 1916 continu\u00f2 e complet\u00f2 gli studi a Friburgo, dove consegu\u00ec il dottorato diretto da Husserl. Lavor\u00f2 all'universit\u00e0 fino al 1921.<\/p>\n<p style=\"font-weight: 400;\">In quegli anni lesse l'autobiografia di Teresa d'Avila e si rese conto di essere chiamata a diventare cattolica; fu battezzata il 1\u00b0 gennaio 1922. Fece la prima comunione lo stesso giorno e fu cresimata il 2 febbraio successivo. Dopo la conversione, si sente attratta dalla vita religiosa, ma le circostanze la costringono a rimandare la decisione al 1933. Quando nel 1933 perse il suo posto di insegnante a causa delle leggi antiebraiche, entr\u00f2 nel Carmelo di Colonia il 14 ottobre 1933, prendendo il nome di Teresa Benedetto della Croce.<\/p>\n<p style=\"font-weight: 400;\">Il 31 dicembre 1938 fu trasferita al Carmelo di Echt, in Olanda, per sfuggire alla persecuzione nazista degli ebrei. Nel 1940 la situazione peggior\u00f2 anche in Olanda. Quando le prescrizioni divennero pi\u00f9 severe, si cerc\u00f2 di trasferirla al Carmelo in Svizzera. Mentre si negoziavano gli accordi per il suo trasferimento, in Olanda iniziarono le deportazioni degli ebrei verso i campi di concentramento. Suor Teresa, accompagnata dalla sorella Rosa, anch'essa divenuta cattolica, fu portata ad Amersfort il 2 agosto 1942. Il 3 agosto fu trasferita a Westerbork. Il 7 agosto, lei e la sorella, insieme ad altri deportati, furono rinchiuse in vagoni ferroviari e portate in treno al campo di sterminio di Auschwitz, un viaggio che dur\u00f2 due giorni.<\/p>\n<p style=\"font-weight: 400;\">Suor Teresa Benedetto della Croce mor\u00ec nella camera a gas il giorno stesso del suo arrivo al campo di Auschwitz, domenica 9 agosto 1942, e il suo corpo fu bruciato in uno dei forni crematori. \u00c8 stata beatificata il 1\u00b0 maggio 1987 e canonizzata l'11 ottobre 1998 da Papa Giovanni Paolo II. Il 2 ottobre 1999, lo stesso Papa l'ha proclamata compatrona d'Europa.<\/p>","protected":false},"excerpt":{"rendered":"<p>August 09\u00a0 Saint Edith Stein (Teresa Benedicta) (born 1891) was a philosopher, author, who converted to Catholicism and became a nun at Cologne Carmel.\u00a0 She and her sister were arrested at Echt Carmel and martyred at Auschwitz in 1942. Edith Stein was born at Breslau on October 12, 1891, to German Jewish parents, and after [&hellip;]<\/p>\n","protected":false},"author":1,"featured_media":0,"parent":0,"menu_order":0,"comment_status":"closed","ping_status":"closed","template":"","meta":{"rs_blank_template":"","rs_page_bg_color":"","slide_template_v7":"","_analytify_skip_tracking":false,"footnotes":""},"class_list":["post-1373","page","type-page","status-publish","hentry"],"aioseo_notices":[],"_links":{"self":[{"href":"https:\/\/carmelites.net\/it\/wp-json\/wp\/v2\/pages\/1373","targetHints":{"allow":["GET"]}}],"collection":[{"href":"https:\/\/carmelites.net\/it\/wp-json\/wp\/v2\/pages"}],"about":[{"href":"https:\/\/carmelites.net\/it\/wp-json\/wp\/v2\/types\/page"}],"author":[{"embeddable":true,"href":"https:\/\/carmelites.net\/it\/wp-json\/wp\/v2\/users\/1"}],"replies":[{"embeddable":true,"href":"https:\/\/carmelites.net\/it\/wp-json\/wp\/v2\/comments?post=1373"}],"version-history":[{"count":3,"href":"https:\/\/carmelites.net\/it\/wp-json\/wp\/v2\/pages\/1373\/revisions"}],"predecessor-version":[{"id":1386,"href":"https:\/\/carmelites.net\/it\/wp-json\/wp\/v2\/pages\/1373\/revisions\/1386"}],"wp:attachment":[{"href":"https:\/\/carmelites.net\/it\/wp-json\/wp\/v2\/media?parent=1373"}],"curies":[{"name":"wp","href":"https:\/\/api.w.org\/{rel}","templated":true}]}}