{"id":625,"date":"2021-11-01T20:41:17","date_gmt":"2021-11-01T20:41:17","guid":{"rendered":"https:\/\/carmelites.net\/?page_id=625"},"modified":"2025-12-12T14:55:35","modified_gmt":"2025-12-12T20:55:35","slug":"the-carmelite-calendar-of-the-saints","status":"publish","type":"page","link":"https:\/\/carmelites.net\/es\/the-carmelite-calendar-of-the-saints\/","title":{"rendered":"El Calendario Carmelita de los Santos"},"content":{"rendered":"<div data-elementor-type=\"wp-page\" data-elementor-id=\"625\" class=\"elementor elementor-625\" data-elementor-post-type=\"page\">\n\t\t\t\t\t\t<section data-particle_enable=\"false\" data-particle-mobile-disabled=\"false\" class=\"elementor-section elementor-top-section elementor-element elementor-element-e432925 elementor-section-boxed elementor-section-height-default elementor-section-height-default\" data-id=\"e432925\" data-element_type=\"section\" data-e-type=\"section\">\n\t\t\t\t\t\t<div class=\"elementor-container elementor-column-gap-default\">\n\t\t\t\t\t<div class=\"elementor-column elementor-col-100 elementor-top-column elementor-element elementor-element-d6acb3f\" data-id=\"d6acb3f\" data-element_type=\"column\" data-e-type=\"column\">\n\t\t\t<div class=\"elementor-widget-wrap elementor-element-populated\">\n\t\t\t\t\t\t<div class=\"elementor-element elementor-element-a32760e elementor-widget elementor-widget-text-editor\" data-id=\"a32760e\" data-element_type=\"widget\" data-e-type=\"widget\" data-widget_type=\"text-editor.default\">\n\t\t\t\t<div class=\"elementor-widget-container\">\n\t\t\t\t\t\t\t\t\t<h2 class=\"entry-title\">El Calendario Carmelita de los Santos<\/h2>\t\t\t\t\t\t\t\t<\/div>\n\t\t\t\t<\/div>\n\t\t\t\t<div class=\"elementor-element elementor-element-1eac611 elementor-widget elementor-widget-text-editor\" data-id=\"1eac611\" data-element_type=\"widget\" data-e-type=\"widget\" data-widget_type=\"text-editor.default\">\n\t\t\t\t<div class=\"elementor-widget-container\">\n\t\t\t\t\t\t\t\t\t<p><em><strong>Vea nuestra serie de v\u00eddeos \"\u00bfPor qu\u00e9 no existe el Santo Carmelo? <a href=\"https:\/\/youtube.com\/playlist?list=PLMTOOJxC__vP-ALxLW8AsDHmtiJZUbt9q&amp;si=DXEKbX-ExNV4YDb6\" target=\"_blank\" rel=\"noopener\">YouTube<\/a> Canal.<\/strong><\/em><\/p>\t\t\t\t\t\t\t\t<\/div>\n\t\t\t\t<\/div>\n\t\t\t\t<div class=\"elementor-element elementor-element-bd4cf80 elementor-widget-divider--view-line elementor-widget elementor-widget-divider\" data-id=\"bd4cf80\" data-element_type=\"widget\" data-e-type=\"widget\" data-widget_type=\"divider.default\">\n\t\t\t\t<div class=\"elementor-widget-container\">\n\t\t\t\t\t\t\t<div class=\"elementor-divider\">\n\t\t\t<span class=\"elementor-divider-separator\">\n\t\t\t\t\t\t<\/span>\n\t\t<\/div>\n\t\t\t\t\t\t<\/div>\n\t\t\t\t<\/div>\n\t\t\t\t\t<\/div>\n\t\t<\/div>\n\t\t\t\t\t<\/div>\n\t\t<\/section>\n\t\t\t\t<section data-particle_enable=\"false\" data-particle-mobile-disabled=\"false\" class=\"elementor-section elementor-top-section elementor-element elementor-element-1e5d5513 elementor-section-boxed elementor-section-height-default elementor-section-height-default\" data-id=\"1e5d5513\" data-element_type=\"section\" data-e-type=\"section\">\n\t\t\t\t\t\t<div class=\"elementor-container elementor-column-gap-default\">\n\t\t\t\t\t<div class=\"elementor-column elementor-col-33 elementor-top-column elementor-element elementor-element-6d6e9737\" data-id=\"6d6e9737\" data-element_type=\"column\" data-e-type=\"column\">\n\t\t\t<div class=\"elementor-widget-wrap\">\n\t\t\t\t\t\t\t<\/div>\n\t\t<\/div>\n\t\t\t\t<div class=\"elementor-column elementor-col-33 elementor-top-column elementor-element elementor-element-77b303a\" data-id=\"77b303a\" data-element_type=\"column\" data-e-type=\"column\">\n\t\t\t<div class=\"elementor-widget-wrap elementor-element-populated\">\n\t\t\t\t\t\t<div class=\"elementor-element elementor-element-3769b0a4 elementor-widget elementor-widget-text-editor\" data-id=\"3769b0a4\" data-element_type=\"widget\" data-e-type=\"widget\" data-widget_type=\"text-editor.default\">\n\t\t\t\t<div class=\"elementor-widget-container\">\n\t\t\t\t\t\t\t\t\t<div class=\"fusion-text fusion-text-1\"><h3 class=\"fusion-responsive-typography-calculated\" data-fontsize=\"32\" data-lineheight=\"41.6px\"><strong>Enero<\/strong><\/h3><\/div><div class=\"fusion-text fusion-text-2\"><p>3 San Kuriakos Elias Chavara (CMI), sacerdote<br \/>8\u00a0\u00a0\u00a0\u00a0\u00a0\u00a0\u00a0\u00a0\u00a0<a href=\"#stpeterthomas\">San Pedro Tom\u00e1s<\/a>, obispo<br \/>9\u00a0 \u00a0 \u00a0 \u00a0 \u00a0<a href=\"#standrewcorsini\">San Andr\u00e9s Corsini<\/a>, obispo<br \/>20\u00a0 \u00a0 \u00a0\u00a0<a href=\"#blangelopaoli\">Bl. Angelo Paoli<\/a>, sacerdote<br \/>29 B. Archangela Girlani, virgen<\/p><\/div><div class=\"fusion-text fusion-text-3\"><h3 class=\"fusion-responsive-typography-calculated\" data-fontsize=\"32\" data-lineheight=\"41.6px\"><strong>Febrero<\/strong><\/h3><\/div><div class=\"fusion-text fusion-text-4\"><p>1 Beata Candelaria de San Jos\u00e9, virgen<br \/>4\u00a0 \u00a0 \u00a0 \u00a0 \u00a0 <span class=\"mw-page-title-main\">Mar\u00eda Eugenia del Ni\u00f1o Jes\u00fas<\/span><\/p><\/div><div class=\"fusion-text fusion-text-5\"><h3 class=\"fusion-responsive-typography-calculated\" data-fontsize=\"32\" data-lineheight=\"41.6px\"><strong>Marzo<\/strong><\/h3><\/div><div class=\"fusion-text fusion-text-6\"><p>19 San Jos\u00e9, Esposo de la Virgen Mar\u00eda, principal protector de la Orden<br \/>20 B. Francisco de Jes\u00fas Mar\u00eda Jos\u00e9 (OCD), sacerdote<\/p><\/div><div class=\"fusion-text fusion-text-7\"><h3 class=\"fusion-responsive-typography-calculated\" data-fontsize=\"32\" data-lineheight=\"41.6px\"><strong>Abril<\/strong><\/h3><\/div><div class=\"fusion-text fusion-text-8\"><p>17 Bl. Bautista Spagnoli, sacerdote<\/p><\/div><div class=\"fusion-text fusion-text-9\"><h3 class=\"fusion-responsive-typography-calculated\" data-fontsize=\"32\" data-lineheight=\"41.6px\"><strong>Mayo<\/strong><\/h3><\/div><div class=\"fusion-text fusion-text-10\"><p>4 B. \u00c1ngel Prat Hostench y compa\u00f1eros, m\u00e1rtires<br \/>5\u00a0 \u00a0 \u00a0 \u00a0 \u00a0<a class=\"fusion-modal-text-link\" href=\"#StAngelus\" data-toggle=\"modal\" data-target=\".fusion-modal.may5\">San \u00c1ngel<\/a>sacerdote y m\u00e1rtir<br \/>8 B. Aloysius Rabat\u00e0, sacerdote<br \/>9 San Jorge Preca, sacerdote<br \/>16\u00a0 \u00a0 \u00a0 \u00a0<a class=\"fusion-modal-text-link\" href=\"#StSimonStock\" data-toggle=\"modal\" data-target=\".fusion-modal.may16\">Stock de San Sim\u00f3n\u00a0<\/a>, religioso<br \/>22 Santa Joachina de Vedruna de Mas, religiosa<br \/>25\u00a0 \u00a0 \u00a0\u00a0<a class=\"fusion-modal-text-link\" href=\"#StMaryMagdalene\" data-toggle=\"modal\" data-target=\".fusion-modal.may25\">Santa Mar\u00eda Magdalena de' Pazzi<\/a>, virgen<\/p><\/div><div class=\"fusion-text fusion-text-11\"><h3 class=\"fusion-responsive-typography-calculated\" data-fontsize=\"32\" data-lineheight=\"41.6px\"><strong>Junio<\/strong><\/h3><\/div><div class=\"fusion-text fusion-text-12\"><p>12 B. Hilario Januszewski, sacerdote y m\u00e1rtir<br \/>14 San Eliseo, profeta<\/p><\/div><div class=\"fusion-text fusion-text-13\"><h3 class=\"fusion-responsive-typography-calculated\" data-fontsize=\"32\" data-lineheight=\"41.6px\"><strong>Julio<\/strong><\/h3><\/div><div class=\"fusion-text fusion-text-14\"><p>4 B. Mar\u00eda Crocifissa Curcio, virgen<br \/>9 Bl. Jane Scopelli, virgen<br \/>12 San Luis y Mar\u00eda \u00c1ngeles Mart\u00edn, padres de Santa Teresa<br \/>13\u00a0 \u00a0 \u00a0 \u00a0<a class=\"fusion-modal-text-link\" href=\"#StTeresaofJesus\" data-toggle=\"modal\" data-target=\".fusion-modal.july13\">Santa Teresa de Jes\u00fas 'de Los Andes' (OCD)<\/a>, virgen<br \/>16\u00a0 \u00a0 \u00a0 \u00a0<a class=\"fusion-modal-text-link\" href=\"#OurLadyMtCarmel\" data-toggle=\"modal\" data-target=\".fusion-modal.july16\">Solemnidad de la Sant\u00edsima Virgen Mar\u00eda del Monte Carmelo<\/a> <a href=\"https:\/\/youtu.be\/M4ZYAcVIorY\" target=\"_blank\" rel=\"noopener\">(v\u00eddeo corto)<\/a><\/p><p>17\u00a0 \u00a0 \u00a0 \u00a0<a class=\"fusion-modal-text-link\" href=\"#BlTeresa\" data-toggle=\"modal\" data-target=\".fusion-modal.july17\">\u00a0Beata Teresa de San Agust\u00edn y compa\u00f1eros<\/a>, v\u00edrgenes y m\u00e1rtires<br \/>20\u00a0 \u00a0 \u00a0\u00a0<a class=\"fusion-modal-text-link\" href=\"#Elijah\" data-toggle=\"modal\" data-target=\".fusion-modal.july20\">San El\u00edas<\/a>, profeta <a href=\"https:\/\/youtu.be\/0xSBBmni78M\" target=\"_blank\" rel=\"noopener\">(v\u00eddeo corto)<\/a><br \/>24 Bl. Juan Soreth, sacerdote<br \/>26 San Joaqu\u00edn y Santa Ana, protectores de la Orden<br \/>27\u00a0 \u00a0 \u00a0\u00a0<a class=\"fusion-modal-text-link\" href=\"#sttitus\" data-toggle=\"modal\" data-target=\".fusion-modal.july27\">San Tito Brandsma<\/a>sacerdote y m\u00e1rtir <a href=\"https:\/\/youtu.be\/Op0k1Fn9owQ\" target=\"_blank\" rel=\"noopener\">(v\u00eddeo corto)<\/a><\/p><\/div><div class=\"fusion-text fusion-text-15\"><h3 class=\"fusion-responsive-typography-calculated\" data-fontsize=\"32\" data-lineheight=\"41.6px\"><strong>Agosto<\/strong><\/h3><\/div><div class=\"fusion-text fusion-text-16\"><p>7\u00a0 \u00a0 \u00a0 \u00a0 \u00a0\u00a0<a class=\"fusion-modal-text-link\" href=\"#StAlbertTrapani\" data-toggle=\"modal\" data-target=\".fusion-modal.aug7\">San Alberto de Trapani<\/a>, sacerdote<br \/>9\u00a0 \u00a0 \u00a0 \u00a0 \u00a0\u00a0<a class=\"fusion-modal-text-link\" href=\"#StEdithStein\" data-toggle=\"modal\" data-target=\".fusion-modal.aug9\">Edith Stein \/ Santa Teresa Benedicta de la Cruz (OCD)<\/a>, <br \/>\u00a0 \u00a0 \u00a0 \u00a0 \u00a0 \u00a0 \u00a0virgen y m\u00e1rtir <a href=\"https:\/\/carmelites.net\/es\/carmelite-review\/who-is-edith-stein\/\">(art\u00edculo y v\u00eddeo)<\/a><br \/>12 Beato Isidoro Bakanja, m\u00e1rtir<br \/>17 Bl. Angelus Augustine Mazzinghi, sacerdote<br \/>25 B. Mar\u00eda Baouardy de Jes\u00fas Crucificado (OCD), virgen<br \/>26 B. Jacques Retouret, sacerdote y m\u00e1rtir<\/p><\/div><div class=\"fusion-text fusion-text-17\"><h3 class=\"fusion-responsive-typography-calculated\" data-fontsize=\"32\" data-lineheight=\"41.6px\"><strong>Septiembre<\/strong><\/h3><\/div><div class=\"fusion-text fusion-text-18\"><p>1 Santa Teresa Margarita Redi (OCD), virgen<br \/>17\u00a0\u00a0\u00a0\u00a0\u00a0\u00a0\u00a0\u00a0<a class=\"fusion-modal-text-link\" href=\"#StAlbertJerusalem\" data-toggle=\"modal\" data-target=\".fusion-modal.sept17\">San Alberto de Jerusal\u00e9n<\/a>obispo y legislador del Carmelo <a href=\"https:\/\/youtu.be\/U3QbpQVsExc\" target=\"_blank\" rel=\"noopener\">(v\u00eddeo corto)<\/a><\/p><\/div><div class=\"fusion-text fusion-text-19\"><h3 class=\"fusion-responsive-typography-calculated\" data-fontsize=\"32\" data-lineheight=\"41.6px\"><strong>Octubre<\/strong><\/h3><\/div><div class=\"fusion-text fusion-text-20\"><p>1\u00a0 \u00a0 \u00a0 \u00a0 \u00a0\u00a0<a class=\"fusion-modal-text-link\" href=\"#Lisieux\" data-toggle=\"modal\" data-target=\".fusion-modal.oct1\">Santa Teresa de Lisieux<\/a>Virgen y Doctora de la Iglesia <a href=\"https:\/\/youtu.be\/BXFc3zH3F9c\" target=\"_blank\" rel=\"noopener\">(v\u00eddeo corto)<\/a><br \/>15\u00a0 \u00a0 \u00a0 \u00a0\u00a0<a class=\"fusion-modal-text-link\" href=\"#TereseAvila\" data-toggle=\"modal\" data-target=\".fusion-modal.oct15\">Santa Teresa de \u00c1vila<\/a>Virgen y Doctora de la Iglesia <a href=\"https:\/\/youtu.be\/pkM2uMYmZeY\" target=\"_blank\" rel=\"noopener\">(v\u00eddeo corto)<\/a><\/p><\/div><div class=\"fusion-text fusion-text-21\"><h3 class=\"fusion-responsive-typography-calculated\" data-fontsize=\"32\" data-lineheight=\"41.6px\"><strong>Noviembre<\/strong><\/h3><\/div><div class=\"fusion-text fusion-text-22\"><p>5 Beata Francisca de Amboise, religiosa<br \/>6 San Nuno Alveres Pereira, religioso<br \/>8 Santa Isabel de la Trinidad (OCD), virgen <a href=\"https:\/\/youtu.be\/MiqNAweOcro\" target=\"_blank\" rel=\"noopener\">(v\u00eddeo corto)<\/a><br \/>13 B. Mar\u00eda Teresa Scrilli, virgen<br \/>14 Todos los Santos Carmelitas<br \/>15 Conmemoraci\u00f3n de todas las almas carmelitas<br \/>19 San Rafael de San Jos\u00e9 Kalinowski (OCD), sacerdote<br \/>29 Beato Dionisio de la Natividad (OCD), sacerdote y m\u00e1rtir<br \/>29 Beato Redentor de la Cruz (OCD), religioso y m\u00e1rtir<\/p><\/div><div class=\"fusion-text fusion-text-23\"><h3 class=\"fusion-responsive-typography-calculated\" data-fontsize=\"32\" data-lineheight=\"41.6px\"><strong>Diciembre<\/strong><\/h3><\/div><div class=\"fusion-text fusion-text-24\"><p>5 Bl. Bartolom\u00e9 Fanti, sacerdote<br \/>14\u00a0 \u00a0 \u00a0 \u00a0\u00a0<a class=\"fusion-modal-text-link\" href=\"#johnofcross\" data-toggle=\"modal\" data-target=\".fusion-modal.dec14\">San Juan de la Cruz<\/a>Sacerdote y doctor de la Iglesia <a href=\"https:\/\/youtu.be\/GqNi9-aqvTg\" target=\"_blank\" rel=\"noopener\">(v\u00eddeo corto)<\/a><\/p><\/div>\t\t\t\t\t\t\t\t<\/div>\n\t\t\t\t<\/div>\n\t\t\t\t\t<\/div>\n\t\t<\/div>\n\t\t\t\t<div class=\"elementor-column elementor-col-33 elementor-top-column elementor-element elementor-element-f057fa2\" data-id=\"f057fa2\" data-element_type=\"column\" data-e-type=\"column\">\n\t\t\t<div class=\"elementor-widget-wrap elementor-element-populated\">\n\t\t\t\t<div data-particle_enable=\"false\" data-particle-mobile-disabled=\"false\" class=\"elementor-element elementor-element-73845ce e-grid e-con-boxed e-con e-parent\" data-id=\"73845ce\" data-element_type=\"container\" data-e-type=\"container\">\n\t\t\t\t\t<div class=\"e-con-inner\">\n\t\t\t\t<div class=\"elementor-element elementor-element-2f23d33 elementor-widget elementor-widget-video\" data-id=\"2f23d33\" data-element_type=\"widget\" data-e-type=\"widget\" data-settings=\"{&quot;youtube_url&quot;:&quot;https:\\\/\\\/youtu.be\\\/GqNi9-aqvTg&quot;,&quot;video_type&quot;:&quot;youtube&quot;,&quot;controls&quot;:&quot;yes&quot;}\" data-widget_type=\"video.default\">\n\t\t\t\t<div class=\"elementor-widget-container\">\n\t\t\t\t\t\t\t<div class=\"elementor-wrapper elementor-open-inline\">\n\t\t\t<div class=\"elementor-video\"><\/div>\t\t<\/div>\n\t\t\t\t\t\t<\/div>\n\t\t\t\t<\/div>\n\t\t\t\t<div class=\"elementor-element elementor-element-940da8d elementor-widget elementor-widget-video\" data-id=\"940da8d\" data-element_type=\"widget\" data-e-type=\"widget\" data-settings=\"{&quot;youtube_url&quot;:&quot;https:\\\/\\\/youtu.be\\\/MiqNAweOcro&quot;,&quot;video_type&quot;:&quot;youtube&quot;,&quot;controls&quot;:&quot;yes&quot;}\" data-widget_type=\"video.default\">\n\t\t\t\t<div class=\"elementor-widget-container\">\n\t\t\t\t\t\t\t<div class=\"elementor-wrapper elementor-open-inline\">\n\t\t\t<div class=\"elementor-video\"><\/div>\t\t<\/div>\n\t\t\t\t\t\t<\/div>\n\t\t\t\t<\/div>\n\t\t\t\t<div class=\"elementor-element elementor-element-6868bcd elementor-widget elementor-widget-video\" data-id=\"6868bcd\" data-element_type=\"widget\" data-e-type=\"widget\" data-settings=\"{&quot;youtube_url&quot;:&quot;https:\\\/\\\/youtu.be\\\/pkM2uMYmZeY&quot;,&quot;video_type&quot;:&quot;youtube&quot;,&quot;controls&quot;:&quot;yes&quot;}\" data-widget_type=\"video.default\">\n\t\t\t\t<div class=\"elementor-widget-container\">\n\t\t\t\t\t\t\t<div class=\"elementor-wrapper elementor-open-inline\">\n\t\t\t<div class=\"elementor-video\"><\/div>\t\t<\/div>\n\t\t\t\t\t\t<\/div>\n\t\t\t\t<\/div>\n\t\t\t\t<div class=\"elementor-element elementor-element-48e23f4 elementor-widget elementor-widget-video\" data-id=\"48e23f4\" data-element_type=\"widget\" data-e-type=\"widget\" data-settings=\"{&quot;youtube_url&quot;:&quot;https:\\\/\\\/youtu.be\\\/BXFc3zH3F9c&quot;,&quot;video_type&quot;:&quot;youtube&quot;,&quot;controls&quot;:&quot;yes&quot;}\" data-widget_type=\"video.default\">\n\t\t\t\t<div class=\"elementor-widget-container\">\n\t\t\t\t\t\t\t<div class=\"elementor-wrapper elementor-open-inline\">\n\t\t\t<div class=\"elementor-video\"><\/div>\t\t<\/div>\n\t\t\t\t\t\t<\/div>\n\t\t\t\t<\/div>\n\t\t\t\t<div class=\"elementor-element elementor-element-6eb086b elementor-widget elementor-widget-video\" data-id=\"6eb086b\" data-element_type=\"widget\" data-e-type=\"widget\" data-settings=\"{&quot;youtube_url&quot;:&quot;https:\\\/\\\/youtu.be\\\/U3QbpQVsExc&quot;,&quot;video_type&quot;:&quot;youtube&quot;,&quot;controls&quot;:&quot;yes&quot;}\" data-widget_type=\"video.default\">\n\t\t\t\t<div class=\"elementor-widget-container\">\n\t\t\t\t\t\t\t<div class=\"elementor-wrapper elementor-open-inline\">\n\t\t\t<div class=\"elementor-video\"><\/div>\t\t<\/div>\n\t\t\t\t\t\t<\/div>\n\t\t\t\t<\/div>\n\t\t\t\t<div class=\"elementor-element elementor-element-378f06c elementor-widget elementor-widget-video\" data-id=\"378f06c\" data-element_type=\"widget\" data-e-type=\"widget\" data-settings=\"{&quot;youtube_url&quot;:&quot;https:\\\/\\\/youtu.be\\\/vesDfTrsxeI&quot;,&quot;video_type&quot;:&quot;youtube&quot;,&quot;controls&quot;:&quot;yes&quot;}\" data-widget_type=\"video.default\">\n\t\t\t\t<div class=\"elementor-widget-container\">\n\t\t\t\t\t\t\t<div class=\"elementor-wrapper elementor-open-inline\">\n\t\t\t<div class=\"elementor-video\"><\/div>\t\t<\/div>\n\t\t\t\t\t\t<\/div>\n\t\t\t\t<\/div>\n\t\t\t\t<div class=\"elementor-element elementor-element-579f711 elementor-widget elementor-widget-video\" data-id=\"579f711\" data-element_type=\"widget\" data-e-type=\"widget\" data-settings=\"{&quot;youtube_url&quot;:&quot;https:\\\/\\\/youtu.be\\\/Op0k1Fn9owQ&quot;,&quot;video_type&quot;:&quot;youtube&quot;,&quot;controls&quot;:&quot;yes&quot;}\" data-widget_type=\"video.default\">\n\t\t\t\t<div class=\"elementor-widget-container\">\n\t\t\t\t\t\t\t<div class=\"elementor-wrapper elementor-open-inline\">\n\t\t\t<div class=\"elementor-video\"><\/div>\t\t<\/div>\n\t\t\t\t\t\t<\/div>\n\t\t\t\t<\/div>\n\t\t\t\t<div class=\"elementor-element elementor-element-3771be8 elementor-widget elementor-widget-video\" data-id=\"3771be8\" data-element_type=\"widget\" data-e-type=\"widget\" data-settings=\"{&quot;youtube_url&quot;:&quot;https:\\\/\\\/youtu.be\\\/M4ZYAcVIorY&quot;,&quot;video_type&quot;:&quot;youtube&quot;,&quot;controls&quot;:&quot;yes&quot;}\" data-widget_type=\"video.default\">\n\t\t\t\t<div class=\"elementor-widget-container\">\n\t\t\t\t\t\t\t<div class=\"elementor-wrapper elementor-open-inline\">\n\t\t\t<div class=\"elementor-video\"><\/div>\t\t<\/div>\n\t\t\t\t\t\t<\/div>\n\t\t\t\t<\/div>\n\t\t\t\t<div class=\"elementor-element elementor-element-c842eec elementor-widget elementor-widget-video\" data-id=\"c842eec\" data-element_type=\"widget\" data-e-type=\"widget\" data-settings=\"{&quot;youtube_url&quot;:&quot;https:\\\/\\\/youtu.be\\\/0xSBBmni78M&quot;,&quot;video_type&quot;:&quot;youtube&quot;,&quot;controls&quot;:&quot;yes&quot;}\" data-widget_type=\"video.default\">\n\t\t\t\t<div class=\"elementor-widget-container\">\n\t\t\t\t\t\t\t<div class=\"elementor-wrapper elementor-open-inline\">\n\t\t\t<div class=\"elementor-video\"><\/div>\t\t<\/div>\n\t\t\t\t\t\t<\/div>\n\t\t\t\t<\/div>\n\t\t\t\t\t<\/div>\n\t\t\t\t<\/div>\n\t\t\t\t\t<\/div>\n\t\t<\/div>\n\t\t\t\t\t<\/div>\n\t\t<\/section>\n\t\t\t\t<\/div>","protected":false},"excerpt":{"rendered":"<p>The Carmelite Calendar of the Saints View our ongoing &#8220;Why is there no Saint Carmel?&#8221; video series on our YouTube Channel. January 3\u00a0 \u00a0 \u00a0 \u00a0 \u00a0St. Kuriakos Elias Chavara (CMI), priest8\u00a0\u00a0\u00a0\u00a0\u00a0\u00a0\u00a0\u00a0\u00a0St. Peter Thomas, bishop9\u00a0 \u00a0 \u00a0 \u00a0 \u00a0St. Andrew Corsini, bishop20\u00a0 \u00a0 \u00a0\u00a0Bl. Angelo Paoli, priest29\u00a0 \u00a0 \u00a0 Bl. Archangela Girlani, virgin February 1\u00a0\u00a0\u00a0\u00a0\u00a0\u00a0\u00a0\u00a0\u00a0\u00a0 [&hellip;]<\/p>\n","protected":false},"author":1,"featured_media":0,"parent":0,"menu_order":0,"comment_status":"closed","ping_status":"closed","template":"","meta":{"rs_blank_template":"","rs_page_bg_color":"","slide_template_v7":"","_analytify_skip_tracking":false,"footnotes":""},"class_list":["post-625","page","type-page","status-publish","hentry"],"aioseo_notices":[],"_links":{"self":[{"href":"https:\/\/carmelites.net\/es\/wp-json\/wp\/v2\/pages\/625","targetHints":{"allow":["GET"]}}],"collection":[{"href":"https:\/\/carmelites.net\/es\/wp-json\/wp\/v2\/pages"}],"about":[{"href":"https:\/\/carmelites.net\/es\/wp-json\/wp\/v2\/types\/page"}],"author":[{"embeddable":true,"href":"https:\/\/carmelites.net\/es\/wp-json\/wp\/v2\/users\/1"}],"replies":[{"embeddable":true,"href":"https:\/\/carmelites.net\/es\/wp-json\/wp\/v2\/comments?post=625"}],"version-history":[{"count":220,"href":"https:\/\/carmelites.net\/es\/wp-json\/wp\/v2\/pages\/625\/revisions"}],"predecessor-version":[{"id":22570,"href":"https:\/\/carmelites.net\/es\/wp-json\/wp\/v2\/pages\/625\/revisions\/22570"}],"wp:attachment":[{"href":"https:\/\/carmelites.net\/es\/wp-json\/wp\/v2\/media?parent=625"}],"curies":[{"name":"wp","href":"https:\/\/api.w.org\/{rel}","templated":true}]}}