{"id":324,"date":"2021-08-06T00:26:55","date_gmt":"2021-08-06T00:26:55","guid":{"rendered":"https:\/\/carmelites.net\/?page_id=324"},"modified":"2021-08-06T00:33:46","modified_gmt":"2021-08-06T00:33:46","slug":"provincial-council-goals","status":"publish","type":"page","link":"https:\/\/carmelites.net\/es\/provincial-council-goals\/","title":{"rendered":"Objetivos de la Diputaci\u00f3n Provincial \u00a0"},"content":{"rendered":"<p><strong><img loading=\"lazy\" decoding=\"async\" class=\"wp-image-326 size-fusion-400 alignright\" src=\"http:\/\/carmelites.net\/wp-content\/uploads\/2021\/08\/vocations-400x267.jpg\" alt=\"\" width=\"400\" height=\"267\" srcset=\"https:\/\/carmelites.net\/wp-content\/uploads\/2021\/08\/vocations-400x267.jpg 400w, https:\/\/carmelites.net\/wp-content\/uploads\/2021\/08\/vocations-300x200.jpg 300w, https:\/\/carmelites.net\/wp-content\/uploads\/2021\/08\/vocations-768x512.jpg 768w, https:\/\/carmelites.net\/wp-content\/uploads\/2021\/08\/vocations-200x133.jpg 200w, https:\/\/carmelites.net\/wp-content\/uploads\/2021\/08\/vocations-600x400.jpg 600w, https:\/\/carmelites.net\/wp-content\/uploads\/2021\/08\/vocations-800x533.jpg 800w, https:\/\/carmelites.net\/wp-content\/uploads\/2021\/08\/vocations.jpg 900w\" sizes=\"auto, (max-width: 400px) 100vw, 400px\" \/>Centrarse en las vocaciones<\/strong> | <em>Las nuevas vocaciones al Carmelo son la base de nuestro futuro provincial, por lo que nos comprometemos a: <\/em><\/p>\n<ul>\n<li>Continuar con los esfuerzos pro-activos de las vocaciones en Per\u00fa, M\u00e9xico y El Salvador, mientras se establecen nuevos ministerios en estas \u00e1reas.<\/li>\n<li>Impulsar una campa\u00f1a vocacional en Estados Unidos y Canad\u00e1 con un equipo vocacional ampliado. Iniciaremos un estudio exhaustivo de nuestros esfuerzos actuales en materia de vocaciones y formaci\u00f3n para comprender mejor y responder m\u00e1s eficazmente a nuestra realidad actual.<\/li>\n<li>Organizar una nueva campa\u00f1a de medios de comunicaci\u00f3n para maximizar el potencial de los medios digitales y sociales. Todos nuestros esfuerzos de comunicaci\u00f3n provincial tendr\u00e1n en cuenta la prioridad de llegar a las vocaciones potenciales.<\/li>\n<li>Establecer una nueva campa\u00f1a de oraci\u00f3n por las vocaciones provinciales para involucrar a los hombres de la Provincia, a las Monjas y Hermanas Carmelitas, a los Laicos Carmelitas, a los miembros de la Sociedad de la Peque\u00f1a Flor, y a los que sirven en nuestras parroquias, escuelas secundarias, centros de retiro y diversos ministerios en toda la Provincia.<\/li>\n<li>Iniciar un programa de verano para los j\u00f3venes de la escuela secundaria de nuestros diversos ministerios para promover el carisma carmelita y las futuras vocaciones potenciales.<\/li>\n<\/ul>\n<p><strong><img loading=\"lazy\" decoding=\"async\" class=\"size-fusion-400 wp-image-328 alignright\" src=\"http:\/\/carmelites.net\/wp-content\/uploads\/2021\/08\/fraternal-1-400x267.jpg\" alt=\"\" width=\"400\" height=\"267\" srcset=\"https:\/\/carmelites.net\/wp-content\/uploads\/2021\/08\/fraternal-1-400x267.jpg 400w, https:\/\/carmelites.net\/wp-content\/uploads\/2021\/08\/fraternal-1-300x200.jpg 300w, https:\/\/carmelites.net\/wp-content\/uploads\/2021\/08\/fraternal-1-768x512.jpg 768w, https:\/\/carmelites.net\/wp-content\/uploads\/2021\/08\/fraternal-1-200x133.jpg 200w, https:\/\/carmelites.net\/wp-content\/uploads\/2021\/08\/fraternal-1-600x400.jpg 600w, https:\/\/carmelites.net\/wp-content\/uploads\/2021\/08\/fraternal-1-800x533.jpg 800w, https:\/\/carmelites.net\/wp-content\/uploads\/2021\/08\/fraternal-1.jpg 900w\" sizes=\"auto, (max-width: 400px) 100vw, 400px\" \/>Potenciar la integraci\u00f3n fraterna<\/strong> de todos los carmelitas de nuestra provincia | <em>Como los hombres de la Provincia PCM ejercen su ministerio en los Estados Unidos, Canad\u00e1, Per\u00fa, M\u00e9xico y El Salvador, trabajaremos por la integraci\u00f3n de todas las agrupaciones nacionales que forman nuestra identidad provincial.  Por lo tanto, nos comprometemos a:<\/em><\/p>\n<ul>\n<li>Ampliar la comunicaci\u00f3n biling\u00fce en ingl\u00e9s y espa\u00f1ol en nuestra provincia.<\/li>\n<li>Continuar con los estudios de idiomas y las experiencias internacionales dentro de nuestra Provincia para todos nuestros hombres, particularmente los de formaci\u00f3n inicial, para promover un mayor entendimiento cultural y ling\u00fc\u00edstico.<\/li>\n<li>Fomentar la participaci\u00f3n de los carmelitas de toda nuestra Provincia en los cap\u00edtulos provinciales, en las comisiones, en el Consejo Provincial, etc.<\/li>\n<li>Proporcionar experiencias de pr\u00e1cticas pastorales en Estados Unidos y Canad\u00e1 para nuestros hombres latinoamericanos en formaci\u00f3n, y en Per\u00fa, M\u00e9xico y El Salvador para nuestros hermanos estadounidenses y canadienses.<\/li>\n<li>Proporcionar futuras asignaciones ministeriales en Estados Unidos y Canad\u00e1 para nuestros hombres latinoamericanos y en Per\u00fa, M\u00e9xico y El Salvador para nuestros hermanos estadounidenses y canadienses.<\/li>\n<\/ul>\n<p><strong><img loading=\"lazy\" decoding=\"async\" class=\"size-fusion-400 wp-image-330 alignright\" src=\"http:\/\/carmelites.net\/wp-content\/uploads\/2021\/08\/revitalize-1-400x267.jpg\" alt=\"\" width=\"400\" height=\"267\" srcset=\"https:\/\/carmelites.net\/wp-content\/uploads\/2021\/08\/revitalize-1-400x267.jpg 400w, https:\/\/carmelites.net\/wp-content\/uploads\/2021\/08\/revitalize-1-300x200.jpg 300w, https:\/\/carmelites.net\/wp-content\/uploads\/2021\/08\/revitalize-1-768x512.jpg 768w, https:\/\/carmelites.net\/wp-content\/uploads\/2021\/08\/revitalize-1-200x133.jpg 200w, https:\/\/carmelites.net\/wp-content\/uploads\/2021\/08\/revitalize-1-600x400.jpg 600w, https:\/\/carmelites.net\/wp-content\/uploads\/2021\/08\/revitalize-1-800x533.jpg 800w, https:\/\/carmelites.net\/wp-content\/uploads\/2021\/08\/revitalize-1.jpg 900w\" sizes=\"auto, (max-width: 400px) 100vw, 400px\" \/>Revitalizar nuestra vida comunitaria<\/strong> | <em>Reconocemos que el envejecimiento de la Provincia, el bajo n\u00famero de vocaciones estadounidenses y canadienses, la retirada de los Provinciales de muchos de nuestros ministerios, el impacto de la crisis de los abusos sexuales y la diversidad de edades y or\u00edgenes culturales de los hombres de la Provincia han afectado a nuestra realidad comunitaria.  Por lo tanto, nos comprometemos a: <\/em><\/p>\n<ul>\n<li>Alimentar los principios b\u00e1sicos de nuestra hermandad carmelita: una vida de oraci\u00f3n personal y comunitaria, la fidelidad a los votos de pobreza, castidad y obediencia, y el compromiso con la vida comunitaria.<\/li>\n<li>Apoyar el papel del Prior en la promoci\u00f3n de las comidas comunitarias, los encuentros comunitarios, las jornadas de reflexi\u00f3n, la creaci\u00f3n anual de un plan de vida comunitario y las cuestiones relativas al final de la vida.<\/li>\n<li>Utilizar nuestros medios de comunicaci\u00f3n para promover la informaci\u00f3n b\u00e1sica y el entendimiento m\u00e1s profundo entre los hermanos para que podamos conocernos mejor y permanecer conectados.<\/li>\n<li>Adoptar un modelo de liderazgo de servicio con un verdadero esp\u00edritu de colaboraci\u00f3n y comunicaci\u00f3n abierta con los hombres de la Provincia, promoviendo al mismo tiempo el perd\u00f3n cristiano, la reconciliaci\u00f3n y la amabilidad b\u00e1sica de unos con otros.<\/li>\n<li>Acompa\u00f1ar a los miembros enfermos, ancianos y moribundos de nuestra Provincia, y a todos aquellos en momentos de crisis personal, para que ning\u00fan hermano camine solo.<\/li>\n<li>Abrir nuestras comunidades para compartir nuestra propia llamada al Carmelo con los potenciales buscadores de vocaciones.<\/li>\n<li>Animar los encuentros comunitarios de nuestros hombres a nivel local, regional y provincial.<\/li>\n<\/ul>\n<p><strong><img loading=\"lazy\" decoding=\"async\" class=\"size-fusion-400 wp-image-333 alignright\" src=\"http:\/\/carmelites.net\/wp-content\/uploads\/2021\/08\/NGO-400x225.jpg\" alt=\"\" width=\"400\" height=\"225\" srcset=\"https:\/\/carmelites.net\/wp-content\/uploads\/2021\/08\/NGO-400x225.jpg 400w, https:\/\/carmelites.net\/wp-content\/uploads\/2021\/08\/NGO-300x169.jpg 300w, https:\/\/carmelites.net\/wp-content\/uploads\/2021\/08\/NGO-768x432.jpg 768w, https:\/\/carmelites.net\/wp-content\/uploads\/2021\/08\/NGO-200x112.jpg 200w, https:\/\/carmelites.net\/wp-content\/uploads\/2021\/08\/NGO-600x337.jpg 600w, https:\/\/carmelites.net\/wp-content\/uploads\/2021\/08\/NGO-800x450.jpg 800w, https:\/\/carmelites.net\/wp-content\/uploads\/2021\/08\/NGO.jpg 900w\" sizes=\"auto, (max-width: 400px) 100vw, 400px\" \/>Promover la gesti\u00f3n ecol\u00f3gica<\/strong> | <em>Somos muy conscientes de una serie de problemas medioambientales mundiales cr\u00edticos, entre los que destacan el impacto inmediato del cambio clim\u00e1tico y la disparidad en el consumo de recursos entre la familia de naciones.  Por lo tanto, nos comprometemos a: <\/em><\/p>\n<ul>\n<li>Educar a los hombres de nuestra provincia en cuestiones relacionadas con el cambio clim\u00e1tico y sus causas.<\/li>\n<li>Iniciar un debate comunitario sobre estas cuestiones ambientales urgentes en cada una de nuestras comunidades locales, desafiando primero a nuestros hombres a leer y discutir la carta pastoral del Papa Francisco, <em>Laudato Si<\/em>.<\/li>\n<li>Determinar la huella de carbono de las instituciones y propiedades que posee o administra la provincia, con el objetivo de reducir la huella de carbono provincial hacia las emisiones netas cero, reduciendo as\u00ed el consumo de energ\u00eda basada en combustibles f\u00f3siles y avanzando hacia la energ\u00eda sostenible.<\/li>\n<li>Colaborar con Catholic Energies, la ONG carmelita y otras entidades carmelitas para lograr estos objetivos.<\/li>\n<li>Animar a nuestros miembros a dar pasos individuales, peque\u00f1os pero concretos, para proteger el medio ambiente.<\/li>\n<\/ul>\n<p><strong><img loading=\"lazy\" decoding=\"async\" class=\"size-fusion-400 wp-image-335 alignright\" src=\"http:\/\/carmelites.net\/wp-content\/uploads\/2021\/08\/carmelite-studies-400x267.jpg\" alt=\"\" width=\"400\" height=\"267\" srcset=\"https:\/\/carmelites.net\/wp-content\/uploads\/2021\/08\/carmelite-studies-400x267.jpg 400w, https:\/\/carmelites.net\/wp-content\/uploads\/2021\/08\/carmelite-studies-300x200.jpg 300w, https:\/\/carmelites.net\/wp-content\/uploads\/2021\/08\/carmelite-studies-768x512.jpg 768w, https:\/\/carmelites.net\/wp-content\/uploads\/2021\/08\/carmelite-studies-200x133.jpg 200w, https:\/\/carmelites.net\/wp-content\/uploads\/2021\/08\/carmelite-studies-600x400.jpg 600w, https:\/\/carmelites.net\/wp-content\/uploads\/2021\/08\/carmelite-studies-800x533.jpg 800w, https:\/\/carmelites.net\/wp-content\/uploads\/2021\/08\/carmelite-studies.jpg 900w\" sizes=\"auto, (max-width: 400px) 100vw, 400px\" \/>Promover la espiritualidad carmelita<\/strong> | <em>La vida de cada carmelita est\u00e1 al servicio de nuestro carisma carmelita.  Este carisma, plasmado por primera vez en la Regla de San Alberto, de 800 a\u00f1os de antig\u00fcedad, ha sido desarrollado y avanzado a lo largo de los siglos.  Nuestra espiritualidad carmelita, expresada a trav\u00e9s de los escritos de varios santos carmelitas y doctores de la Iglesia, es un gran regalo para la Iglesia universal.  Por lo tanto, nos comprometemos a:\u00a0 <\/em><\/p>\n<ul>\n<li>Desarrollar la C\u00e1tedra de la Provincia Carmelita del Pur\u00edsimo Coraz\u00f3n de Mar\u00eda y los Centros de Estudios Carmelitas en la Universidad Cat\u00f3lica de Am\u00e9rica.<\/li>\n<li>Participar en el Consejo Asesor del Centro de Estudios Carmelitas para asegurar la adecuada direcci\u00f3n del Centro para el que fue creado.<\/li>\n<li>Invitar a los carmelitas de todo el mundo a venir al Centro de Estudios Carmelitas de la Universidad Cat\u00f3lica de Am\u00e9rica.<\/li>\n<li>Animar a los hombres de la Provincia a participar en programas ofrecidos por diversas entidades carmelitas.<\/li>\n<li>Desarrollo del Instituto de las Am\u00e9ricas.<\/li>\n<li>Lanzamiento de un nuevo sitio web para la Colecci\u00f3n Carmelitana de Whitefriars Hall.<\/li>\n<\/ul>\n<p>&nbsp;<\/p>\n<p>&nbsp;<\/p>","protected":false},"excerpt":{"rendered":"<p>To Focus on Vocations | New vocations to Carmel are the foundation of our Provincial future; therefore, we commit ourselves to: Continuing pro-active vocation efforts in Peru, Mexico and El Salvador, while establishing new ministries in these areas. Energizing a vocation campaign in the United States and Canada with an expanded vocation team. We will [&hellip;]<\/p>\n","protected":false},"author":1,"featured_media":0,"parent":0,"menu_order":0,"comment_status":"closed","ping_status":"closed","template":"","meta":{"rs_blank_template":"","rs_page_bg_color":"","slide_template_v7":"","_analytify_skip_tracking":false,"footnotes":""},"class_list":["post-324","page","type-page","status-publish","hentry"],"aioseo_notices":[],"_links":{"self":[{"href":"https:\/\/carmelites.net\/es\/wp-json\/wp\/v2\/pages\/324","targetHints":{"allow":["GET"]}}],"collection":[{"href":"https:\/\/carmelites.net\/es\/wp-json\/wp\/v2\/pages"}],"about":[{"href":"https:\/\/carmelites.net\/es\/wp-json\/wp\/v2\/types\/page"}],"author":[{"embeddable":true,"href":"https:\/\/carmelites.net\/es\/wp-json\/wp\/v2\/users\/1"}],"replies":[{"embeddable":true,"href":"https:\/\/carmelites.net\/es\/wp-json\/wp\/v2\/comments?post=324"}],"version-history":[{"count":7,"href":"https:\/\/carmelites.net\/es\/wp-json\/wp\/v2\/pages\/324\/revisions"}],"predecessor-version":[{"id":336,"href":"https:\/\/carmelites.net\/es\/wp-json\/wp\/v2\/pages\/324\/revisions\/336"}],"wp:attachment":[{"href":"https:\/\/carmelites.net\/es\/wp-json\/wp\/v2\/media?parent=324"}],"curies":[{"name":"wp","href":"https:\/\/api.w.org\/{rel}","templated":true}]}}