{"id":23017,"date":"2026-01-29T10:10:33","date_gmt":"2026-01-29T16:10:33","guid":{"rendered":"https:\/\/carmelites.net\/?page_id=23017"},"modified":"2026-01-29T10:15:40","modified_gmt":"2026-01-29T16:15:40","slug":"privacy-notice","status":"publish","type":"page","link":"https:\/\/carmelites.net\/es\/privacy-notice\/","title":{"rendered":"Confidencialidad"},"content":{"rendered":"<p><strong>Aviso de privacidad:<\/strong><br \/>\nCarmelites.net recoge informaci\u00f3n personal \u00fanicamente para procesar donaciones, responder a consultas y apoyar nuestra misi\u00f3n religiosa. Las donaciones son procesadas de forma segura por proveedores externos. No vendemos informaci\u00f3n personal. Al enviar este formulario, da su consentimiento para que utilicemos su informaci\u00f3n de acuerdo con nuestra pol\u00edtica de privacidad. <a href=\"https:\/\/carmelites.net\/es\/privacy-policy\/\">Pol\u00edtica de privacidad<\/a>.<\/p>","protected":false},"excerpt":{"rendered":"<p>Privacy Notice: Carmelites.net collects personal information solely to process donations, respond to inquiries, and support our religious mission. Donations are processed securely by third-party providers. We do not sell personal [&hellip;]<\/p>\n","protected":false},"author":1,"featured_media":0,"parent":0,"menu_order":0,"comment_status":"closed","ping_status":"closed","template":"","meta":{"rs_blank_template":"","rs_page_bg_color":"","slide_template_v7":"","_analytify_skip_tracking":false,"footnotes":""},"class_list":["post-23017","page","type-page","status-publish","hentry"],"aioseo_notices":[],"_links":{"self":[{"href":"https:\/\/carmelites.net\/es\/wp-json\/wp\/v2\/pages\/23017","targetHints":{"allow":["GET"]}}],"collection":[{"href":"https:\/\/carmelites.net\/es\/wp-json\/wp\/v2\/pages"}],"about":[{"href":"https:\/\/carmelites.net\/es\/wp-json\/wp\/v2\/types\/page"}],"author":[{"embeddable":true,"href":"https:\/\/carmelites.net\/es\/wp-json\/wp\/v2\/users\/1"}],"replies":[{"embeddable":true,"href":"https:\/\/carmelites.net\/es\/wp-json\/wp\/v2\/comments?post=23017"}],"version-history":[{"count":3,"href":"https:\/\/carmelites.net\/es\/wp-json\/wp\/v2\/pages\/23017\/revisions"}],"predecessor-version":[{"id":23021,"href":"https:\/\/carmelites.net\/es\/wp-json\/wp\/v2\/pages\/23017\/revisions\/23021"}],"wp:attachment":[{"href":"https:\/\/carmelites.net\/es\/wp-json\/wp\/v2\/media?parent=23017"}],"curies":[{"name":"wp","href":"https:\/\/api.w.org\/{rel}","templated":true}]}}