{"id":21352,"date":"2025-08-24T11:46:08","date_gmt":"2025-08-24T16:46:08","guid":{"rendered":"https:\/\/carmelites.net\/?page_id=21352"},"modified":"2025-09-10T13:42:31","modified_gmt":"2025-09-10T18:42:31","slug":"jpic","status":"publish","type":"page","link":"https:\/\/carmelites.net\/es\/jpic\/","title":{"rendered":"JPIC"},"content":{"rendered":"<div data-elementor-type=\"wp-page\" data-elementor-id=\"21352\" class=\"elementor elementor-21352\" data-elementor-post-type=\"page\">\n\t\t\t\t<div data-particle_enable=\"false\" data-particle-mobile-disabled=\"false\" class=\"elementor-element elementor-element-ba817ee e-flex e-con-boxed e-con e-parent\" data-id=\"ba817ee\" data-element_type=\"container\" data-e-type=\"container\">\n\t\t\t\t\t<div class=\"e-con-inner\">\n\t\t<div data-particle_enable=\"false\" data-particle-mobile-disabled=\"false\" class=\"elementor-element elementor-element-445d515 e-con-full e-flex e-con e-child\" data-id=\"445d515\" data-element_type=\"container\" data-e-type=\"container\">\n\t\t\t\t<div class=\"elementor-element elementor-element-b37afdd elementor-widget__width-initial elementor-widget elementor-widget-image\" data-id=\"b37afdd\" data-element_type=\"widget\" data-e-type=\"widget\" data-widget_type=\"image.default\">\n\t\t\t\t<div class=\"elementor-widget-container\">\n\t\t\t\t\t\t\t\t\t\t\t\t\t\t\t\t<a href=\"https:\/\/carmelites.net\/es\/uncategorized\/laudato-si-action-plan-may-2025\/\">\n\t\t\t\t\t\t\t<img loading=\"lazy\" decoding=\"async\" width=\"705\" height=\"268\" src=\"https:\/\/carmelites.net\/wp-content\/uploads\/2025\/08\/JPIC.jpg\" class=\"attachment-full size-full wp-image-21355\" alt=\"\" srcset=\"https:\/\/carmelites.net\/wp-content\/uploads\/2025\/08\/JPIC.jpg 705w, https:\/\/carmelites.net\/wp-content\/uploads\/2025\/08\/JPIC-300x114.jpg 300w, https:\/\/carmelites.net\/wp-content\/uploads\/2025\/08\/JPIC-18x7.jpg 18w\" sizes=\"auto, (max-width: 705px) 100vw, 705px\" \/>\t\t\t\t\t\t\t\t<\/a>\n\t\t\t\t\t\t\t\t\t\t\t\t\t\t\t<\/div>\n\t\t\t\t<\/div>\n\t\t\t\t<\/div>\n\t\t\t\t\t<\/div>\n\t\t\t\t<\/div>\n\t\t<div data-particle_enable=\"false\" data-particle-mobile-disabled=\"false\" class=\"elementor-element elementor-element-cb3b5b3 e-flex e-con-boxed e-con e-parent\" data-id=\"cb3b5b3\" data-element_type=\"container\" data-e-type=\"container\">\n\t\t\t\t\t<div class=\"e-con-inner\">\n\t\t<div data-particle_enable=\"false\" data-particle-mobile-disabled=\"false\" class=\"elementor-element elementor-element-5a4e136 e-flex e-con-boxed e-con e-child\" data-id=\"5a4e136\" data-element_type=\"container\" data-e-type=\"container\">\n\t\t\t\t\t<div class=\"e-con-inner\">\n\t\t\t\t<div class=\"elementor-element elementor-element-6512263 elementor-widget elementor-widget-text-editor\" data-id=\"6512263\" data-element_type=\"widget\" data-e-type=\"widget\" data-widget_type=\"text-editor.default\">\n\t\t\t\t<div class=\"elementor-widget-container\">\n\t\t\t\t\t\t\t\t\t<h2>Declaraciones de JPIC<\/h2>\t\t\t\t\t\t\t\t<\/div>\n\t\t\t\t<\/div>\n\t\t\t\t<div class=\"elementor-element elementor-element-e7aa118 elementor-grid-4 elementor-grid-tablet-2 elementor-grid-mobile-1 elementor-posts--thumbnail-top elementor-widget elementor-widget-posts\" data-id=\"e7aa118\" data-element_type=\"widget\" data-e-type=\"widget\" data-settings=\"{&quot;classic_columns&quot;:&quot;4&quot;,&quot;classic_columns_tablet&quot;:&quot;2&quot;,&quot;classic_columns_mobile&quot;:&quot;1&quot;,&quot;classic_row_gap&quot;:{&quot;unit&quot;:&quot;px&quot;,&quot;size&quot;:35,&quot;sizes&quot;:[]},&quot;classic_row_gap_tablet&quot;:{&quot;unit&quot;:&quot;px&quot;,&quot;size&quot;:&quot;&quot;,&quot;sizes&quot;:[]},&quot;classic_row_gap_mobile&quot;:{&quot;unit&quot;:&quot;px&quot;,&quot;size&quot;:&quot;&quot;,&quot;sizes&quot;:[]}}\" data-widget_type=\"posts.classic\">\n\t\t\t\t<div class=\"elementor-widget-container\">\n\t\t\t\t\t\t\t<div class=\"elementor-posts-container elementor-posts elementor-posts--skin-classic elementor-grid\" role=\"list\">\n\t\t\t\t<article class=\"elementor-post elementor-grid-item post-21313 post type-post status-publish format-standard has-post-thumbnail hentry category-jpic\" role=\"listitem\">\n\t\t\t\t<a class=\"elementor-post__thumbnail__link\" href=\"https:\/\/carmelites.net\/es\/jpic\/provincial-statements-on-gaza-and-migration\/\" tabindex=\"-1\" >\n\t\t\t<div class=\"elementor-post__thumbnail\"><img loading=\"lazy\" decoding=\"async\" width=\"300\" height=\"100\" src=\"https:\/\/carmelites.net\/wp-content\/uploads\/2025\/08\/JPIC-GM-Banner-1200-300x100.jpg\" class=\"attachment-medium size-medium wp-image-21337\" alt=\"\" srcset=\"https:\/\/carmelites.net\/wp-content\/uploads\/2025\/08\/JPIC-GM-Banner-1200-300x100.jpg 300w, https:\/\/carmelites.net\/wp-content\/uploads\/2025\/08\/JPIC-GM-Banner-1200-1024x341.jpg 1024w, https:\/\/carmelites.net\/wp-content\/uploads\/2025\/08\/JPIC-GM-Banner-1200-768x256.jpg 768w, https:\/\/carmelites.net\/wp-content\/uploads\/2025\/08\/JPIC-GM-Banner-1200-18x6.jpg 18w, https:\/\/carmelites.net\/wp-content\/uploads\/2025\/08\/JPIC-GM-Banner-1200.jpg 1200w\" sizes=\"auto, (max-width: 300px) 100vw, 300px\" \/><\/div>\n\t\t<\/a>\n\t\t\t\t<div class=\"elementor-post__text\">\n\t\t\t\t<h6 class=\"elementor-post__title\">\n\t\t\t<a href=\"https:\/\/carmelites.net\/es\/jpic\/provincial-statements-on-gaza-and-migration\/\" >\n\t\t\t\tDeclaraciones provinciales sobre Gaza y la migraci\u00f3n\t\t\t<\/a>\n\t\t<\/h6>\n\t\t\t\t<div class=\"elementor-post__meta-data\">\n\t\t\t\t\t<span class=\"elementor-post-date\">\n\t\t\t19 de agosto de 2025\t\t<\/span>\n\t\t\t\t<\/div>\n\t\t\n\t\t<a class=\"elementor-post__read-more\" href=\"https:\/\/carmelites.net\/es\/jpic\/provincial-statements-on-gaza-and-migration\/\" aria-label=\"M\u00e1s informaci\u00f3n sobre Declaraciones provinciales sobre Gaza y la migraci\u00f3n\" tabindex=\"-1\" >\n\t\t\tLeer M\u00e1s \"\t\t<\/a>\n\n\t\t\t\t<\/div>\n\t\t\t\t<\/article>\n\t\t\t\t<article class=\"elementor-post elementor-grid-item post-21102 post type-post status-publish format-standard has-post-thumbnail hentry category-jpic category-carmelite-review tag-carmel tag-carmelite tag-carmelite-spirituality tag-charity tag-community tag-faith tag-integrity tag-jpic tag-justice tag-peace tag-support\" role=\"listitem\">\n\t\t\t\t<a class=\"elementor-post__thumbnail__link\" href=\"https:\/\/carmelites.net\/es\/carmelite-review\/jpic-charity-human-development-grants\/\" tabindex=\"-1\" >\n\t\t\t<div class=\"elementor-post__thumbnail\"><img loading=\"lazy\" decoding=\"async\" width=\"300\" height=\"200\" src=\"https:\/\/carmelites.net\/wp-content\/uploads\/2025\/08\/Picture6-300x200.png\" class=\"attachment-medium size-medium wp-image-21109\" alt=\"\" srcset=\"https:\/\/carmelites.net\/wp-content\/uploads\/2025\/08\/Picture6-300x200.png 300w, https:\/\/carmelites.net\/wp-content\/uploads\/2025\/08\/Picture6-768x512.png 768w, https:\/\/carmelites.net\/wp-content\/uploads\/2025\/08\/Picture6-18x12.png 18w, https:\/\/carmelites.net\/wp-content\/uploads\/2025\/08\/Picture6.png 900w\" sizes=\"auto, (max-width: 300px) 100vw, 300px\" \/><\/div>\n\t\t<\/a>\n\t\t\t\t<div class=\"elementor-post__text\">\n\t\t\t\t<h6 class=\"elementor-post__title\">\n\t\t\t<a href=\"https:\/\/carmelites.net\/es\/carmelite-review\/jpic-charity-human-development-grants\/\" >\n\t\t\t\tSubvenciones de Caridad y Desarrollo Humano de JPIC\t\t\t<\/a>\n\t\t<\/h6>\n\t\t\t\t<div class=\"elementor-post__meta-data\">\n\t\t\t\t\t<span class=\"elementor-post-date\">\n\t\t\t7 de agosto de 2025\t\t<\/span>\n\t\t\t\t<\/div>\n\t\t\n\t\t<a class=\"elementor-post__read-more\" href=\"https:\/\/carmelites.net\/es\/carmelite-review\/jpic-charity-human-development-grants\/\" aria-label=\"M\u00e1s informaci\u00f3n sobre JPIC Charity &amp; Human Development Grants\" tabindex=\"-1\" >\n\t\t\tLeer M\u00e1s \"\t\t<\/a>\n\n\t\t\t\t<\/div>\n\t\t\t\t<\/article>\n\t\t\t\t<\/div>\n\t\t\n\t\t\t\t\t\t<\/div>\n\t\t\t\t<\/div>\n\t\t\t\t\t<\/div>\n\t\t\t\t<\/div>\n\t\t\t\t\t<\/div>\n\t\t\t\t<\/div>\n\t\t\t\t<\/div>","protected":false},"excerpt":{"rendered":"<p>Declaraciones de JPIC<\/p>","protected":false},"author":1,"featured_media":0,"parent":0,"menu_order":0,"comment_status":"closed","ping_status":"closed","template":"","meta":{"rs_blank_template":"","rs_page_bg_color":"","slide_template_v7":"","_analytify_skip_tracking":false,"footnotes":""},"class_list":["post-21352","page","type-page","status-publish","hentry"],"aioseo_notices":[],"_links":{"self":[{"href":"https:\/\/carmelites.net\/es\/wp-json\/wp\/v2\/pages\/21352","targetHints":{"allow":["GET"]}}],"collection":[{"href":"https:\/\/carmelites.net\/es\/wp-json\/wp\/v2\/pages"}],"about":[{"href":"https:\/\/carmelites.net\/es\/wp-json\/wp\/v2\/types\/page"}],"author":[{"embeddable":true,"href":"https:\/\/carmelites.net\/es\/wp-json\/wp\/v2\/users\/1"}],"replies":[{"embeddable":true,"href":"https:\/\/carmelites.net\/es\/wp-json\/wp\/v2\/comments?post=21352"}],"version-history":[{"count":16,"href":"https:\/\/carmelites.net\/es\/wp-json\/wp\/v2\/pages\/21352\/revisions"}],"predecessor-version":[{"id":21537,"href":"https:\/\/carmelites.net\/es\/wp-json\/wp\/v2\/pages\/21352\/revisions\/21537"}],"wp:attachment":[{"href":"https:\/\/carmelites.net\/es\/wp-json\/wp\/v2\/media?parent=21352"}],"curies":[{"name":"wp","href":"https:\/\/api.w.org\/{rel}","templated":true}]}}