{"id":1373,"date":"2022-08-08T19:48:19","date_gmt":"2022-08-09T00:48:19","guid":{"rendered":"https:\/\/carmelites.net\/?page_id=1373"},"modified":"2022-08-16T10:43:46","modified_gmt":"2022-08-16T15:43:46","slug":"st-edith-stein","status":"publish","type":"page","link":"https:\/\/carmelites.net\/es\/st-edith-stein\/","title":{"rendered":"Santa Edith Stein"},"content":{"rendered":"<p><strong><a href=\"https:\/\/www.ocarm.org\/en\/item\/212-st-teresa-benedicta-of-the-cross-ocd-virgin-and-martyr-m-feast-in-europe\" target=\"_blank\" rel=\"noopener\"><img loading=\"lazy\" decoding=\"async\" class=\"wp-image-853 size-full alignleft\" src=\"http:\/\/carmelites.net\/wp-content\/uploads\/2021\/12\/aug09.jpg\" alt=\"\" width=\"288\" height=\"432\" srcset=\"https:\/\/carmelites.net\/wp-content\/uploads\/2021\/12\/aug09.jpg 288w, https:\/\/carmelites.net\/wp-content\/uploads\/2021\/12\/aug09-200x300.jpg 200w, https:\/\/carmelites.net\/wp-content\/uploads\/2021\/12\/aug09-8x12.jpg 8w\" sizes=\"auto, (max-width: 288px) 100vw, 288px\" \/><\/a><\/strong><\/p>\n<p><strong>Agosto 09<\/strong>\u00a0 <strong>Santa Edith Stein <\/strong>(Teresa Benedicta) (nacida en 1891) fue una fil\u00f3sofa, autora, que se convirti\u00f3 al catolicismo y se hizo monja en el Carmelo de Colonia.  Ella y su hermana fueron arrestadas en el Carmelo de Echt y martirizadas en Auschwitz en 1942.<\/p>\n<p style=\"font-weight: 400;\">Edith Stein naci\u00f3 en Breslau el 12 de octubre de 1891, de padres jud\u00edos alemanes, y despu\u00e9s de su educaci\u00f3n secundaria, se matricul\u00f3 en el departamento de filosof\u00eda de la universidad de la ciudad. En 1913 se traslad\u00f3 a la Universidad de Gotingen para estudiar con Edmund Husserl. Hasta los trece a\u00f1os fue atea. Tuvo su primer encuentro serio con el cristianismo escuchando a Max Scheler. En 1916 continu\u00f3 y complet\u00f3 sus estudios en Friburgo, donde se doctor\u00f3 bajo la direcci\u00f3n de Husserl. Permaneci\u00f3 trabajando en la universidad hasta 1921.<\/p>\n<p style=\"font-weight: 400;\">Durante esos a\u00f1os, ley\u00f3 la autobiograf\u00eda de Teresa de \u00c1vila y tom\u00f3 conciencia de estar llamada a ser cat\u00f3lica; se bautiz\u00f3 el 1 de enero de 1922. Hizo la primera comuni\u00f3n el mismo d\u00eda y se confirm\u00f3 el 2 de febrero siguiente. Tras su conversi\u00f3n, se sinti\u00f3 atra\u00edda por la vida religiosa, pero las circunstancias la obligaron a retrasar esta decisi\u00f3n hasta 1933. Cuando en 1933 perdi\u00f3 su puesto de profesora como consecuencia de las leyes antijud\u00edas, ingres\u00f3 en el Carmelo de Colonia el 14 de octubre de 1933, tomando el nombre de Teresa Benedicta de la Cruz.<\/p>\n<p style=\"font-weight: 400;\">El 31 de diciembre de 1938 fue trasladada al Carmelo de Echt, en Holanda, para escapar de la persecuci\u00f3n nazi contra los jud\u00edos. En 1940, la situaci\u00f3n empeor\u00f3 tambi\u00e9n en Holanda. Cuando las prescripciones se hicieron m\u00e1s severas, se intent\u00f3 trasladarla al Carmelo de Suiza. Mientras se negociaban los arreglos para su traslado, comenzaron en Holanda las deportaciones de los jud\u00edos a los campos de concentraci\u00f3n. La hermana Teresa, acompa\u00f1ada por su hermana Rosa, que tambi\u00e9n se hab\u00eda hecho cat\u00f3lica, fue llevada a Amersfort el 2 de agosto de 1942. El 3 de agosto fue trasladada a Westerbork. El 7 de agosto, ella y su hermana, junto con otros deportados, fueron encerrados en vagones de ferrocarril y llevados en tren al campo de exterminio de Auschwitz, un viaje que dur\u00f3 dos d\u00edas.<\/p>\n<p style=\"font-weight: 400;\">La hermana Teresa Benedicta de la Cruz muri\u00f3 en la c\u00e1mara de gas el mismo d\u00eda que lleg\u00f3 al campo de Auschwitz, el domingo 9 de agosto de 1942, y su cuerpo fue quemado en uno de los crematorios del lugar. Fue beatificada el 1 de mayo de 1987 y canonizada el 11 de octubre de 1998 por el Papa Juan Pablo II. El 2 de octubre de 1999, el mismo Papa la proclam\u00f3 copatrona de Europa.<\/p>","protected":false},"excerpt":{"rendered":"<p>August 09\u00a0 Saint Edith Stein (Teresa Benedicta) (born 1891) was a philosopher, author, who converted to Catholicism and became a nun at Cologne Carmel.\u00a0 She and her sister were arrested [&hellip;]<\/p>\n","protected":false},"author":1,"featured_media":0,"parent":0,"menu_order":0,"comment_status":"closed","ping_status":"closed","template":"","meta":{"rs_blank_template":"","rs_page_bg_color":"","slide_template_v7":"","_analytify_skip_tracking":false,"footnotes":""},"class_list":["post-1373","page","type-page","status-publish","hentry"],"aioseo_notices":[],"_links":{"self":[{"href":"https:\/\/carmelites.net\/es\/wp-json\/wp\/v2\/pages\/1373","targetHints":{"allow":["GET"]}}],"collection":[{"href":"https:\/\/carmelites.net\/es\/wp-json\/wp\/v2\/pages"}],"about":[{"href":"https:\/\/carmelites.net\/es\/wp-json\/wp\/v2\/types\/page"}],"author":[{"embeddable":true,"href":"https:\/\/carmelites.net\/es\/wp-json\/wp\/v2\/users\/1"}],"replies":[{"embeddable":true,"href":"https:\/\/carmelites.net\/es\/wp-json\/wp\/v2\/comments?post=1373"}],"version-history":[{"count":3,"href":"https:\/\/carmelites.net\/es\/wp-json\/wp\/v2\/pages\/1373\/revisions"}],"predecessor-version":[{"id":1386,"href":"https:\/\/carmelites.net\/es\/wp-json\/wp\/v2\/pages\/1373\/revisions\/1386"}],"wp:attachment":[{"href":"https:\/\/carmelites.net\/es\/wp-json\/wp\/v2\/media?parent=1373"}],"curies":[{"name":"wp","href":"https:\/\/api.w.org\/{rel}","templated":true}]}}