{"id":13508,"date":"2024-07-01T18:01:38","date_gmt":"2024-07-01T23:01:38","guid":{"rendered":"https:\/\/carmelites.net\/?page_id=13508"},"modified":"2025-05-29T15:04:32","modified_gmt":"2025-05-29T20:04:32","slug":"our-lady-of-mount-carmel","status":"publish","type":"page","link":"https:\/\/carmelites.net\/es\/our-lady-of-mount-carmel\/","title":{"rendered":"Nuestra Se\u00f1ora del Monte Carmelo"},"content":{"rendered":"<div data-elementor-type=\"wp-page\" data-elementor-id=\"13508\" class=\"elementor elementor-13508\" data-elementor-post-type=\"page\">\n\t\t\t\t<div data-particle_enable=\"false\" data-particle-mobile-disabled=\"false\" class=\"elementor-element elementor-element-d7d9d35 e-flex e-con-boxed e-con e-parent\" data-id=\"d7d9d35\" data-element_type=\"container\" data-e-type=\"container\">\n\t\t\t\t\t<div class=\"e-con-inner\">\n\t\t<div data-particle_enable=\"false\" data-particle-mobile-disabled=\"false\" class=\"elementor-element elementor-element-540c424 e-con-full e-flex e-con e-child\" data-id=\"540c424\" data-element_type=\"container\" data-e-type=\"container\">\n\t\t\t\t<div class=\"elementor-element elementor-element-b4edd70 elementor-widget elementor-widget-text-editor\" data-id=\"b4edd70\" data-element_type=\"widget\" data-e-type=\"widget\" data-widget_type=\"text-editor.default\">\n\t\t\t\t<div class=\"elementor-widget-container\">\n\t\t\t\t\t\t\t\t\t<p style=\"text-align: center;\"><strong>Desactivar v\u00eddeo para explicaci\u00f3n<\/strong><\/p>\t\t\t\t\t\t\t\t<\/div>\n\t\t\t\t<\/div>\n\t\t\t\t<div class=\"elementor-element elementor-element-9a81a47 elementor-widget elementor-widget-video\" data-id=\"9a81a47\" data-element_type=\"widget\" data-e-type=\"widget\" data-settings=\"{&quot;video_type&quot;:&quot;hosted&quot;,&quot;autoplay&quot;:&quot;yes&quot;,&quot;controls&quot;:&quot;yes&quot;}\" data-widget_type=\"video.default\">\n\t\t\t\t<div class=\"elementor-widget-container\">\n\t\t\t\t\t\t\t<div class=\"e-hosted-video elementor-wrapper elementor-open-inline\">\n\t\t\t\t\t<video class=\"elementor-video\" src=\"http:\/\/carmelites.net\/wp-content\/uploads\/2024\/07\/Carmelite-OLMC.mp4\" autoplay=\"\" controls=\"\" controlslist=\"nodownload\"><\/video>\n\t\t\t\t<\/div>\n\t\t\t\t\t\t<\/div>\n\t\t\t\t<\/div>\n\t\t\t\t<div class=\"elementor-element elementor-element-f14af72 elementor-widget elementor-widget-text-editor\" data-id=\"f14af72\" data-element_type=\"widget\" data-e-type=\"widget\" data-widget_type=\"text-editor.default\">\n\t\t\t\t<div class=\"elementor-widget-container\">\n\t\t\t\t\t\t\t\t\t<h3>\u00bfC\u00f3mo celebra su comunidad el 16 de julio?<\/h3><div>Nuestra Se\u00f1ora del Carmen es uno de los cinco nombres de Iglesia m\u00e1s comunes, y posiblemente el m\u00e1s com\u00fan, en todo el mundo y uno de los t\u00edtulos de Nuestra Se\u00f1ora m\u00e1s reconocidos y universalmente celebrados. Nos encantar\u00eda saber c\u00f3mo celebran el 16 de julio las comunidades de todo el mundo. Utilice el siguiente formulario para indicarnos d\u00f3nde se encuentra, c\u00f3mo lo celebra y para compartir im\u00e1genes de sus celebraciones anteriores. <em><strong>Y nos encantar\u00eda recibir im\u00e1genes y relatos de sus celebraciones de este a\u00f1o.<\/strong> <\/em>Algunas de vuestras historias e im\u00e1genes ser\u00e1n seleccionadas para ser compartidas con toda la Familia Carmelita.<\/div><div>\u00a0<\/div>\t\t\t\t\t\t\t\t<\/div>\n\t\t\t\t<\/div>\n\t\t\t\t<div class=\"elementor-element elementor-element-3a6eba8 elementor-widget elementor-widget-video\" data-id=\"3a6eba8\" data-element_type=\"widget\" data-e-type=\"widget\" data-settings=\"{&quot;video_type&quot;:&quot;hosted&quot;,&quot;controls&quot;:&quot;yes&quot;}\" data-widget_type=\"video.default\">\n\t\t\t\t<div class=\"elementor-widget-container\">\n\t\t\t\t\t\t\t<div class=\"e-hosted-video elementor-wrapper elementor-open-inline\">\n\t\t\t\t\t<video class=\"elementor-video\" src=\"https:\/\/carmelites.net\/wp-content\/uploads\/2024\/06\/Dan-ONeill-OLMC-2024.mp4\" controls=\"\" preload=\"metadata\" controlslist=\"nodownload\" poster=\"https:\/\/carmelites.net\/wp-content\/uploads\/2024\/06\/Dan-Cover.jpg\"><\/video>\n\t\t\t\t<\/div>\n\t\t\t\t\t\t<\/div>\n\t\t\t\t<\/div>\n\t\t\t\t<div class=\"elementor-element elementor-element-4e4f222 elementor-widget elementor-widget-video\" data-id=\"4e4f222\" data-element_type=\"widget\" data-e-type=\"widget\" data-settings=\"{&quot;video_type&quot;:&quot;hosted&quot;,&quot;controls&quot;:&quot;yes&quot;}\" data-widget_type=\"video.default\">\n\t\t\t\t<div class=\"elementor-widget-container\">\n\t\t\t\t\t\t\t<div class=\"e-hosted-video elementor-wrapper elementor-open-inline\">\n\t\t\t\t\t<video class=\"elementor-video\" src=\"http:\/\/carmelites.net\/wp-content\/uploads\/2024\/07\/Diane.mp4\" controls=\"\" preload=\"metadata\" controlslist=\"nodownload\" poster=\"http:\/\/carmelites.net\/wp-content\/uploads\/2024\/07\/Diane-Cover.jpg\"><\/video>\n\t\t\t\t<\/div>\n\t\t\t\t\t\t<\/div>\n\t\t\t\t<\/div>\n\t\t\t\t<div class=\"elementor-element elementor-element-2f781ec elementor-widget elementor-widget-video\" data-id=\"2f781ec\" data-element_type=\"widget\" data-e-type=\"widget\" data-settings=\"{&quot;video_type&quot;:&quot;hosted&quot;,&quot;controls&quot;:&quot;yes&quot;}\" data-widget_type=\"video.default\">\n\t\t\t\t<div class=\"elementor-widget-container\">\n\t\t\t\t\t\t\t<div class=\"e-hosted-video elementor-wrapper elementor-open-inline\">\n\t\t\t\t\t<video class=\"elementor-video\" src=\"http:\/\/carmelites.net\/wp-content\/uploads\/2024\/06\/Eileen-2024-OLMC1.mp4\" controls=\"\" preload=\"metadata\" controlslist=\"nodownload\" poster=\"http:\/\/carmelites.net\/wp-content\/uploads\/2024\/06\/Eileen-Cover.jpg\"><\/video>\n\t\t\t\t<\/div>\n\t\t\t\t\t\t<\/div>\n\t\t\t\t<\/div>\n\t\t\t\t<\/div>\n\t\t<div data-particle_enable=\"false\" data-particle-mobile-disabled=\"false\" class=\"elementor-element elementor-element-39c0f97 e-con-full e-flex e-con e-child\" data-id=\"39c0f97\" data-element_type=\"container\" data-e-type=\"container\">\n\t\t\t\t<div class=\"elementor-element elementor-element-ab7cd3a elementor-widget elementor-widget-html\" data-id=\"ab7cd3a\" data-element_type=\"widget\" data-e-type=\"widget\" data-widget_type=\"html.default\">\n\t\t\t\t<div class=\"elementor-widget-container\">\n\t\t\t\t\t<script type=\"text\/javascript\" src=\"https:\/\/form.jotform.com\/jsform\/240844797321058\"><\/script>\t\t\t\t<\/div>\n\t\t\t\t<\/div>\n\t\t\t\t<\/div>\n\t\t\t\t\t<\/div>\n\t\t\t\t<\/div>\n\t\t\t\t<\/div>","protected":false},"excerpt":{"rendered":"<p>Unmute Video for Explanation http:\/\/carmelites.net\/wp-content\/uploads\/2024\/07\/Carmelite-OLMC.mp4 How does your community celebrate on July 16th? Our Lady of Mount Carmel is one of the top five most common, and possibly the most [&hellip;]<\/p>\n","protected":false},"author":1,"featured_media":0,"parent":0,"menu_order":0,"comment_status":"closed","ping_status":"closed","template":"","meta":{"rs_blank_template":"","rs_page_bg_color":"","slide_template_v7":"","_analytify_skip_tracking":false,"footnotes":""},"class_list":["post-13508","page","type-page","status-publish","hentry"],"aioseo_notices":[],"_links":{"self":[{"href":"https:\/\/carmelites.net\/es\/wp-json\/wp\/v2\/pages\/13508","targetHints":{"allow":["GET"]}}],"collection":[{"href":"https:\/\/carmelites.net\/es\/wp-json\/wp\/v2\/pages"}],"about":[{"href":"https:\/\/carmelites.net\/es\/wp-json\/wp\/v2\/types\/page"}],"author":[{"embeddable":true,"href":"https:\/\/carmelites.net\/es\/wp-json\/wp\/v2\/users\/1"}],"replies":[{"embeddable":true,"href":"https:\/\/carmelites.net\/es\/wp-json\/wp\/v2\/comments?post=13508"}],"version-history":[{"count":49,"href":"https:\/\/carmelites.net\/es\/wp-json\/wp\/v2\/pages\/13508\/revisions"}],"predecessor-version":[{"id":20304,"href":"https:\/\/carmelites.net\/es\/wp-json\/wp\/v2\/pages\/13508\/revisions\/20304"}],"wp:attachment":[{"href":"https:\/\/carmelites.net\/es\/wp-json\/wp\/v2\/media?parent=13508"}],"curies":[{"name":"wp","href":"https:\/\/api.w.org\/{rel}","templated":true}]}}