{"id":324,"date":"2021-08-06T00:26:55","date_gmt":"2021-08-06T00:26:55","guid":{"rendered":"https:\/\/carmelites.net\/?page_id=324"},"modified":"2021-08-06T00:33:46","modified_gmt":"2021-08-06T00:33:46","slug":"provincial-council-goals","status":"publish","type":"page","link":"https:\/\/carmelites.net\/de\/provincial-council-goals\/","title":{"rendered":"Ziele des Provinzialrats \u00a0"},"content":{"rendered":"<p><strong><img loading=\"lazy\" decoding=\"async\" class=\"wp-image-326 size-fusion-400 alignright\" src=\"http:\/\/carmelites.net\/wp-content\/uploads\/2021\/08\/vocations-400x267.jpg\" alt=\"\" width=\"400\" height=\"267\" srcset=\"https:\/\/carmelites.net\/wp-content\/uploads\/2021\/08\/vocations-400x267.jpg 400w, https:\/\/carmelites.net\/wp-content\/uploads\/2021\/08\/vocations-300x200.jpg 300w, https:\/\/carmelites.net\/wp-content\/uploads\/2021\/08\/vocations-768x512.jpg 768w, https:\/\/carmelites.net\/wp-content\/uploads\/2021\/08\/vocations-200x133.jpg 200w, https:\/\/carmelites.net\/wp-content\/uploads\/2021\/08\/vocations-600x400.jpg 600w, https:\/\/carmelites.net\/wp-content\/uploads\/2021\/08\/vocations-800x533.jpg 800w, https:\/\/carmelites.net\/wp-content\/uploads\/2021\/08\/vocations.jpg 900w\" sizes=\"auto, (max-width: 400px) 100vw, 400px\" \/>Fokus auf Berufungen<\/strong> | <em>Neue Berufungen in den Karmel sind die Grundlage f\u00fcr die Zukunft unserer Provinz; deshalb verpflichten wir uns: <\/em><\/p>\n<ul>\n<li>Fortsetzung der proaktiven Berufungsbem\u00fchungen in Peru, Mexiko und El Salvador bei gleichzeitigem Aufbau neuer Dienste in diesen Gebieten.<\/li>\n<li>Wir werden eine Berufungskampagne in den Vereinigten Staaten und Kanada mit einem erweiterten Berufungsteam starten. Wir werden eine umfassende Studie \u00fcber unsere derzeitigen Berufungs- und Ausbildungsbem\u00fchungen in Angriff nehmen, um unsere gegenw\u00e4rtige Realit\u00e4t besser zu verstehen und effektiver darauf reagieren zu k\u00f6nnen.<\/li>\n<li>Organisation einer neuen Medienkampagne, um das Potenzial der digitalen und sozialen Medien zu maximieren. Alle unsere Kommunikationsbem\u00fchungen auf Provinzebene werden die Priorit\u00e4t, potenzielle Berufungen zu erreichen, im Auge behalten.<\/li>\n<li>Einrichtung einer neuen Gebetskampagne f\u00fcr Berufungen in der Provinz, die die M\u00e4nner der Provinz, die Karmelitinnen und Schwestern, die Laienkarmelitinnen, die Mitglieder der Gesellschaft der Kleinen Blume und die Mitarbeiter in unseren Pfarreien, Gymnasien, Exerzitienzentren und verschiedenen Diensten in der ganzen Provinz einbezieht.<\/li>\n<li>Initiierung eines Sommerprogramms f\u00fcr Jugendliche aus unseren verschiedenen Diensten, um das karmelitische Charisma und m\u00f6gliche zuk\u00fcnftige Berufungen zu f\u00f6rdern.<\/li>\n<\/ul>\n<p><strong><img loading=\"lazy\" decoding=\"async\" class=\"size-fusion-400 wp-image-328 alignright\" src=\"http:\/\/carmelites.net\/wp-content\/uploads\/2021\/08\/fraternal-1-400x267.jpg\" alt=\"\" width=\"400\" height=\"267\" srcset=\"https:\/\/carmelites.net\/wp-content\/uploads\/2021\/08\/fraternal-1-400x267.jpg 400w, https:\/\/carmelites.net\/wp-content\/uploads\/2021\/08\/fraternal-1-300x200.jpg 300w, https:\/\/carmelites.net\/wp-content\/uploads\/2021\/08\/fraternal-1-768x512.jpg 768w, https:\/\/carmelites.net\/wp-content\/uploads\/2021\/08\/fraternal-1-200x133.jpg 200w, https:\/\/carmelites.net\/wp-content\/uploads\/2021\/08\/fraternal-1-600x400.jpg 600w, https:\/\/carmelites.net\/wp-content\/uploads\/2021\/08\/fraternal-1-800x533.jpg 800w, https:\/\/carmelites.net\/wp-content\/uploads\/2021\/08\/fraternal-1.jpg 900w\" sizes=\"auto, (max-width: 400px) 100vw, 400px\" \/>F\u00f6rderung der br\u00fcderlichen Integration<\/strong> aller Karmeliten unserer Provinz | <em>Da die M\u00e4nner der PCM-Provinz in den Vereinigten Staaten, Kanada, Peru, Mexiko und El Salvador dienen, werden wir auf die Integration aller nationalen Gruppierungen hinarbeiten, die unsere Provinzidentit\u00e4t bilden.  Deshalb verpflichten wir uns zu:<\/em><\/p>\n<ul>\n<li>Ausweitung der zweisprachigen Kommunikation in Englisch und Spanisch innerhalb unserer Provinz.<\/li>\n<li>Fortsetzung der Sprachstudien und der internationalen Erfahrungen in unserer Provinz f\u00fcr alle M\u00e4nner, insbesondere f\u00fcr die in der Erstausbildung, um ein besseres kulturelles und sprachliches Verst\u00e4ndnis zu f\u00f6rdern.<\/li>\n<li>F\u00f6rderung der Teilnahme von Karmeliten aus allen Teilen unserer Provinz an den Provinzkapiteln, Kommissionen, dem Provinzrat usw.<\/li>\n<li>Bereitstellung von pastoralen Praktika in den Vereinigten Staaten und Kanada f\u00fcr unsere lateinamerikanischen M\u00e4nner in Ausbildung und in Peru, Mexiko und El Salvador f\u00fcr unsere amerikanischen und kanadischen Br\u00fcder.<\/li>\n<li>Bereitstellung k\u00fcnftiger Diensteins\u00e4tze in den Vereinigten Staaten und Kanada f\u00fcr unsere lateinamerikanischen M\u00e4nner und in Peru, Mexiko und El Salvador f\u00fcr unsere US-amerikanischen und kanadischen Br\u00fcder.<\/li>\n<\/ul>\n<p><strong><img loading=\"lazy\" decoding=\"async\" class=\"size-fusion-400 wp-image-330 alignright\" src=\"http:\/\/carmelites.net\/wp-content\/uploads\/2021\/08\/revitalize-1-400x267.jpg\" alt=\"\" width=\"400\" height=\"267\" srcset=\"https:\/\/carmelites.net\/wp-content\/uploads\/2021\/08\/revitalize-1-400x267.jpg 400w, https:\/\/carmelites.net\/wp-content\/uploads\/2021\/08\/revitalize-1-300x200.jpg 300w, https:\/\/carmelites.net\/wp-content\/uploads\/2021\/08\/revitalize-1-768x512.jpg 768w, https:\/\/carmelites.net\/wp-content\/uploads\/2021\/08\/revitalize-1-200x133.jpg 200w, https:\/\/carmelites.net\/wp-content\/uploads\/2021\/08\/revitalize-1-600x400.jpg 600w, https:\/\/carmelites.net\/wp-content\/uploads\/2021\/08\/revitalize-1-800x533.jpg 800w, https:\/\/carmelites.net\/wp-content\/uploads\/2021\/08\/revitalize-1.jpg 900w\" sizes=\"auto, (max-width: 400px) 100vw, 400px\" \/>Unser Gemeinschaftsleben wiederbeleben<\/strong> | <em>Wir sind uns bewusst, dass die \u00dcberalterung der Provinz, die geringe Zahl von Berufungen in den USA und Kanada, der R\u00fcckzug der Provinz aus vielen unserer Dienste, die Auswirkungen der Krise des sexuellen Missbrauchs und die Vielfalt des Alters und des kulturellen Hintergrunds der M\u00e4nner der Provinz unsere gemeinschaftliche Realit\u00e4t beeinflusst haben.  Deshalb verpflichten wir uns zu: <\/em><\/p>\n<ul>\n<li>Pflege der Grundprinzipien unserer karmelitischen Bruderschaft - ein Leben des pers\u00f6nlichen und gemeinschaftlichen Gebets, Treue zu den Gel\u00fcbden der Armut, der Keuschheit und des Gehorsams und eine Verpflichtung zum Gemeinschaftsleben.<\/li>\n<li>Unterst\u00fctzung der Rolle des Priors bei der F\u00f6rderung von Gemeinschaftsmahlzeiten, Gemeinschaftstreffen, Besinnungstagen, der j\u00e4hrlichen Erstellung eines gemeinschaftlichen Lebensplans und bei Fragen zum Lebensende.<\/li>\n<li>Nutzung unserer Kommunikationsmedien zur F\u00f6rderung grundlegender Informationen und eines tieferen Verst\u00e4ndnisses unter den Br\u00fcdern, damit wir einander besser kennenlernen und miteinander verbunden bleiben.<\/li>\n<li>Ein Modell der dienenden F\u00fchrung mit einem echten Geist der Zusammenarbeit und der offenen Kommunikation mit den M\u00e4nnern der Provinz, bei gleichzeitiger F\u00f6rderung von christlicher Vergebung, Vers\u00f6hnung und grundlegender Freundlichkeit zueinander.<\/li>\n<li>Begleitung der kranken, alten und sterbenden Mitglieder unserer Provinz und all jener, die sich in einer pers\u00f6nlichen Krise befinden, damit kein Bruder allein geht.<\/li>\n<li>\u00d6ffnung unserer Gemeinschaften, um potenziellen Berufungssuchenden unsere eigene Berufung zum Karmel mitzuteilen.<\/li>\n<li>Anregung zu gemeinsamen Versammlungen unserer M\u00e4nner auf lokaler, regionaler und provinzieller Ebene.<\/li>\n<\/ul>\n<p><strong><img loading=\"lazy\" decoding=\"async\" class=\"size-fusion-400 wp-image-333 alignright\" src=\"http:\/\/carmelites.net\/wp-content\/uploads\/2021\/08\/NGO-400x225.jpg\" alt=\"\" width=\"400\" height=\"225\" srcset=\"https:\/\/carmelites.net\/wp-content\/uploads\/2021\/08\/NGO-400x225.jpg 400w, https:\/\/carmelites.net\/wp-content\/uploads\/2021\/08\/NGO-300x169.jpg 300w, https:\/\/carmelites.net\/wp-content\/uploads\/2021\/08\/NGO-768x432.jpg 768w, https:\/\/carmelites.net\/wp-content\/uploads\/2021\/08\/NGO-200x112.jpg 200w, https:\/\/carmelites.net\/wp-content\/uploads\/2021\/08\/NGO-600x337.jpg 600w, https:\/\/carmelites.net\/wp-content\/uploads\/2021\/08\/NGO-800x450.jpg 800w, https:\/\/carmelites.net\/wp-content\/uploads\/2021\/08\/NGO.jpg 900w\" sizes=\"auto, (max-width: 400px) 100vw, 400px\" \/>\u00d6kologisches Verantwortungsbewusstsein f\u00f6rdern<\/strong> | <em>Wir sind uns einer Reihe kritischer globaler Umweltprobleme bewusst, insbesondere der unmittelbaren Auswirkungen des Klimawandels und der Ungleichheit des Ressourcenverbrauchs in der Familie der Nationen.  Daher verpflichten wir uns zu: <\/em><\/p>\n<ul>\n<li>Aufkl\u00e4rung der M\u00e4nner unserer Provinz \u00fcber Fragen des Klimawandels und seiner Ursachen.<\/li>\n<li>Initiierung einer gemeinsamen Diskussion \u00fcber diese dr\u00e4ngenden Umweltfragen in jeder unserer lokalen Gemeinschaften, indem wir zun\u00e4chst unsere M\u00e4nner auffordern, den Hirtenbrief von Papst Franziskus zu lesen und zu diskutieren, <em>Laudato Si<\/em>.<\/li>\n<li>Bestimmung des Kohlenstoff-Fu\u00dfabdrucks von Institutionen und Liegenschaften, die sich im Besitz der Provinz befinden oder von ihr verwaltet werden, mit dem Ziel, den Kohlenstoff-Fu\u00dfabdruck der Provinz in Richtung Netto-Null-Emissionen zu reduzieren und so den Verbrauch von Energie aus fossilen Brennstoffen zu verringern und zu nachhaltiger Energie \u00fcberzugehen.<\/li>\n<li>Zusammenarbeit mit Catholic Energies, der Karmeliter-NGO und anderen karmelitischen Einrichtungen zur Erreichung dieser Ziele.<\/li>\n<li>Ermutigung unserer Mitglieder, kleine, aber konkrete individuelle Schritte zum Schutz der Umwelt zu unternehmen.<\/li>\n<\/ul>\n<p><strong><img loading=\"lazy\" decoding=\"async\" class=\"size-fusion-400 wp-image-335 alignright\" src=\"http:\/\/carmelites.net\/wp-content\/uploads\/2021\/08\/carmelite-studies-400x267.jpg\" alt=\"\" width=\"400\" height=\"267\" srcset=\"https:\/\/carmelites.net\/wp-content\/uploads\/2021\/08\/carmelite-studies-400x267.jpg 400w, https:\/\/carmelites.net\/wp-content\/uploads\/2021\/08\/carmelite-studies-300x200.jpg 300w, https:\/\/carmelites.net\/wp-content\/uploads\/2021\/08\/carmelite-studies-768x512.jpg 768w, https:\/\/carmelites.net\/wp-content\/uploads\/2021\/08\/carmelite-studies-200x133.jpg 200w, https:\/\/carmelites.net\/wp-content\/uploads\/2021\/08\/carmelite-studies-600x400.jpg 600w, https:\/\/carmelites.net\/wp-content\/uploads\/2021\/08\/carmelite-studies-800x533.jpg 800w, https:\/\/carmelites.net\/wp-content\/uploads\/2021\/08\/carmelite-studies.jpg 900w\" sizes=\"auto, (max-width: 400px) 100vw, 400px\" \/>F\u00f6rderung der karmelitischen Spiritualit\u00e4t<\/strong> | <em>Das Leben eines jeden Karmeliten steht im Dienst unseres karmelitischen Charismas.  Dieses Charisma, das zuerst in der 800 Jahre alten Regel des heiligen Albert verk\u00f6rpert wurde, hat sich im Laufe der Jahrhunderte entwickelt und weiterentwickelt.  Unsere karmelitische Spiritualit\u00e4t, die in den Schriften verschiedener karmelitischer Heiliger und Doktoren der Kirche zum Ausdruck kommt, ist ein gro\u00dfes Geschenk an die Weltkirche.  Deshalb verpflichten wir uns zu:\u00a0 <\/em><\/p>\n<ul>\n<li>Entwicklung des Stiftungslehrstuhls der Karmelitenprovinz vom Reinsten Herzen Mariens und des Zentrums f\u00fcr Karmelitische Studien an der Katholischen Universit\u00e4t von Amerika.<\/li>\n<li>Mitwirkung im Beirat des Zentrums f\u00fcr Karmelitische Studien, um die angemessene Ausrichtung des Zentrums zu gew\u00e4hrleisten, f\u00fcr das es gegr\u00fcndet wurde.<\/li>\n<li>Einladung der Karmeliten aus aller Welt an das Zentrum f\u00fcr Karmelitische Studien an der Katholischen Universit\u00e4t von Amerika.<\/li>\n<li>Ermutigung der M\u00e4nner der Provinz zur Teilnahme an Programmen, die von verschiedenen karmelitischen Einrichtungen angeboten werden.<\/li>\n<li>Entwicklung des Instituto de las Americas.<\/li>\n<li>Einf\u00fchrung einer neuen Website f\u00fcr die Sammlung Carmelitana in Whitefriars Hall.<\/li>\n<\/ul>\n<p>&nbsp;<\/p>\n<p>&nbsp;<\/p>","protected":false},"excerpt":{"rendered":"<p>To Focus on Vocations | New vocations to Carmel are the foundation of our Provincial future; therefore, we commit ourselves to: Continuing pro-active vocation efforts in Peru, Mexico and El Salvador, while establishing new ministries in these areas. Energizing a vocation campaign in the United States and Canada with an expanded vocation team. We will [&hellip;]<\/p>\n","protected":false},"author":1,"featured_media":0,"parent":0,"menu_order":0,"comment_status":"closed","ping_status":"closed","template":"","meta":{"rs_blank_template":"","rs_page_bg_color":"","slide_template_v7":"","_analytify_skip_tracking":false,"footnotes":""},"class_list":["post-324","page","type-page","status-publish","hentry"],"aioseo_notices":[],"_links":{"self":[{"href":"https:\/\/carmelites.net\/de\/wp-json\/wp\/v2\/pages\/324","targetHints":{"allow":["GET"]}}],"collection":[{"href":"https:\/\/carmelites.net\/de\/wp-json\/wp\/v2\/pages"}],"about":[{"href":"https:\/\/carmelites.net\/de\/wp-json\/wp\/v2\/types\/page"}],"author":[{"embeddable":true,"href":"https:\/\/carmelites.net\/de\/wp-json\/wp\/v2\/users\/1"}],"replies":[{"embeddable":true,"href":"https:\/\/carmelites.net\/de\/wp-json\/wp\/v2\/comments?post=324"}],"version-history":[{"count":7,"href":"https:\/\/carmelites.net\/de\/wp-json\/wp\/v2\/pages\/324\/revisions"}],"predecessor-version":[{"id":336,"href":"https:\/\/carmelites.net\/de\/wp-json\/wp\/v2\/pages\/324\/revisions\/336"}],"wp:attachment":[{"href":"https:\/\/carmelites.net\/de\/wp-json\/wp\/v2\/media?parent=324"}],"curies":[{"name":"wp","href":"https:\/\/api.w.org\/{rel}","templated":true}]}}