{"id":23017,"date":"2026-01-29T10:10:33","date_gmt":"2026-01-29T16:10:33","guid":{"rendered":"https:\/\/carmelites.net\/?page_id=23017"},"modified":"2026-01-29T10:15:40","modified_gmt":"2026-01-29T16:15:40","slug":"privacy-notice","status":"publish","type":"page","link":"https:\/\/carmelites.net\/de\/privacy-notice\/","title":{"rendered":"Hinweis zum Datenschutz"},"content":{"rendered":"<p><strong>Hinweis zum Datenschutz:<\/strong><br \/>\nCarmelites.net sammelt pers\u00f6nliche Daten ausschlie\u00dflich zur Bearbeitung von Spenden, zur Beantwortung von Anfragen und zur Unterst\u00fctzung unserer religi\u00f6sen Mission. Spenden werden sicher von Drittanbietern verarbeitet. Wir verkaufen keine pers\u00f6nlichen Informationen. Mit dem Absenden dieses Formulars erkl\u00e4ren Sie sich damit einverstanden, dass wir Ihre Daten in \u00dcbereinstimmung mit unseren Richtlinien verwenden. <a href=\"https:\/\/carmelites.net\/de\/privacy-policy\/\">Datenschutzbestimmungen<\/a>.<\/p>","protected":false},"excerpt":{"rendered":"<p>Privacy Notice: Carmelites.net collects personal information solely to process donations, respond to inquiries, and support our religious mission. Donations are processed securely by third-party providers. We do not sell personal [&hellip;]<\/p>\n","protected":false},"author":1,"featured_media":0,"parent":0,"menu_order":0,"comment_status":"closed","ping_status":"closed","template":"","meta":{"rs_blank_template":"","rs_page_bg_color":"","slide_template_v7":"","_analytify_skip_tracking":false,"footnotes":""},"class_list":["post-23017","page","type-page","status-publish","hentry"],"aioseo_notices":[],"_links":{"self":[{"href":"https:\/\/carmelites.net\/de\/wp-json\/wp\/v2\/pages\/23017","targetHints":{"allow":["GET"]}}],"collection":[{"href":"https:\/\/carmelites.net\/de\/wp-json\/wp\/v2\/pages"}],"about":[{"href":"https:\/\/carmelites.net\/de\/wp-json\/wp\/v2\/types\/page"}],"author":[{"embeddable":true,"href":"https:\/\/carmelites.net\/de\/wp-json\/wp\/v2\/users\/1"}],"replies":[{"embeddable":true,"href":"https:\/\/carmelites.net\/de\/wp-json\/wp\/v2\/comments?post=23017"}],"version-history":[{"count":3,"href":"https:\/\/carmelites.net\/de\/wp-json\/wp\/v2\/pages\/23017\/revisions"}],"predecessor-version":[{"id":23021,"href":"https:\/\/carmelites.net\/de\/wp-json\/wp\/v2\/pages\/23017\/revisions\/23021"}],"wp:attachment":[{"href":"https:\/\/carmelites.net\/de\/wp-json\/wp\/v2\/media?parent=23017"}],"curies":[{"name":"wp","href":"https:\/\/api.w.org\/{rel}","templated":true}]}}