{"id":23015,"date":"2026-01-29T10:08:25","date_gmt":"2026-01-29T16:08:25","guid":{"rendered":"https:\/\/carmelites.net\/?page_id=23015"},"modified":"2026-01-29T10:19:25","modified_gmt":"2026-01-29T16:19:25","slug":"terms-conditions","status":"publish","type":"page","link":"https:\/\/carmelites.net\/de\/terms-conditions\/","title":{"rendered":"Bedingungen und Konditionen"},"content":{"rendered":"<p><strong>Karmeliten.net<\/strong><br \/>\n<strong>Zuletzt aktualisiert:<\/strong> Januar 2026<\/p>\n<ol>\n<li><strong> Einf\u00fchrung<\/strong><\/li>\n<\/ol>\n<p>Carmelites.net (\u201cWebsite\u201d) wird von der Ordensgemeinschaft der Karmeliten, einem katholischen Orden, betrieben, dessen Provinzb\u00fcro sich in <strong>Darien, Illinois, Vereinigte Staaten<\/strong>.<\/p>\n<p>Indem Sie auf diese Website zugreifen oder sie nutzen, erkl\u00e4ren Sie sich mit diesen Allgemeinen Gesch\u00e4ftsbedingungen (\u201cBedingungen\u201d) einverstanden. Wenn Sie nicht einverstanden sind, stellen Sie bitte die Nutzung der Website ein.<\/p>\n<ol start=\"2\">\n<li><strong> Auftrag und Zweck<\/strong><\/li>\n<\/ol>\n<p>Carmelites.net existiert zur F\u00f6rderung der <strong>die religi\u00f6se, geistliche, erzieherische und karitative Mission des Karmeliterordens<\/strong>. Der Inhalt wird im Geiste des Dienstes an der Kirche und der weiteren Gemeinschaft angeboten.<\/p>\n<p>Alle Inhalte werden bereitgestellt f\u00fcr <strong>nur zu religi\u00f6sen und informativen Zwecken<\/strong> und stellt keine professionelle, rechtliche, medizinische oder seelsorgerische Beratung dar.<\/p>\n<ol start=\"3\">\n<li><strong> Geistiges Eigentum<\/strong><\/li>\n<\/ol>\n<p>Wenn nicht anders angegeben, ist der gesamte Inhalt dieser Website - einschlie\u00dflich der Artikel, Betrachtungen, Gebete, Bilder, Audio- und Videodateien, Logos und des Designs - Eigentum von Carmelites.net oder wird mit Genehmigung verwendet.<\/p>\n<p>Sie d\u00fcrfen:<\/p>\n<ul>\n<li>Zugang und Nutzung von Inhalten f\u00fcr <strong>pers\u00f6nliche, nicht kommerzielle und religi\u00f6se Zwecke<\/strong><\/li>\n<\/ul>\n<p>Das d\u00fcrfen Sie nicht:<\/p>\n<ul>\n<li>Inhalte ohne vorherige schriftliche Zustimmung zu kommerziellen Zwecken zu vervielf\u00e4ltigen, zu verbreiten oder zu ver\u00e4ndern<\/li>\n<\/ul>\n<ol start=\"4\">\n<li><strong> Einreichung von Inhalten<\/strong><\/li>\n<\/ol>\n<p>Indem Sie Inhalte an Carmelites.net \u00fcbermitteln, stimmen Sie zu, dass:<\/p>\n<ul>\n<li>Sie besitzen oder kontrollieren die Rechte an den eingereichten Inhalten<\/li>\n<li>Der Inhalt ist wahrheitsgem\u00e4\u00df und respektiert die katholische Lehre und die christliche N\u00e4chstenliebe<\/li>\n<li>Sie gew\u00e4hren Carmelites.net ein <strong>unbefristete, geb\u00fchrenfreie, nicht ausschlie\u00dfliche Lizenz<\/strong> die Inhalte zur F\u00f6rderung unseres Auftrags zu nutzen, zu ver\u00f6ffentlichen, anzupassen und zu verbreiten<\/li>\n<\/ul>\n<p>Wir behalten uns das Recht vor, Einsendungen nach unserem Ermessen zu bearbeiten, abzulehnen oder zu entfernen.<\/p>\n<ol start=\"5\">\n<li><strong> Spenden und wohlt\u00e4tige Beitr\u00e4ge<\/strong><\/li>\n<\/ol>\n<p>Carmelites.net nimmt Spenden zur Unterst\u00fctzung seiner religi\u00f6sen und karitativen Arbeit entgegen.<\/p>\n<ul>\n<li>Die Gemeinschaft der Karmeliten arbeitet als <strong>gemeinn\u00fctzige religi\u00f6se Organisation, die gem\u00e4\u00df Abschnitt 501(c)(3) des U.S. Internal Revenue Code anerkannt ist<\/strong><\/li>\n<li>Spenden sind im Allgemeinen <strong>steuerlich absetzbar<\/strong> in dem gesetzlich zul\u00e4ssigen Umfang<\/li>\n<li>Spenden sind <strong>nicht erstattungsf\u00e4hig<\/strong>, au\u00dfer in den gesetzlich vorgeschriebenen F\u00e4llen<\/li>\n<li>Spender sollten bez\u00fcglich der Absetzbarkeit einen Steuerberater konsultieren.<\/li>\n<\/ul>\n<p>Spendentransaktionen werden sicher von Drittanbietern verarbeitet.<\/p>\n<ol start=\"6\">\n<li><strong> Benutzerverhalten<\/strong><\/li>\n<\/ol>\n<p>Die Nutzer verpflichten sich, im Sinne der christlichen N\u00e4chstenliebe zu handeln und dies zu unterlassen:<\/p>\n<ul>\n<li>die Website f\u00fcr ungesetzliche Zwecke zu nutzen<\/li>\n<li>Inhalte zu ver\u00f6ffentlichen, die verleumderisch, beleidigend oder obsz\u00f6n sind oder im Widerspruch zur katholischen Lehre stehen<\/li>\n<li>Falsche Darstellung der Zugeh\u00f6rigkeit zum Karmeliterorden<\/li>\n<li>Versuche, die Sicherheit oder Funktionalit\u00e4t der Website zu beeintr\u00e4chtigen<\/li>\n<\/ul>\n<ol start=\"7\">\n<li><strong> Dienstleistungen von Drittanbietern<\/strong><\/li>\n<\/ol>\n<p>Die Website kann Links oder Integrationen mit Dienstleistungen Dritter (einschlie\u00dflich Spendenplattformen) enthalten. Carmelites.net ist nicht verantwortlich f\u00fcr die Inhalte, Richtlinien oder Praktiken Dritter.<\/p>\n<ol start=\"8\">\n<li><strong> Haftungsausschluss<\/strong><\/li>\n<\/ol>\n<p>Die Website und ihr Inhalt werden \u201c<strong>wie gehabt<\/strong>\u201d und \u201c<strong>wie verf\u00fcgbar<\/strong>.\u201d Obwohl wir uns um Genauigkeit und Treue zur katholischen Lehre bem\u00fchen, \u00fcbernehmen wir keine Garantie f\u00fcr Vollst\u00e4ndigkeit oder ununterbrochenen Zugang.<\/p>\n<ol start=\"9\">\n<li><strong> Beschr\u00e4nkung der Haftung<\/strong><\/li>\n<\/ol>\n<p>Soweit gesetzlich zul\u00e4ssig, haftet Carmelites.net nicht f\u00fcr Sch\u00e4den, die aus der Nutzung oder der Unm\u00f6glichkeit der Nutzung dieser Website oder ihres Inhalts entstehen.<\/p>\n<ol start=\"10\">\n<li><strong> Datenschutz<\/strong><\/li>\n<\/ol>\n<p>Die Nutzung dieser Website unterliegt den Bestimmungen unserer <a href=\"https:\/\/carmelites.net\/de\/privacy-policy\/\"><strong>Datenschutzbestimmungen<\/strong><\/a>, durch Verweis einbezogen.<\/p>\n<ol start=\"11\">\n<li><strong> Geltendes Recht<\/strong><\/li>\n<\/ol>\n<p>Diese Bedingungen unterliegen den Gesetzen der <strong>Bundesstaat Illinois<\/strong>, USA.<\/p>\n<ol start=\"12\">\n<li><strong> Kontaktinformationen<\/strong><\/li>\n<\/ol>\n<p><strong>Provinzb\u00fcro der Karmeliten<\/strong><br \/>\nDarien, Illinois, USA<br \/>\n<strong>Website:<\/strong> https:\/\/www.carmelites.net<br \/>\n<strong>E-Mail:<\/strong> review@carmelitemedia.org<\/p>","protected":false},"excerpt":{"rendered":"<p>Carmelites.net Last Updated: January 2026 Introduction Carmelites.net (\u201cWebsite\u201d) is operated by the Carmelite religious community, a Catholic religious order, with its Provincial Office located in Darien, Illinois, United States. By [&hellip;]<\/p>\n","protected":false},"author":1,"featured_media":0,"parent":0,"menu_order":0,"comment_status":"closed","ping_status":"closed","template":"","meta":{"rs_blank_template":"","rs_page_bg_color":"","slide_template_v7":"","_analytify_skip_tracking":false,"footnotes":""},"class_list":["post-23015","page","type-page","status-publish","hentry"],"aioseo_notices":[],"_links":{"self":[{"href":"https:\/\/carmelites.net\/de\/wp-json\/wp\/v2\/pages\/23015","targetHints":{"allow":["GET"]}}],"collection":[{"href":"https:\/\/carmelites.net\/de\/wp-json\/wp\/v2\/pages"}],"about":[{"href":"https:\/\/carmelites.net\/de\/wp-json\/wp\/v2\/types\/page"}],"author":[{"embeddable":true,"href":"https:\/\/carmelites.net\/de\/wp-json\/wp\/v2\/users\/1"}],"replies":[{"embeddable":true,"href":"https:\/\/carmelites.net\/de\/wp-json\/wp\/v2\/comments?post=23015"}],"version-history":[{"count":2,"href":"https:\/\/carmelites.net\/de\/wp-json\/wp\/v2\/pages\/23015\/revisions"}],"predecessor-version":[{"id":23022,"href":"https:\/\/carmelites.net\/de\/wp-json\/wp\/v2\/pages\/23015\/revisions\/23022"}],"wp:attachment":[{"href":"https:\/\/carmelites.net\/de\/wp-json\/wp\/v2\/media?parent=23015"}],"curies":[{"name":"wp","href":"https:\/\/api.w.org\/{rel}","templated":true}]}}