{"id":1983,"date":"2023-04-23T13:10:13","date_gmt":"2023-04-23T18:10:13","guid":{"rendered":"https:\/\/carmelites.net\/?page_id=1983"},"modified":"2026-04-07T12:16:00","modified_gmt":"2026-04-07T17:16:00","slug":"living-our-faith","status":"publish","type":"page","link":"https:\/\/carmelites.net\/de\/living-our-faith\/","title":{"rendered":"Unser Glaube leben"},"content":{"rendered":"<div data-elementor-type=\"wp-page\" data-elementor-id=\"1983\" class=\"elementor elementor-1983\" data-elementor-post-type=\"page\">\n\t\t\t\t<div data-particle_enable=\"false\" data-particle-mobile-disabled=\"false\" class=\"elementor-element elementor-element-f2e0bf0 e-flex e-con-boxed e-con e-parent\" data-id=\"f2e0bf0\" data-element_type=\"container\" data-e-type=\"container\">\n\t\t\t\t\t<div class=\"e-con-inner\">\n\t\t<div data-particle_enable=\"false\" data-particle-mobile-disabled=\"false\" class=\"elementor-element elementor-element-c69e8f5 e-con-full e-flex e-con e-child\" data-id=\"c69e8f5\" data-element_type=\"container\" data-e-type=\"container\">\n\t\t\t\t<div class=\"elementor-element elementor-element-37c2d1a elementor-widget elementor-widget-heading\" data-id=\"37c2d1a\" data-element_type=\"widget\" data-e-type=\"widget\" data-widget_type=\"heading.default\">\n\t\t\t\t<div class=\"elementor-widget-container\">\n\t\t\t\t\t<h2 class=\"elementor-heading-title elementor-size-default\">Gemeinsam allein beten<\/h2>\t\t\t\t<\/div>\n\t\t\t\t<\/div>\n\t\t\t\t<div class=\"elementor-element elementor-element-cdf84c9 elementor-widget-divider--view-line elementor-widget elementor-widget-divider\" data-id=\"cdf84c9\" data-element_type=\"widget\" data-e-type=\"widget\" data-widget_type=\"divider.default\">\n\t\t\t\t<div class=\"elementor-widget-container\">\n\t\t\t\t\t\t\t<div class=\"elementor-divider\">\n\t\t\t<span class=\"elementor-divider-separator\">\n\t\t\t\t\t\t<\/span>\n\t\t<\/div>\n\t\t\t\t\t\t<\/div>\n\t\t\t\t<\/div>\n\t\t\t\t<div class=\"elementor-element elementor-element-40d94ca elementor-widget elementor-widget-text-editor\" data-id=\"40d94ca\" data-element_type=\"widget\" data-e-type=\"widget\" data-widget_type=\"text-editor.default\">\n\t\t\t\t<div class=\"elementor-widget-container\">\n\t\t\t\t\t\t\t\t\t<div class=\"wpra-display align\" data-display-id=\"1\" hx-target=\"this\" hx-swap=\"outerHTML\">    <div class=\"wp-rss-aggregator wpra-grid-template\" data-page=\"1\" style=\"--wpra-grid-max-cols: 1;\">\n        <div class=\"wpra-item-grid rss-aggregator\">\n                <div class=\"wpra-item feed-item wpra-item--1of1\">\n        <a href=\"https:\/\/carmelites.net\/de\/fr-tracy\/the-false-self-and-the-true-self-6\/\" class=\"wpra-grid-item wpra-grid-item--pull-last-item wpra-grid-item--link\" target=\"_blank\" rel=\"noopener noreferrer nofollow\" style=\"\">\n            <div class=\"wpra-grid-item__content\">\n                    <div class=\"wpra-grid-item__item wpra-grid-item__title\">\n        DAS FALSCHE SELBST UND DAS WAHRE SELBST-6\n    <\/div><img loading=\"lazy\" decoding=\"async\" width=\"450\" height=\"254\" src=\"https:\/\/carmelites.net\/wp-content\/uploads\/2026\/05\/1000165303-1.jpg\" class=\"attachment-450x300 size-450x300 wp-post-image\" alt=\"Man in a gray suit sits alone in a church pew, facing the altar at the front of the sanctuary.\" srcset=\"https:\/\/carmelites.net\/wp-content\/uploads\/2026\/05\/1000165303-1.jpg 620w, https:\/\/carmelites.net\/wp-content\/uploads\/2026\/05\/1000165303-1-300x169.jpg 300w, https:\/\/carmelites.net\/wp-content\/uploads\/2026\/05\/1000165303-1-18x10.jpg 18w\" sizes=\"auto, (max-width: 450px) 100vw, 450px\" \/>    <div class=\"wpra-grid-item__item wpra-grid-item__excerpt\">\n        This is the sixth of eleven reflections on Thomas Merton&rsquo;s teaching on the True Self\/False Self dynamic. This conflictual but enlightening relationship permeates Merton&rsquo;s huge quantity of writing on the spiritual life. The basic point of the conflict is the individual&rsquo;s pull toward and away from God, one&rsquo; true and ultimate destiny. Merton&rsquo;s exposure of the consequences of original sin is ruthless in its intensity. This is the task of the False Self. At the&#8230;\n    <\/div>    <div class=\"wpra-grid-item__item wpra-grid-item__information\">\n            <div class=\"feed-date\">\n        Date:  2026-05-11\n    <\/div>    <div class=\"feed-source\">\n        Quelle:  Gemeinsam allein beten\n    <\/div><span class=\"feed-author\">Von Tracy O'Sullivan<\/span>\n    <\/div>\n            <\/div>\n        <\/a>\n    <\/div>    <div class=\"wpra-item feed-item wpra-item--1of1\">\n        <a href=\"https:\/\/carmelites.net\/de\/fr-tracy\/the-sixth-sunday-of-easter\/\" class=\"wpra-grid-item wpra-grid-item--pull-last-item wpra-grid-item--link\" target=\"_blank\" rel=\"noopener noreferrer nofollow\" style=\"\">\n            <div class=\"wpra-grid-item__content\">\n                    <div class=\"wpra-grid-item__item wpra-grid-item__title\">\n        DER SECHSTE SONNTAG DER OSTERNACHT\n    <\/div><img loading=\"lazy\" decoding=\"async\" width=\"450\" height=\"245\" src=\"https:\/\/carmelites.net\/wp-content\/uploads\/2026\/05\/1000215192.png\" class=\"attachment-450x300 size-450x300 wp-post-image\" alt=\"Jesus at center with twelve apostles around a long table in a stone room, sharing bread and wine by candlelight.\" srcset=\"https:\/\/carmelites.net\/wp-content\/uploads\/2026\/05\/1000215192.png 1408w, https:\/\/carmelites.net\/wp-content\/uploads\/2026\/05\/1000215192-300x164.png 300w, https:\/\/carmelites.net\/wp-content\/uploads\/2026\/05\/1000215192-1024x559.png 1024w, https:\/\/carmelites.net\/wp-content\/uploads\/2026\/05\/1000215192-768x419.png 768w, https:\/\/carmelites.net\/wp-content\/uploads\/2026\/05\/1000215192-18x10.png 18w\" sizes=\"auto, (max-width: 450px) 100vw, 450px\" \/>    <div class=\"wpra-grid-item__item wpra-grid-item__excerpt\">\n        Johannes 14,15-21 Liebe Freunde, wenn wir uns der Osterzeit n\u00e4hern, ist es gut, \u00fcber die Apostelgeschichte nachzudenken. Nur in der Osterzeit haben wir die erste Lesung aus der Apostelgeschichte. An jedem anderen Sonntag ist die erste Lesung aus den hebr\u00e4ischen Schriften. Die Apostelgeschichte ist ein Buch \u00fcber die Entstehung und das Wachstum der Kirche. Sie ist auch eine Offenbarung dar\u00fcber, was mit den Menschen geschieht, wenn sie verstehen und...\n    <\/div>    <div class=\"wpra-grid-item__item wpra-grid-item__information\">\n            <div class=\"feed-date\">\n        Datum: 2026-05-09\n    <\/div>    <div class=\"feed-source\">\n        Quelle:  Gemeinsam allein beten\n    <\/div><span class=\"feed-author\">Von Tracy O'Sullivan<\/span>\n    <\/div>\n            <\/div>\n        <\/a>\n    <\/div>    <div class=\"wpra-item feed-item wpra-item--1of1\">\n        <a href=\"https:\/\/carmelites.net\/de\/fr-tracy\/the-false-self-and-the-true-self-5\/\" class=\"wpra-grid-item wpra-grid-item--pull-last-item wpra-grid-item--link\" target=\"_blank\" rel=\"noopener noreferrer nofollow\" style=\"\">\n            <div class=\"wpra-grid-item__content\">\n                    <div class=\"wpra-grid-item__item wpra-grid-item__title\">\n        DAS FALSCHE SELBST UND DAS WAHRE SELBST-5\n    <\/div><img loading=\"lazy\" decoding=\"async\" width=\"450\" height=\"254\" src=\"https:\/\/carmelites.net\/wp-content\/uploads\/2026\/05\/1000165303.jpg\" class=\"attachment-450x300 size-450x300 wp-post-image\" alt=\"Man in a gray suit sits alone in a church pew, facing the altar during a service.\" srcset=\"https:\/\/carmelites.net\/wp-content\/uploads\/2026\/05\/1000165303.jpg 620w, https:\/\/carmelites.net\/wp-content\/uploads\/2026\/05\/1000165303-300x169.jpg 300w, https:\/\/carmelites.net\/wp-content\/uploads\/2026\/05\/1000165303-18x10.jpg 18w\" sizes=\"auto, (max-width: 450px) 100vw, 450px\" \/>    <div class=\"wpra-grid-item__item wpra-grid-item__excerpt\">\n        Dies ist die f\u00fcnfte von elf Betrachtungen \u00fcber Thomas Mertons Lehre von der Dynamik zwischen wahrem und falschem Selbst. Diese konfliktreiche, aber erhellende Beziehung durchdringt Mertons umfangreiches Werk \u00fcber das geistliche Leben. Der grundlegende Punkt des Konflikts ist die Anziehungskraft, die der Einzelne auf Gott, seine wahre und endg\u00fcltige Bestimmung, aus\u00fcbt. Mertons Aufdeckung der Folgen der Erbs\u00fcnde ist unbarmherzig in ihrer Intensit\u00e4t. Dies ist die Aufgabe des Falschen Selbst. Im...\n    <\/div>    <div class=\"wpra-grid-item__item wpra-grid-item__information\">\n            <div class=\"feed-date\">\n        Datum: 2026-05-04\n    <\/div>    <div class=\"feed-source\">\n        Quelle:  Gemeinsam allein beten\n    <\/div><span class=\"feed-author\">Von Tracy O'Sullivan<\/span>\n    <\/div>\n            <\/div>\n        <\/a>\n    <\/div>\n        <\/div>\n    <\/div> <\/div>\t\t\t\t\t\t\t\t<\/div>\n\t\t\t\t<\/div>\n\t\t\t\t<\/div>\n\t\t<div data-particle_enable=\"false\" data-particle-mobile-disabled=\"false\" class=\"elementor-element elementor-element-4e22626 e-con-full e-flex e-con e-child\" data-id=\"4e22626\" data-element_type=\"container\" data-e-type=\"container\">\n\t\t\t\t<div class=\"elementor-element elementor-element-5943e38 elementor-widget elementor-widget-image\" data-id=\"5943e38\" data-element_type=\"widget\" data-e-type=\"widget\" data-widget_type=\"image.default\">\n\t\t\t\t<div class=\"elementor-widget-container\">\n\t\t\t\t\t\t\t\t\t\t\t\t\t\t\t\t<a href=\"https:\/\/open.spotify.com\/show\/5PhisahZt6eXl9oCEh7v84?si=c97ab36de9c64fe7\" target=\"_blank\">\n\t\t\t\t\t\t\t<img loading=\"lazy\" decoding=\"async\" width=\"755\" height=\"225\" src=\"https:\/\/carmelites.net\/wp-content\/uploads\/2026\/02\/Screenshot-2026-02-27-at-30352-PM-e1772375560336.png\" class=\"attachment-large size-large wp-image-23692\" alt=\"\" srcset=\"https:\/\/carmelites.net\/wp-content\/uploads\/2026\/02\/Screenshot-2026-02-27-at-30352-PM-e1772375560336.png 755w, https:\/\/carmelites.net\/wp-content\/uploads\/2026\/02\/Screenshot-2026-02-27-at-30352-PM-e1772375560336-300x89.png 300w, https:\/\/carmelites.net\/wp-content\/uploads\/2026\/02\/Screenshot-2026-02-27-at-30352-PM-e1772375560336-18x5.png 18w\" sizes=\"auto, (max-width: 755px) 100vw, 755px\" \/>\t\t\t\t\t\t\t\t<\/a>\n\t\t\t\t\t\t\t\t\t\t\t\t\t\t\t<\/div>\n\t\t\t\t<\/div>\n\t\t\t\t<div class=\"elementor-element elementor-element-f4c0de9 elementor-widget elementor-widget-image\" data-id=\"f4c0de9\" data-element_type=\"widget\" data-e-type=\"widget\" data-widget_type=\"image.default\">\n\t\t\t\t<div class=\"elementor-widget-container\">\n\t\t\t\t\t\t\t\t\t\t\t\t\t\t\t\t<a href=\"https:\/\/open.spotify.com\/show\/5PhisahZt6eXl9oCEh7v84?si=bf089fb1c0d54fd5\">\n\t\t\t\t\t\t\t<img decoding=\"async\" src=\"https:\/\/carmelites.net\/wp-content\/uploads\/elementor\/thumbs\/b8f69966-3b04-4b04-bd6c-c284838a784e-rjvevrt7ae2i5qax3fi0pl5ge6zxlmi63ysmi3p66e.png\" title=\"\" alt=\"#image_title\" loading=\"lazy\" \/>\t\t\t\t\t\t\t\t<\/a>\n\t\t\t\t\t\t\t\t\t\t\t\t\t\t\t<\/div>\n\t\t\t\t<\/div>\n\t\t\t\t<div class=\"elementor-element elementor-element-6353929 elementor-widget elementor-widget-text-editor\" data-id=\"6353929\" data-element_type=\"widget\" data-e-type=\"widget\" data-widget_type=\"text-editor.default\">\n\t\t\t\t<div class=\"elementor-widget-container\">\n\t\t\t\t\t\t\t\t\t<p><strong>\u00dcber<\/strong><br \/>Nuestro Pan de Cada D\u00eda ist ein Podcast-Projekt, das aus dem Wunsch heraus entstanden ist, das Evangelium Gottes nahe, tief und voller Hoffnung zu verk\u00fcnden. Anhand von t\u00e4glichen Reflexionen \u00fcber das Evangelium wird eine m\u00fcndliche und pastorale Lekt\u00fcre angeboten, die die Sagrada Escritura mit dem Alltagsleben verbindet und die Freuden, Leiden und Entscheidungen unseres t\u00e4glichen Weges erhellt. Es ist ein Raum, um innezuhalten, Dios zu h\u00f6ren, sich durch sein Wort zu verwandeln und den Glauben zu erneuern, immer unter dem Licht des Evangeliums und der m\u00fctterlichen Geborgenheit unserer Se\u00f1ora del Carmen.<\/p>\t\t\t\t\t\t\t\t<\/div>\n\t\t\t\t<\/div>\n\t\t\t\t<div class=\"elementor-element elementor-element-1dfa089 elementor-widget elementor-widget-embedpres_elementor\" data-id=\"1dfa089\" data-element_type=\"widget\" data-e-type=\"widget\" data-widget_type=\"embedpres_elementor.default\">\n\t\t\t\t<div class=\"elementor-widget-container\">\n\t\t\t\t\t\n\t\t<div class=\"embedpress-elements-wrapper\" id=\"ep-elements-id-1dfa089\">\n\n\t\t\t\t\t\t\t<div id=\"ep-elementor-content-1dfa089\"\n\t\t\t\t\tclass=\"ep-elementor-content\t\t\t\t\t\t\t\t\t\t  ep-content-protection-disabled\t\t\t\t\tsource-default\">\n\n\t\t\t\t\t<div id=\"1dfa089\"\n\t\t\t\t\t\tclass=\"ep-embed-content-wrapper\t\t\t\t\t\t\t\t\t\t\t\t\t\t\t\t\t\tep-google-photos-\t\t\t\t\t\tdata-show-title=\"yes\"\t\t\t\t\t\t\"\n\t\t\t\t\t\t\t\t\t\t\t\t\t\t\t\t\t\t\t\t\t\t\t\t>\n\n\t\t\t\t\t\t<div id=\"ep-elementor-content-1dfa089\"\n\t\t\t\t\t\t\tclass=\"ep-elementor-content\t\t\t\t\t\t\t\t\t\t\t\t\t\t  ep-content-protection-disabled\t\t\t\t\t\t\tsource-default\">\n\n\t\t\t\t\t\t\t<div >\n\t\t\t\t\t\t\t\t<div id=\"1dfa089\"\n\t\t\t\t\t\t\t\t\tclass=\"ep-embed-content-wraper\"\n\t\t\t\t\t\t\t\t\t\t\t\t\t\t\t\t\t\t>\n\n\t\t\t\t\t\t\t\t\t<div class=\"ose-spotify ose-uid-439739110a1324eee1977e6eef3c5e2b ose-embedpress-responsive\" style=\"width:600px; height:352px; max-height:352px; max-width:100%; display:inline-block;\" data-embed-type=\"Spotify\"><iframe allowfullscreen title=\"Spotify-Einbettung: Intro\" style=\"border-radius: 12px\" width=\"100%\" height=\"352\" frameborder=\"0\" allow =\"encrypted-media;accelerometer;autoplay;clipboard-write;gyroscope;picture-in-picture clipboard-write; encrypted-media; fullscreen; picture-in-picture\" loading=\"lazy\" src=\"https:\/\/open.spotify.com\/embed\/show\/5PhisahZt6eXl9oCEh7v84?si=1b259ef178f14ae1&amp;utm_source=oembed\"><\/iframe><\/div>\t\t\t\t\t\t\t\t<\/div>\n\n\t\t\t\t\t\t\t\t\n\t\t\t\t\t\t\t<\/div>\n\t\t\t\t\t\t<\/div>\n\t\t\t\t\t<\/div>\n\t\t\t\t<\/div>\n\n\t\t\t\n\t\t<\/div>\n\n\n\t\t\n\t\t\t\t<\/div>\n\t\t\t\t<\/div>\n\t\t\t\t<div class=\"elementor-element elementor-element-bfd0b3b elementor-widget elementor-widget-embedpres_elementor\" data-id=\"bfd0b3b\" data-element_type=\"widget\" data-e-type=\"widget\" data-widget_type=\"embedpres_elementor.default\">\n\t\t\t\t<div class=\"elementor-widget-container\">\n\t\t\t\t\t\n\t\t<div class=\"embedpress-elements-wrapper\" id=\"ep-elements-id-bfd0b3b\">\n\n\t\t\t\t\t\t\t<div id=\"ep-elementor-content-bfd0b3b\"\n\t\t\t\t\tclass=\"ep-elementor-content\t\t\t\t\t\t\t\t\t\t  ep-content-protection-disabled\t\t\t\t\tsource-default\">\n\n\t\t\t\t\t<div id=\"bfd0b3b\"\n\t\t\t\t\t\tclass=\"ep-embed-content-wrapper\t\t\t\t\t\t\t\t\t\t\t\t\t\t\t\t\t\tep-google-photos-\t\t\t\t\t\tdata-show-title=\"yes\"\t\t\t\t\t\t\"\n\t\t\t\t\t\t\t\t\t\t\t\t\t\t\t\t\t\t\t\t\t\t\t\t>\n\n\t\t\t\t\t\t<div id=\"ep-elementor-content-bfd0b3b\"\n\t\t\t\t\t\t\tclass=\"ep-elementor-content\t\t\t\t\t\t\t\t\t\t\t\t\t\t  ep-content-protection-disabled\t\t\t\t\t\t\tsource-default\">\n\n\t\t\t\t\t\t\t<div >\n\t\t\t\t\t\t\t\t<div id=\"bfd0b3b\"\n\t\t\t\t\t\t\t\t\tclass=\"ep-embed-content-wraper\"\n\t\t\t\t\t\t\t\t\t\t\t\t\t\t\t\t\t\t>\n\n\t\t\t\t\t\t\t\t\t<div class=\"ose-wrapper ose-uid-a28c52c2a08ec1de9416a55b0f9913f1 ose-embedpress-responsive\" style=\"width:600px; height:826px; max-height:826px; max-width:100%; display:inline-block;\" data-embed-type=\"document_xml\"><iframe loading=\"lazy\" allowfullscreen=\"true\" width=\"600\" height=\"826\" src=\"https:\/\/media.rss.com\/evangelio-del-dia\/feed.xml\" > <\/iframe><\/div>\t\t\t\t\t\t\t\t<\/div>\n\n\t\t\t\t\t\t\t\t\n\t\t\t\t\t\t\t<\/div>\n\t\t\t\t\t\t<\/div>\n\t\t\t\t\t<\/div>\n\t\t\t\t<\/div>\n\n\t\t\t\n\t\t<\/div>\n\n\n\t\t\n\t\t\t\t<\/div>\n\t\t\t\t<\/div>\n\t\t\t\t<\/div>\n\t\t\t\t\t<\/div>\n\t\t\t\t<\/div>\n\t\t\t\t<\/div>","protected":false},"excerpt":{"rendered":"<p>Praying Alone Together AboutNuestro Pan de Cada D\u00eda es un proyecto de podcast nacido del deseo de anunciar la Palabra de Dios de manera cercana, profunda y llena de esperanza. [&hellip;]<\/p>\n","protected":false},"author":1,"featured_media":0,"parent":0,"menu_order":0,"comment_status":"closed","ping_status":"closed","template":"","meta":{"rs_blank_template":"","rs_page_bg_color":"","slide_template_v7":"","_analytify_skip_tracking":false,"footnotes":""},"class_list":["post-1983","page","type-page","status-publish","hentry"],"aioseo_notices":[],"_links":{"self":[{"href":"https:\/\/carmelites.net\/de\/wp-json\/wp\/v2\/pages\/1983","targetHints":{"allow":["GET"]}}],"collection":[{"href":"https:\/\/carmelites.net\/de\/wp-json\/wp\/v2\/pages"}],"about":[{"href":"https:\/\/carmelites.net\/de\/wp-json\/wp\/v2\/types\/page"}],"author":[{"embeddable":true,"href":"https:\/\/carmelites.net\/de\/wp-json\/wp\/v2\/users\/1"}],"replies":[{"embeddable":true,"href":"https:\/\/carmelites.net\/de\/wp-json\/wp\/v2\/comments?post=1983"}],"version-history":[{"count":74,"href":"https:\/\/carmelites.net\/de\/wp-json\/wp\/v2\/pages\/1983\/revisions"}],"predecessor-version":[{"id":24001,"href":"https:\/\/carmelites.net\/de\/wp-json\/wp\/v2\/pages\/1983\/revisions\/24001"}],"wp:attachment":[{"href":"https:\/\/carmelites.net\/de\/wp-json\/wp\/v2\/media?parent=1983"}],"curies":[{"name":"wp","href":"https:\/\/api.w.org\/{rel}","templated":true}]}}