{"id":18381,"date":"2025-01-11T14:05:48","date_gmt":"2025-01-11T20:05:48","guid":{"rendered":"https:\/\/carmelites.net\/?page_id=18381"},"modified":"2025-03-25T16:38:07","modified_gmt":"2025-03-25T21:38:07","slug":"curriculum","status":"publish","type":"page","link":"https:\/\/carmelites.net\/de\/curriculum\/","title":{"rendered":"Lehrplan"},"content":{"rendered":"<div data-elementor-type=\"wp-page\" data-elementor-id=\"18381\" class=\"elementor elementor-18381\" data-elementor-post-type=\"page\">\n\t\t\t\t<div data-particle_enable=\"false\" data-particle-mobile-disabled=\"false\" class=\"elementor-element elementor-element-ec545d0 e-flex e-con-boxed e-con e-parent\" data-id=\"ec545d0\" data-element_type=\"container\" data-e-type=\"container\">\n\t\t\t\t\t<div class=\"e-con-inner\">\n\t\t\t\t<div class=\"elementor-element elementor-element-16ff6ca elementor-grid-4 elementor-grid-tablet-2 elementor-grid-mobile-1 elementor-posts--thumbnail-top elementor-widget elementor-widget-posts\" data-id=\"16ff6ca\" data-element_type=\"widget\" data-e-type=\"widget\" data-settings=\"{&quot;classic_columns&quot;:&quot;4&quot;,&quot;classic_columns_tablet&quot;:&quot;2&quot;,&quot;classic_columns_mobile&quot;:&quot;1&quot;,&quot;classic_row_gap&quot;:{&quot;unit&quot;:&quot;px&quot;,&quot;size&quot;:35,&quot;sizes&quot;:[]},&quot;classic_row_gap_tablet&quot;:{&quot;unit&quot;:&quot;px&quot;,&quot;size&quot;:&quot;&quot;,&quot;sizes&quot;:[]},&quot;classic_row_gap_mobile&quot;:{&quot;unit&quot;:&quot;px&quot;,&quot;size&quot;:&quot;&quot;,&quot;sizes&quot;:[]}}\" data-widget_type=\"posts.classic\">\n\t\t\t\t<div class=\"elementor-widget-container\">\n\t\t\t\t\t\t\t<div class=\"elementor-posts-container elementor-posts elementor-posts--skin-classic elementor-grid\" role=\"list\">\n\t\t\t\t<article class=\"elementor-post elementor-grid-item post-18393 post type-post status-publish format-standard has-post-thumbnail hentry category-curriculum\" role=\"listitem\">\n\t\t\t\t<a class=\"elementor-post__thumbnail__link\" href=\"https:\/\/carmelites.net\/de\/curriculum\/student-study-guide\/\" tabindex=\"-1\" >\n\t\t\t<div class=\"elementor-post__thumbnail\"><img loading=\"lazy\" decoding=\"async\" width=\"300\" height=\"200\" src=\"https:\/\/carmelites.net\/wp-content\/uploads\/2025\/01\/english-c-300x200.jpg\" class=\"attachment-medium size-medium wp-image-18483\" alt=\"\" srcset=\"https:\/\/carmelites.net\/wp-content\/uploads\/2025\/01\/english-c-300x200.jpg 300w, https:\/\/carmelites.net\/wp-content\/uploads\/2025\/01\/english-c-18x12.jpg 18w, https:\/\/carmelites.net\/wp-content\/uploads\/2025\/01\/english-c.jpg 600w\" sizes=\"auto, (max-width: 300px) 100vw, 300px\" \/><\/div>\n\t\t<\/a>\n\t\t\t\t<div class=\"elementor-post__text\">\n\t\t\t\t<h2 class=\"elementor-post__title\">\n\t\t\t<a href=\"https:\/\/carmelites.net\/de\/curriculum\/student-study-guide\/\" >\n\t\t\t\tStudienf\u00fchrer f\u00fcr Studenten\t\t\t<\/a>\n\t\t<\/h2>\n\t\t\t\t<div class=\"elementor-post__excerpt\">\n\t\t\t\t\t<\/div>\n\t\t\n\t\t<a class=\"elementor-post__read-more\" href=\"https:\/\/carmelites.net\/de\/curriculum\/student-study-guide\/\" aria-label=\"Mehr \u00fcber Student Study Guide\" tabindex=\"-1\" >\n\t\t\tMehr lesen \"\t\t<\/a>\n\n\t\t\t\t<\/div>\n\t\t\t\t<\/article>\n\t\t\t\t<article class=\"elementor-post elementor-grid-item post-18396 post type-post status-publish format-standard has-post-thumbnail hentry category-curriculum\" role=\"listitem\">\n\t\t\t\t<a class=\"elementor-post__thumbnail__link\" href=\"https:\/\/carmelites.net\/de\/curriculum\/curriculo-ls-espan%cc%83ol\/\" tabindex=\"-1\" >\n\t\t\t<div class=\"elementor-post__thumbnail\"><img loading=\"lazy\" decoding=\"async\" width=\"300\" height=\"200\" src=\"https:\/\/carmelites.net\/wp-content\/uploads\/2025\/01\/spanish-c-1-300x200.jpg\" class=\"attachment-medium size-medium wp-image-18485\" alt=\"\" srcset=\"https:\/\/carmelites.net\/wp-content\/uploads\/2025\/01\/spanish-c-1-300x200.jpg 300w, https:\/\/carmelites.net\/wp-content\/uploads\/2025\/01\/spanish-c-1-1024x683.jpg 1024w, https:\/\/carmelites.net\/wp-content\/uploads\/2025\/01\/spanish-c-1-768x512.jpg 768w, https:\/\/carmelites.net\/wp-content\/uploads\/2025\/01\/spanish-c-1-18x12.jpg 18w, https:\/\/carmelites.net\/wp-content\/uploads\/2025\/01\/spanish-c-1.jpg 1089w\" sizes=\"auto, (max-width: 300px) 100vw, 300px\" \/><\/div>\n\t\t<\/a>\n\t\t\t\t<div class=\"elementor-post__text\">\n\t\t\t\t<h2 class=\"elementor-post__title\">\n\t\t\t<a href=\"https:\/\/carmelites.net\/de\/curriculum\/curriculo-ls-espan%cc%83ol\/\" >\n\t\t\t\tCurr\u00edculo LS Espa\u00f1ol\t\t\t<\/a>\n\t\t<\/h2>\n\t\t\t\t<div class=\"elementor-post__excerpt\">\n\t\t\t\t\t<\/div>\n\t\t\n\t\t<a class=\"elementor-post__read-more\" href=\"https:\/\/carmelites.net\/de\/curriculum\/curriculo-ls-espan%cc%83ol\/\" aria-label=\"Mehr \u00fcber Curr\u00edculo LS Espa\u00f1ol\" tabindex=\"-1\" >\n\t\t\tMehr lesen \"\t\t<\/a>\n\n\t\t\t\t<\/div>\n\t\t\t\t<\/article>\n\t\t\t\t<article class=\"elementor-post elementor-grid-item post-18390 post type-post status-publish format-standard has-post-thumbnail hentry category-curriculum\" role=\"listitem\">\n\t\t\t\t<a class=\"elementor-post__thumbnail__link\" href=\"https:\/\/carmelites.net\/de\/curriculum\/parish-study-guide\/\" tabindex=\"-1\" >\n\t\t\t<div class=\"elementor-post__thumbnail\"><img loading=\"lazy\" decoding=\"async\" width=\"300\" height=\"200\" src=\"https:\/\/carmelites.net\/wp-content\/uploads\/2025\/01\/english-s-300x200.jpg\" class=\"attachment-medium size-medium wp-image-18480\" alt=\"\" srcset=\"https:\/\/carmelites.net\/wp-content\/uploads\/2025\/01\/english-s-300x200.jpg 300w, https:\/\/carmelites.net\/wp-content\/uploads\/2025\/01\/english-s-18x12.jpg 18w, https:\/\/carmelites.net\/wp-content\/uploads\/2025\/01\/english-s.jpg 600w\" sizes=\"auto, (max-width: 300px) 100vw, 300px\" \/><\/div>\n\t\t<\/a>\n\t\t\t\t<div class=\"elementor-post__text\">\n\t\t\t\t<h2 class=\"elementor-post__title\">\n\t\t\t<a href=\"https:\/\/carmelites.net\/de\/curriculum\/parish-study-guide\/\" >\n\t\t\t\tStudienf\u00fchrer f\u00fcr die Gemeinde\t\t\t<\/a>\n\t\t<\/h2>\n\t\t\t\t<div class=\"elementor-post__excerpt\">\n\t\t\t\t\t<\/div>\n\t\t\n\t\t<a class=\"elementor-post__read-more\" href=\"https:\/\/carmelites.net\/de\/curriculum\/parish-study-guide\/\" aria-label=\"Mehr \u00fcber Parish Study Guide\" tabindex=\"-1\" >\n\t\t\tMehr lesen \"\t\t<\/a>\n\n\t\t\t\t<\/div>\n\t\t\t\t<\/article>\n\t\t\t\t<article class=\"elementor-post elementor-grid-item post-18399 post type-post status-publish format-standard has-post-thumbnail hentry category-curriculum\" role=\"listitem\">\n\t\t\t\t<a class=\"elementor-post__thumbnail__link\" href=\"https:\/\/carmelites.net\/de\/curriculum\/guia-por-parroquias\/\" tabindex=\"-1\" >\n\t\t\t<div class=\"elementor-post__thumbnail\"><img loading=\"lazy\" decoding=\"async\" width=\"300\" height=\"200\" src=\"https:\/\/carmelites.net\/wp-content\/uploads\/2025\/01\/spanish-s-1-e1736896567433-300x200.jpg\" class=\"attachment-medium size-medium wp-image-18473\" alt=\"\" srcset=\"https:\/\/carmelites.net\/wp-content\/uploads\/2025\/01\/spanish-s-1-e1736896567433-300x200.jpg 300w, https:\/\/carmelites.net\/wp-content\/uploads\/2025\/01\/spanish-s-1-e1736896567433-18x12.jpg 18w, https:\/\/carmelites.net\/wp-content\/uploads\/2025\/01\/spanish-s-1-e1736896567433.jpg 600w\" sizes=\"auto, (max-width: 300px) 100vw, 300px\" \/><\/div>\n\t\t<\/a>\n\t\t\t\t<div class=\"elementor-post__text\">\n\t\t\t\t<h2 class=\"elementor-post__title\">\n\t\t\t<a href=\"https:\/\/carmelites.net\/de\/curriculum\/guia-por-parroquias\/\" >\n\t\t\t\tLeitfaden f\u00fcr Kirchengemeinden\t\t\t<\/a>\n\t\t<\/h2>\n\t\t\t\t<div class=\"elementor-post__excerpt\">\n\t\t\t\t\t<\/div>\n\t\t\n\t\t<a class=\"elementor-post__read-more\" href=\"https:\/\/carmelites.net\/de\/curriculum\/guia-por-parroquias\/\" aria-label=\"Mehr \u00fcber Guia por Parroquias\" tabindex=\"-1\" >\n\t\t\tMehr lesen \"\t\t<\/a>\n\n\t\t\t\t<\/div>\n\t\t\t\t<\/article>\n\t\t\t\t<\/div>\n\t\t\n\t\t\t\t\t\t<\/div>\n\t\t\t\t<\/div>\n\t\t\t\t<div class=\"elementor-element elementor-element-2361bad elementor-widget elementor-widget-text-editor\" data-id=\"2361bad\" data-element_type=\"widget\" data-e-type=\"widget\" data-widget_type=\"text-editor.default\">\n\t\t\t\t<div class=\"elementor-widget-container\">\n\t\t\t\t\t\t\t\t\t<p>Wir w\u00fcnschen Ihnen viel Spa\u00df mit diesem kostenlosen Lehrplanmaterial. Wenn Sie die fortlaufende Entwicklung und Verbreitung dieses Lehrplans unterst\u00fctzen m\u00f6chten, verwenden Sie bitte die Schaltfl\u00e4che SPENDEN in der Kopfzeile, um dieses Programm zu unterst\u00fctzen.<\/p>\t\t\t\t\t\t\t\t<\/div>\n\t\t\t\t<\/div>\n\t\t\t\t\t<\/div>\n\t\t\t\t<\/div>\n\t\t\t\t<\/div>","protected":false},"excerpt":{"rendered":"<p>Wir w\u00fcnschen Ihnen viel Spa\u00df mit diesem kostenlosen Lehrplanmaterial. Wenn Sie die fortlaufende Entwicklung und Verbreitung dieses Lehrplans unterst\u00fctzen m\u00f6chten, verwenden Sie bitte die Schaltfl\u00e4che SPENDEN in der Kopfzeile, um dieses Programm zu unterst\u00fctzen.<\/p>","protected":false},"author":1,"featured_media":0,"parent":0,"menu_order":0,"comment_status":"closed","ping_status":"closed","template":"","meta":{"rs_blank_template":"","rs_page_bg_color":"","slide_template_v7":"","_analytify_skip_tracking":false,"footnotes":""},"class_list":["post-18381","page","type-page","status-publish","hentry"],"aioseo_notices":[],"_links":{"self":[{"href":"https:\/\/carmelites.net\/de\/wp-json\/wp\/v2\/pages\/18381","targetHints":{"allow":["GET"]}}],"collection":[{"href":"https:\/\/carmelites.net\/de\/wp-json\/wp\/v2\/pages"}],"about":[{"href":"https:\/\/carmelites.net\/de\/wp-json\/wp\/v2\/types\/page"}],"author":[{"embeddable":true,"href":"https:\/\/carmelites.net\/de\/wp-json\/wp\/v2\/users\/1"}],"replies":[{"embeddable":true,"href":"https:\/\/carmelites.net\/de\/wp-json\/wp\/v2\/comments?post=18381"}],"version-history":[{"count":34,"href":"https:\/\/carmelites.net\/de\/wp-json\/wp\/v2\/pages\/18381\/revisions"}],"predecessor-version":[{"id":19769,"href":"https:\/\/carmelites.net\/de\/wp-json\/wp\/v2\/pages\/18381\/revisions\/19769"}],"wp:attachment":[{"href":"https:\/\/carmelites.net\/de\/wp-json\/wp\/v2\/media?parent=18381"}],"curies":[{"name":"wp","href":"https:\/\/api.w.org\/{rel}","templated":true}]}}