{"id":17348,"date":"2024-10-15T15:19:05","date_gmt":"2024-10-15T20:19:05","guid":{"rendered":"https:\/\/carmelites.net\/?page_id=17348"},"modified":"2025-08-02T14:31:42","modified_gmt":"2025-08-02T19:31:42","slug":"carmelite-priest-kevin-mcbrien-dies","status":"publish","type":"page","link":"https:\/\/carmelites.net\/de\/carmelite-priest-kevin-mcbrien-dies\/","title":{"rendered":"KARMELITERPRIESTER KEVIN MCBRIEN GESTORBEN"},"content":{"rendered":"<div data-elementor-type=\"wp-page\" data-elementor-id=\"17348\" class=\"elementor elementor-17348\" data-elementor-post-type=\"page\">\n\t\t\t\t<div data-particle_enable=\"false\" data-particle-mobile-disabled=\"false\" class=\"elementor-element elementor-element-7181ed5 e-flex e-con-boxed e-con e-parent\" data-id=\"7181ed5\" data-element_type=\"container\" data-e-type=\"container\">\n\t\t\t\t\t<div class=\"e-con-inner\">\n\t\t\t\t<div class=\"elementor-element elementor-element-a64e5a4 elementor-widget elementor-widget-image\" data-id=\"a64e5a4\" data-element_type=\"widget\" data-e-type=\"widget\" data-widget_type=\"image.default\">\n\t\t\t\t<div class=\"elementor-widget-container\">\n\t\t\t\t\t\t\t\t\t\t\t\t\t\t\t<img loading=\"lazy\" decoding=\"async\" width=\"606\" height=\"113\" src=\"https:\/\/carmelites.net\/wp-content\/uploads\/2024\/10\/Screenshot-2024-10-15-at-4.19.10\u202fPM.png\" class=\"attachment-full size-full wp-image-17350\" alt=\"\" srcset=\"https:\/\/carmelites.net\/wp-content\/uploads\/2024\/10\/Screenshot-2024-10-15-at-4.19.10\u202fPM.png 606w, https:\/\/carmelites.net\/wp-content\/uploads\/2024\/10\/Screenshot-2024-10-15-at-4.19.10\u202fPM-300x56.png 300w, https:\/\/carmelites.net\/wp-content\/uploads\/2024\/10\/Screenshot-2024-10-15-at-4.19.10\u202fPM-18x3.png 18w\" sizes=\"auto, (max-width: 606px) 100vw, 606px\" \/>\t\t\t\t\t\t\t\t\t\t\t\t\t\t\t<\/div>\n\t\t\t\t<\/div>\n\t\t\t\t<div class=\"elementor-element elementor-element-aabfb24 elementor-widget elementor-widget-heading\" data-id=\"aabfb24\" data-element_type=\"widget\" data-e-type=\"widget\" data-widget_type=\"heading.default\">\n\t\t\t\t<div class=\"elementor-widget-container\">\n\t\t\t\t\t<h2 class=\"elementor-heading-title elementor-size-default\">KARMELITERPRIESTER KEVIN MCBRIEN GESTORBEN<\/h2>\t\t\t\t<\/div>\n\t\t\t\t<\/div>\n\t\t\t\t<div class=\"elementor-element elementor-element-71bc83a elementor-widget elementor-widget-text-editor\" data-id=\"71bc83a\" data-element_type=\"widget\" data-e-type=\"widget\" data-widget_type=\"text-editor.default\">\n\t\t\t\t<div class=\"elementor-widget-container\">\n\t\t\t\t\t\t\t\t\t<h2>KARMELITERPRIESTER KEVIN MCBRIEN GESTORBEN<\/h2><p><span style=\"color: var( --e-global-color-text ); font-family: var( --e-global-typography-text-font-family ), Sans-serif; font-size: var( --e-global-typography-text-font-size ); font-weight: var( --e-global-typography-text-font-weight ); text-align: var(--text-align);\">(8. Oktober 2024; Darien, IL)\u00a0\u00a0<\/span><\/p><p><span style=\"color: var( --e-global-color-text ); font-family: var( --e-global-typography-text-font-family ), Sans-serif; font-size: var( --e-global-typography-text-font-size ); font-weight: var( --e-global-typography-text-font-weight ); text-align: var(--text-align);\">\u00a0 \u00a0 \u00a0 \u00a0 \u00a0 \u00a0 \u00a0Die Provinz vom Reinsten Herzen Mariens, Orden der Karmeliten, trauert um Reverend Kevin McBrien, O.Carm., der im Alter von 81 Jahren am 8. Oktober 2024 im Providence-St. Joseph Hospital in Burbank, Kalifornien, verstorben ist.<\/span><\/p><p>\u00a0\u00a0\u00a0\u00a0\u00a0\u00a0\u00a0\u00a0\u00a0\u00a0\u00a0 Kevin wurde als Sohn von (dem verstorbenen) Joseph F. McBrien und (der verstorbenen) Lucy F. (Barbeau) McBrien am 30. M\u00e4rz 1943 in Salem, Massachusetts, geboren.  Bei der Taufe wurde er auf den Namen Kevin Michael getauft.  Er verstarb vor seinem Bruder, Rev. Dennis (John) McBrien, O.Carm., und hinterl\u00e4sst seine Schwester Kathleen Bouchard und seinen Bruder Harold McBrien.<\/p><p>\u00a0\u00a0\u00a0\u00a0\u00a0\u00a0\u00a0\u00a0\u00a0\u00a0\u00a0 Kevin besuchte das Karmelitenseminar in Hamilton, Massachusetts, von 1957-1962.  Anschlie\u00dfend besuchte er das Mount Carmel College in Niagara Falls, Ontario, Kanada, und erwarb 1967 einen BA-Abschluss in Philosophie.  Von 1967 bis 1970 setzte er sein Studium an der Washington Theological Coalition fort und erwarb 1973 einen MA-Abschluss in P\u00e4dagogik an der Universit\u00e4t von Detroit.<\/p><p>\u00a0\u00a0\u00a0\u00a0\u00a0\u00a0\u00a0\u00a0\u00a0\u00a0\u00a0 Kevin legte am 22. August 1964 im Karmeliten-Noviziat in New Baltimore, Pennsylvania, die einfachen Gel\u00fcbde ab und legte am 30. Januar 1970 in Whitefriars Hall in Washington, DC, die feierlichen Gel\u00fcbde als Karmelit ab.  Am 13. Februar 1970 wurde er im Nationalheiligtum der Unbefleckten Empf\u00e4ngnis in Washington DC zum Diakon geweiht und am 16. Mai 1970 im Karmelitenseminar in Hamilton, Massachusetts, von Bischof Nevin Hayes, O.Carm. zum Priester geweiht.<\/p><p>\u00a0\u00a0\u00a0\u00a0\u00a0\u00a0\u00a0\u00a0\u00a0\u00a0\u00a0 Seine erste Aufgabe als Priester war die eines beigeordneten Pfarrers und Jugendseelsorgers in der Pfarrei Immaculate Conception in Norwood, New Jersey, von 1970 bis 1971.  Anschlie\u00dfend war er von 1971 bis 1973 stellvertretender Pfarrer in der Pfarrei St. Cecilia in Englewood, New Jersey.\u00a0<\/p><p>\u00a0\u00a0\u00a0\u00a0\u00a0\u00a0\u00a0\u00a0\u00a0\u00a0\u00a0 In den folgenden 13 Jahren war Pater Kevin Mitglied des Lehrk\u00f6rpers mehrerer Karmeliten-High Schools.  Er war von 1973-1981 an der Joliet Catholic High School in Joliet, Illinois; von 1981-1983 an der Our Lady of Mount Carmel High School in Houston, Texas; und von 1983-1986 an der Crespi Carmelite High School in Encino, Kalifornien.<\/p><p>\u00a0\u00a0\u00a0\u00a0\u00a0\u00a0\u00a0\u00a0\u00a0\u00a0\u00a0 Pater Kevin kehrte 1986 in den Pfarrdienst zur\u00fcck und diente von 1986 bis 1991 als Hilfspfarrer der Pfarrei St. Jane Frances de Chantal in North Hollywood, Kalifornien, und anschlie\u00dfend von 1991 bis 1997 als Pfarrer der Pfarrei Our Lady of Mount Carmel in Fairfield, Kalifornien.<\/p><p>\u00a0\u00a0\u00a0\u00a0\u00a0\u00a0\u00a0\u00a0\u00a0\u00a0\u00a0 P. Kevin war von 1997 bis 2005 Direktor f\u00fcr die Berufung der Karmeliten im Westen und von 2003 bis 2006 auch Kommissarischer Provinzial im Westen.  Im Jahr 2007 diente P. Kevin als Pfarrvikar in der Pfarrei St. Thomas der Apostel in Chicago, Illinois, und war gleichzeitig von 2007 bis 2008 Prior der karmelitanischen Ausbildungsgemeinschaft im Carith House.  Von 2008-2010 war P. Kevin dann Pfarrvikar in der Pfarrei St. Matthew in Glendale Heights, Illinois.<\/p><p>\u00a0\u00a0\u00a0\u00a0\u00a0\u00a0\u00a0\u00a0\u00a0\u00a0\u00a0 Von 2010 bis 2020 lebte Pater Kevin im Priorat St. Therese in Phoenix, Arizona, bis er 2020 in die Villa Scalabrini in Sun Valley, Kalifornien, zog, wo er bis zu seinem Tod blieb.<\/p><p>\u00a0\u00a0\u00a0\u00a0\u00a0\u00a0\u00a0\u00a0\u00a0\u00a0\u00a0 M\u00f6ge er in Frieden ruhen.<\/p><p>\u00a0\u00a0\u00a0\u00a0\u00a0\u00a0\u00a0\u00a0\u00a0\u00a0\u00a0 Am 25. Oktober 2024 wird in der Villa Scalabrini in Sun Valley, Kalifornien, eine Begr\u00e4bnismesse f\u00fcr Pater Kevin gefeiert. Die Beerdigung findet zu einem sp\u00e4teren Zeitpunkt auf dem St. Mary Cemetery in Salem, Massachusetts, statt.<\/p><p>\u00a0\u00a0\u00a0\u00a0\u00a0\u00a0\u00a0\u00a0\u00a0\u00a0\u00a0 Spenden zu Ehren von Reverend Kevin McBrien, O.Carm., k\u00f6nnen gemacht werden an: The Society of Mount Carmel, 1317 North Frontage Road, Darien, Illinois 60561.<\/p><p>\u00a0\u00a0\u00a0\u00a0\u00a0\u00a0\u00a0\u00a0\u00a0\u00a0\u00a0 F\u00fcr weitere Informationen \u00fcber Reverend Kevin McBrien, O.Carm., oder den Orden der Karmeliten wenden Sie sich bitte an Carmelite Media unter (630) 971-0724 oder besuchen Sie die Website der Karmeliten unter <a href=\"http:\/\/carmelites.net\/de\/\">www.carmelites.net<\/a><\/p>\t\t\t\t\t\t\t\t<\/div>\n\t\t\t\t<\/div>\n\t\t\t\t\t<\/div>\n\t\t\t\t<\/div>\n\t\t\t\t<\/div>","protected":false},"excerpt":{"rendered":"<p>CARMELITE PRIEST KEVIN MCBRIEN DIES CARMELITE PRIEST KEVIN MCBRIEN DIES (October 8, 2024; Darien, IL)\u00a0\u00a0 \u00a0 \u00a0 \u00a0 \u00a0 \u00a0 \u00a0 \u00a0The Province of the Most Pure Heart of Mary, Order of Carmelites, mourns the death of the Reverend Kevin McBrien, O.Carm., who died at the age of 81, on October 8, 2024, at Providence-St. [&hellip;]<\/p>\n","protected":false},"author":1,"featured_media":0,"parent":0,"menu_order":0,"comment_status":"closed","ping_status":"closed","template":"","meta":{"rs_blank_template":"","rs_page_bg_color":"","slide_template_v7":"","_analytify_skip_tracking":false,"footnotes":""},"class_list":["post-17348","page","type-page","status-publish","hentry"],"aioseo_notices":[],"_links":{"self":[{"href":"https:\/\/carmelites.net\/de\/wp-json\/wp\/v2\/pages\/17348","targetHints":{"allow":["GET"]}}],"collection":[{"href":"https:\/\/carmelites.net\/de\/wp-json\/wp\/v2\/pages"}],"about":[{"href":"https:\/\/carmelites.net\/de\/wp-json\/wp\/v2\/types\/page"}],"author":[{"embeddable":true,"href":"https:\/\/carmelites.net\/de\/wp-json\/wp\/v2\/users\/1"}],"replies":[{"embeddable":true,"href":"https:\/\/carmelites.net\/de\/wp-json\/wp\/v2\/comments?post=17348"}],"version-history":[{"count":10,"href":"https:\/\/carmelites.net\/de\/wp-json\/wp\/v2\/pages\/17348\/revisions"}],"predecessor-version":[{"id":21023,"href":"https:\/\/carmelites.net\/de\/wp-json\/wp\/v2\/pages\/17348\/revisions\/21023"}],"wp:attachment":[{"href":"https:\/\/carmelites.net\/de\/wp-json\/wp\/v2\/media?parent=17348"}],"curies":[{"name":"wp","href":"https:\/\/api.w.org\/{rel}","templated":true}]}}