{"id":1373,"date":"2022-08-08T19:48:19","date_gmt":"2022-08-09T00:48:19","guid":{"rendered":"https:\/\/carmelites.net\/?page_id=1373"},"modified":"2022-08-16T10:43:46","modified_gmt":"2022-08-16T15:43:46","slug":"st-edith-stein","status":"publish","type":"page","link":"https:\/\/carmelites.net\/de\/st-edith-stein\/","title":{"rendered":"St. Edith Stein"},"content":{"rendered":"<p><strong><a href=\"https:\/\/www.ocarm.org\/en\/item\/212-st-teresa-benedicta-of-the-cross-ocd-virgin-and-martyr-m-feast-in-europe\" target=\"_blank\" rel=\"noopener\"><img loading=\"lazy\" decoding=\"async\" class=\"wp-image-853 size-full alignleft\" src=\"http:\/\/carmelites.net\/wp-content\/uploads\/2021\/12\/aug09.jpg\" alt=\"\" width=\"288\" height=\"432\" srcset=\"https:\/\/carmelites.net\/wp-content\/uploads\/2021\/12\/aug09.jpg 288w, https:\/\/carmelites.net\/wp-content\/uploads\/2021\/12\/aug09-200x300.jpg 200w, https:\/\/carmelites.net\/wp-content\/uploads\/2021\/12\/aug09-8x12.jpg 8w\" sizes=\"auto, (max-width: 288px) 100vw, 288px\" \/><\/a><\/strong><\/p>\n<p><strong>August 09<\/strong>\u00a0 <strong>Heilige Edith Stein <\/strong>(Teresa Benedicta) (geb. 1891) war eine Philosophin und Schriftstellerin, die zum Katholizismus konvertierte und Nonne im K\u00f6lner Karmel wurde.  Sie und ihre Schwester wurden im Karmel von Echt verhaftet und 1942 in Auschwitz ermordet.<\/p>\n<p style=\"font-weight: 400;\">Edith Stein wurde am 12. Oktober 1891 als Tochter deutsch-j\u00fcdischer Eltern in Breslau geboren und schrieb sich nach dem Besuch des Gymnasiums an der philosophischen Fakult\u00e4t der st\u00e4dtischen Universit\u00e4t ein. Im Jahr 1913 wechselte sie an die Universit\u00e4t von G\u00f6ttingen, um bei Edmund Husserl zu studieren. Bis zu ihrem dreizehnten Lebensjahr war sie faktisch Atheistin. Ihre erste ernsthafte Begegnung mit dem Christentum hatte sie beim H\u00f6ren von Max Scheler. 1916 setzte sie ihr Studium in Freiburg fort und schloss es ab, wo sie unter der Leitung von Husserl promovierte. Sie blieb bis 1921 an der Universit\u00e4t t\u00e4tig.<\/p>\n<p style=\"font-weight: 400;\">In diesen Jahren las sie die Autobiographie von Teresa von Avila und wurde sich ihrer Berufung bewusst, katholisch zu werden; sie wurde am 1. Januar 1922 getauft. Am selben Tag ging sie zur Erstkommunion und wurde am darauf folgenden 2. Februar gefirmt. Nach ihrer Bekehrung f\u00fchlte sie sich zum Ordensleben hingezogen, aber die Umst\u00e4nde zwangen sie, diese Entscheidung bis 1933 aufzuschieben. Als sie 1933 aufgrund der antij\u00fcdischen Gesetze ihren Lehrauftrag verlor, trat sie am 14. Oktober 1933 in K\u00f6ln in den Karmel ein und nahm den Namen Teresa Benedikt vom Kreuz an.<\/p>\n<p style=\"font-weight: 400;\">Am 31. Dezember 1938 wurde sie in den Karmel in Echt in Holland gebracht, um der Verfolgung der Juden durch die Nazis zu entgehen. Im Jahr 1940 verschlechterte sich die Situation auch in Holland. Als die Verordnungen strenger wurden, versuchte man, sie in den Karmel in der Schweiz zu bringen. W\u00e4hrend die Vorbereitungen f\u00fcr ihre \u00dcbersiedlung getroffen wurden, begannen in Holland die Deportationen der Juden in die Konzentrationslager. Schwester Teresa wurde in Begleitung ihrer Schwester Rosa, die ebenfalls katholisch geworden war, am 2. August 1942 nach Amersfort gebracht. Am 3. August wurde sie nach Westerbork gebracht. Am 7. August wurden sie und ihre Schwester zusammen mit anderen Deportierten in Eisenbahnwaggons gesperrt und mit dem Zug in das Vernichtungslager Auschwitz gebracht, eine Reise, die zwei Tage dauerte.<\/p>\n<p style=\"font-weight: 400;\">Schwester Teresa Benedikt vom Kreuz starb noch am Tag ihrer Ankunft im Lager Auschwitz, am Sonntag, dem 9. August 1942, in der Gaskammer und wurde in einem der dortigen Krematorien verbrannt. Sie wurde am 1. Mai 1987 seliggesprochen und am 11. Oktober 1998 von Papst Johannes Paul II. heiliggesprochen. Am 2. Oktober 1999 ernannte derselbe Papst sie zur Mitpatronin Europas.<\/p>","protected":false},"excerpt":{"rendered":"<p>August 09\u00a0 Saint Edith Stein (Teresa Benedicta) (born 1891) was a philosopher, author, who converted to Catholicism and became a nun at Cologne Carmel.\u00a0 She and her sister were arrested at Echt Carmel and martyred at Auschwitz in 1942. Edith Stein was born at Breslau on October 12, 1891, to German Jewish parents, and after [&hellip;]<\/p>\n","protected":false},"author":1,"featured_media":0,"parent":0,"menu_order":0,"comment_status":"closed","ping_status":"closed","template":"","meta":{"rs_blank_template":"","rs_page_bg_color":"","slide_template_v7":"","_analytify_skip_tracking":false,"footnotes":""},"class_list":["post-1373","page","type-page","status-publish","hentry"],"aioseo_notices":[],"_links":{"self":[{"href":"https:\/\/carmelites.net\/de\/wp-json\/wp\/v2\/pages\/1373","targetHints":{"allow":["GET"]}}],"collection":[{"href":"https:\/\/carmelites.net\/de\/wp-json\/wp\/v2\/pages"}],"about":[{"href":"https:\/\/carmelites.net\/de\/wp-json\/wp\/v2\/types\/page"}],"author":[{"embeddable":true,"href":"https:\/\/carmelites.net\/de\/wp-json\/wp\/v2\/users\/1"}],"replies":[{"embeddable":true,"href":"https:\/\/carmelites.net\/de\/wp-json\/wp\/v2\/comments?post=1373"}],"version-history":[{"count":3,"href":"https:\/\/carmelites.net\/de\/wp-json\/wp\/v2\/pages\/1373\/revisions"}],"predecessor-version":[{"id":1386,"href":"https:\/\/carmelites.net\/de\/wp-json\/wp\/v2\/pages\/1373\/revisions\/1386"}],"wp:attachment":[{"href":"https:\/\/carmelites.net\/de\/wp-json\/wp\/v2\/media?parent=1373"}],"curies":[{"name":"wp","href":"https:\/\/api.w.org\/{rel}","templated":true}]}}